{"id":8491,"date":"2019-11-13T22:18:03","date_gmt":"2019-11-13T21:18:03","guid":{"rendered":"http:\/\/www.protoxtype.com\/prodotto\/camicia-cotone-organico-manica-lunga\/"},"modified":"2024-03-01T17:02:43","modified_gmt":"2024-03-01T16:02:43","slug":"damen-hemd-aus-bio-baumwolle-und-hanf-mit-langen-aermeln","status":"publish","type":"product","link":"https:\/\/www.protoxtype.com\/de\/damen-hemd-aus-bio-baumwolle-und-hanf-mit-langen-aermeln\/","title":{"rendered":"Damen hemd aus Bio-Baumwolle und Hanf mit langen \u00c4rmeln"},"content":{"rendered":"<h2>Damen hemd aus Bio-Baumwolle und Hanf mit langen \u00c4rmeln<\/h2>\n<p>Dieses Damen hemd aus Bio-Baumwolle und Hanf mit langen \u00c4rmeln besteht aus mit Hanfstoff gemischter Bio-Baumwolle und wurde ohne chemische Zus\u00e4tze hergestellt und gef\u00e4rbt. Das organisches Gewebe macht das Kleidungsst\u00fcck allergiegetestet und nat\u00fcrlich atmungsaktiv sowie antipilling. Dieses Hemd wurde auf dreidimensionalen Modellen gebaut, um maximalen Komfort und Bewegungsfreiheit zu gew\u00e4hrleisten. Das Design dieses Kleidungsst\u00fccks wurde im Detail untersucht, von das B\u00fcndchen, das das Bedecken der Uhr vermeidet, bis zum Kragen, um die Brille zu verstauen.<\/p>\n<p>&#8212;-<\/p>\n<p>24% Hanfstoff 76%Bio-Baumwolle<\/p>\n","protected":false},"excerpt":{"rendered":"<p>Damen hemd aus Bio-Baumwolle und Hanf mit langen \u00c4rmeln Dieses Damen hemd aus Bio-Baumwolle und Hanf mit langen \u00c4rmeln besteht aus mit Hanfstoff gemischter Bio-Baumwolle und wurde ohne chemische Zus\u00e4tze hergestellt und gef\u00e4rbt. Das organisches Gewebe macht das Kleidungsst\u00fcck allergiegetestet und nat\u00fcrlich atmungsaktiv sowie antipilling. Dieses Hemd wurde auf dreidimensionalen Modellen gebaut, um maximalen Komfort [&hellip;]<\/p>\n","protected":false},"featured_media":2634,"template":"","meta":{"_acf_changed":false},"product_brand":[],"product_cat":[556,219,662],"product_tag":[],"class_list":{"0":"post-8491","1":"product","2":"type-product","3":"status-publish","4":"has-post-thumbnail","6":"product_cat-bio-baumwolle-kleidung-damen","7":"product_cat-damen-hemden-naturfasern","8":"product_cat-outdoor-bekleidung-damen","9":"pa_colore-creme","10":"pa_colore-schwarz","11":"pa_taglia-l-de","12":"pa_taglia-m-de","13":"pa_taglia-s-de","14":"pa_taglia-xl-de","15":"pa_taglia-xs-de","16":"pa_taglia-xxl-de","18":"first","19":"onbackorder","20":"shipping-taxable","21":"purchasable","22":"product-type-variable","23":"has-default-attributes"},"acf":[],"_links":{"self":[{"href":"https:\/\/www.protoxtype.com\/de\/wp-json\/wp\/v2\/product\/8491","targetHints":{"allow":["GET"]}}],"collection":[{"href":"https:\/\/www.protoxtype.com\/de\/wp-json\/wp\/v2\/product"}],"about":[{"href":"https:\/\/www.protoxtype.com\/de\/wp-json\/wp\/v2\/types\/product"}],"version-history":[{"count":0,"href":"https:\/\/www.protoxtype.com\/de\/wp-json\/wp\/v2\/product\/8491\/revisions"}],"wp:featuredmedia":[{"embeddable":true,"href":"https:\/\/www.protoxtype.com\/de\/wp-json\/wp\/v2\/media\/2634"}],"wp:attachment":[{"href":"https:\/\/www.protoxtype.com\/de\/wp-json\/wp\/v2\/media?parent=8491"}],"wp:term":[{"taxonomy":"product_brand","embeddable":true,"href":"https:\/\/www.protoxtype.com\/de\/wp-json\/wp\/v2\/product_brand?post=8491"},{"taxonomy":"product_cat","embeddable":true,"href":"https:\/\/www.protoxtype.com\/de\/wp-json\/wp\/v2\/product_cat?post=8491"},{"taxonomy":"product_tag","embeddable":true,"href":"https:\/\/www.protoxtype.com\/de\/wp-json\/wp\/v2\/product_tag?post=8491"}],"curies":[{"name":"wp","href":"https:\/\/api.w.org\/{rel}","templated":true}]}}