{"id":8459,"date":"2019-11-13T22:18:30","date_gmt":"2019-11-13T21:18:30","guid":{"rendered":"http:\/\/www.protoxtype.com\/prodotto\/camicetta-in-canapa-e-cotone-organico\/"},"modified":"2025-05-23T17:07:28","modified_gmt":"2025-05-23T15:07:28","slug":"bluse-damen-aus-hanfstoff-und-bio-baumwolle","status":"publish","type":"product","link":"https:\/\/www.protoxtype.com\/de\/bluse-damen-aus-hanfstoff-und-bio-baumwolle\/","title":{"rendered":"Bluse Damen aus Hanfstoff und Bio-Baumwolle"},"content":{"rendered":"<h2>Bluse Damen aus Hanfstoff und Bio-Baumwolle<\/h2>\n<p>Diese Bluse Damen besteht aus mit Hanfstoff gemischter Bio-Baumwolle und wurde ohne chemische Zus\u00e4tze hergestellt und gef\u00e4rbt. Das organisches Gewebe macht das Kleidungsst\u00fcck allergiegetestet und nat\u00fcrlich atmungsaktiv sowie antipilling. Diese Bluse wurde auf dreidimensionalen Modellen gebaut, um maximalen Komfort und Bewegungsfreiheit zu gew\u00e4hrleisten. Das Design wurde im Detail entworfen &#8211; bis zum Haken, um die Brille zu verstauen.<\/p>\n<p>Das Model tr\u00e4gt Gr\u00f6\u00dfe L<\/p>\n<p>&#8212;-<\/p>\n<p>24% <a href=\"https:\/\/www.protoxtype.com\/de\/herrenhemden-naturfasern\/herren-hemd-kurzarm-aus-hanfstoff-und-bio-baumwolle\/\">Hanfstoff 76% Bio-Baumwolle<\/a><\/p>\n","protected":false},"excerpt":{"rendered":"<p>Bluse Damen aus Hanfstoff und Bio-Baumwolle Diese Bluse Damen besteht aus mit Hanfstoff gemischter Bio-Baumwolle und wurde ohne chemische Zus\u00e4tze hergestellt und gef\u00e4rbt. Das organisches Gewebe macht das Kleidungsst\u00fcck allergiegetestet und nat\u00fcrlich atmungsaktiv sowie antipilling. Diese Bluse wurde auf dreidimensionalen Modellen gebaut, um maximalen Komfort und Bewegungsfreiheit zu gew\u00e4hrleisten. Das Design wurde im Detail entworfen [&hellip;]<\/p>\n","protected":false},"featured_media":2773,"template":"","meta":{"_acf_changed":false},"product_brand":[],"product_cat":[556,219,662],"product_tag":[],"class_list":{"0":"post-8459","1":"product","2":"type-product","3":"status-publish","4":"has-post-thumbnail","6":"product_cat-bio-baumwolle-kleidung-damen","7":"product_cat-damen-hemden-naturfasern","8":"product_cat-outdoor-bekleidung-damen","9":"pa_colore-blau","10":"pa_colore-creme","11":"pa_colore-schwarz","12":"pa_taglia-l-de","13":"pa_taglia-m-de","14":"pa_taglia-s-de","15":"pa_taglia-xl-de","16":"pa_taglia-xs-de","17":"pa_taglia-xxl-de","19":"first","20":"onbackorder","21":"shipping-taxable","22":"purchasable","23":"product-type-variable","24":"has-default-attributes"},"acf":[],"_links":{"self":[{"href":"https:\/\/www.protoxtype.com\/de\/wp-json\/wp\/v2\/product\/8459","targetHints":{"allow":["GET"]}}],"collection":[{"href":"https:\/\/www.protoxtype.com\/de\/wp-json\/wp\/v2\/product"}],"about":[{"href":"https:\/\/www.protoxtype.com\/de\/wp-json\/wp\/v2\/types\/product"}],"version-history":[{"count":0,"href":"https:\/\/www.protoxtype.com\/de\/wp-json\/wp\/v2\/product\/8459\/revisions"}],"wp:featuredmedia":[{"embeddable":true,"href":"https:\/\/www.protoxtype.com\/de\/wp-json\/wp\/v2\/media\/2773"}],"wp:attachment":[{"href":"https:\/\/www.protoxtype.com\/de\/wp-json\/wp\/v2\/media?parent=8459"}],"wp:term":[{"taxonomy":"product_brand","embeddable":true,"href":"https:\/\/www.protoxtype.com\/de\/wp-json\/wp\/v2\/product_brand?post=8459"},{"taxonomy":"product_cat","embeddable":true,"href":"https:\/\/www.protoxtype.com\/de\/wp-json\/wp\/v2\/product_cat?post=8459"},{"taxonomy":"product_tag","embeddable":true,"href":"https:\/\/www.protoxtype.com\/de\/wp-json\/wp\/v2\/product_tag?post=8459"}],"curies":[{"name":"wp","href":"https:\/\/api.w.org\/{rel}","templated":true}]}}