{"id":8451,"date":"2019-11-13T22:18:42","date_gmt":"2019-11-13T21:18:42","guid":{"rendered":"http:\/\/www.protoxtype.com\/prodotto\/camicetta-in-jeans-scuro\/"},"modified":"2024-03-01T16:55:08","modified_gmt":"2024-03-01T15:55:08","slug":"bluse-damen-aus-dunklem-jeansstoff","status":"publish","type":"product","link":"https:\/\/www.protoxtype.com\/de\/bluse-damen-aus-dunklem-jeansstoff\/","title":{"rendered":"Bluse Damen aus dunklem Jeansstoff"},"content":{"rendered":"<h2>Bluse Damen aus dunklem Jeansstoff<\/h2>\n<p>Diese Bluse Damen aus dunklem Jeansstoff besteht aus sehr leichtem, der ohne chemische Zus\u00e4tze hergestellt gef\u00e4rbt wurde. Das organisches Gewebe macht das Kleidungsst\u00fcck allergiegetestet und nat\u00fcrlich atmungsaktiv sowie antipilling. Diese Bluse wurde auf dreidimensionalen Modellen gebaut, um maximale Bewegungsfreiheit und Komfort zu erm\u00f6glichen. Das Design wurde im Detail entworfen &#8211; bis zum Haken, um die Brille zu verstauen.<\/p>\n<p>Das Model tr\u00e4gt Gr\u00f6\u00dfe L<\/p>\n<p>&#8212;-<\/p>\n<p>97% Bio-Baumwolle 3% Spandex<\/p>\n","protected":false},"excerpt":{"rendered":"<p>Bluse Damen aus dunklem Jeansstoff Diese Bluse Damen aus dunklem Jeansstoff besteht aus sehr leichtem, der ohne chemische Zus\u00e4tze hergestellt gef\u00e4rbt wurde. Das organisches Gewebe macht das Kleidungsst\u00fcck allergiegetestet und nat\u00fcrlich atmungsaktiv sowie antipilling. Diese Bluse wurde auf dreidimensionalen Modellen gebaut, um maximale Bewegungsfreiheit und Komfort zu erm\u00f6glichen. Das Design wurde im Detail entworfen &#8211; [&hellip;]<\/p>\n","protected":false},"featured_media":2801,"template":"","meta":{"_acf_changed":false},"product_brand":[],"product_cat":[556,694,696,219,662],"product_tag":[],"class_list":{"0":"post-8451","1":"product","2":"type-product","3":"status-publish","4":"has-post-thumbnail","6":"product_cat-bio-baumwolle-kleidung-damen","7":"product_cat-bootsbekleidung","8":"product_cat-bootsbekleidung-fur-damen","9":"product_cat-damen-hemden-naturfasern","10":"product_cat-outdoor-bekleidung-damen","11":"pa_colore-dunkler-jeansstoff","12":"pa_taglia-l-de","13":"pa_taglia-m-de","14":"pa_taglia-s-de","15":"pa_taglia-xl-de","16":"pa_taglia-xs-de","17":"pa_taglia-xxl-de","18":"pa_taglia-xxxl-de","20":"first","21":"onbackorder","22":"shipping-taxable","23":"purchasable","24":"product-type-variable","25":"has-default-attributes"},"acf":[],"_links":{"self":[{"href":"https:\/\/www.protoxtype.com\/de\/wp-json\/wp\/v2\/product\/8451","targetHints":{"allow":["GET"]}}],"collection":[{"href":"https:\/\/www.protoxtype.com\/de\/wp-json\/wp\/v2\/product"}],"about":[{"href":"https:\/\/www.protoxtype.com\/de\/wp-json\/wp\/v2\/types\/product"}],"version-history":[{"count":0,"href":"https:\/\/www.protoxtype.com\/de\/wp-json\/wp\/v2\/product\/8451\/revisions"}],"wp:featuredmedia":[{"embeddable":true,"href":"https:\/\/www.protoxtype.com\/de\/wp-json\/wp\/v2\/media\/2801"}],"wp:attachment":[{"href":"https:\/\/www.protoxtype.com\/de\/wp-json\/wp\/v2\/media?parent=8451"}],"wp:term":[{"taxonomy":"product_brand","embeddable":true,"href":"https:\/\/www.protoxtype.com\/de\/wp-json\/wp\/v2\/product_brand?post=8451"},{"taxonomy":"product_cat","embeddable":true,"href":"https:\/\/www.protoxtype.com\/de\/wp-json\/wp\/v2\/product_cat?post=8451"},{"taxonomy":"product_tag","embeddable":true,"href":"https:\/\/www.protoxtype.com\/de\/wp-json\/wp\/v2\/product_tag?post=8451"}],"curies":[{"name":"wp","href":"https:\/\/api.w.org\/{rel}","templated":true}]}}