{"id":8438,"date":"2019-11-13T22:18:45","date_gmt":"2019-11-13T21:18:45","guid":{"rendered":"http:\/\/www.protoxtype.com\/prodotto\/camicia-in-bamboo\/"},"modified":"2024-02-22T17:25:20","modified_gmt":"2024-02-22T16:25:20","slug":"damen-hemd-aus-bambus","status":"publish","type":"product","link":"https:\/\/www.protoxtype.com\/de\/damen-hemd-aus-bambus\/","title":{"rendered":"Damen Hemd aus Bambus"},"content":{"rendered":"<h2>Damen Hemd aus Bambus<\/h2>\n<p>Der Stoff dieses Damen Hemd aus Bambus und bleibt sehr weich auf der Haut, ohne sich beim Waschen zu verf\u00e4rben oder schrumpfen. Das Bambusgewebe eignet sich f\u00fcr alle Klimaarten geeignet, allergiegetestet, atmungsaktiv, antibakteriell und sch\u00fctzt den K\u00f6rper vor UV-Strahlen, wobei es weich auf der Haut bleibt und antipilling. Dieses Gewebe wird Ihren K\u00f6rper 1 bis 2 Grad k\u00fchler als jede andere Art von Stoff halten und wird Feuchtigkeit und Schwei\u00df aber trotzdem keine Ger\u00fcche absorbieren. Die detaillierte Designanalyse ist aus bei der Kragenstruktur, zu sehen, um gegen den Wind zu sch\u00fctzen, sowie bei den \u00c4rmeln von verstellbarer L\u00e4nge und dem B\u00fcndchen, das die Uhr freilegt. Wie alle unsere Kleidungsst\u00fccke wurde dieses Hemd auf dreidimensionalen Modellen gebaut, um ergonomische Leistungen und totale Bewegungsfreiheit zu erm\u00f6glichen.<\/p>\n<p>Das Model tr\u00e4gt Gr\u00f6\u00dfe L<\/p>\n<p>&#8212;-<\/p>\n<p>100% Bambus<\/p>\n","protected":false},"excerpt":{"rendered":"<p>Damen Hemd aus Bambus Der Stoff dieses Damen Hemd aus Bambus und bleibt sehr weich auf der Haut, ohne sich beim Waschen zu verf\u00e4rben oder schrumpfen. Das Bambusgewebe eignet sich f\u00fcr alle Klimaarten geeignet, allergiegetestet, atmungsaktiv, antibakteriell und sch\u00fctzt den K\u00f6rper vor UV-Strahlen, wobei es weich auf der Haut bleibt und antipilling. Dieses Gewebe wird [&hellip;]<\/p>\n","protected":false},"featured_media":2816,"template":"","meta":{"_acf_changed":false},"product_brand":[],"product_cat":[561,694,696,219,662],"product_tag":[],"class_list":{"0":"post-8438","1":"product","2":"type-product","3":"status-publish","4":"has-post-thumbnail","6":"product_cat-bambuskleidung-damen","7":"product_cat-bootsbekleidung","8":"product_cat-bootsbekleidung-fur-damen","9":"product_cat-damen-hemden-naturfasern","10":"product_cat-outdoor-bekleidung-damen","11":"pa_colore-creme","12":"pa_colore-schwarz","13":"pa_taglia-l-de","14":"pa_taglia-m-de","15":"pa_taglia-s-de","16":"pa_taglia-xl-de","17":"pa_taglia-xs-de","18":"pa_taglia-xxl-de","20":"first","21":"onbackorder","22":"shipping-taxable","23":"purchasable","24":"product-type-variable","25":"has-default-attributes"},"acf":[],"_links":{"self":[{"href":"https:\/\/www.protoxtype.com\/de\/wp-json\/wp\/v2\/product\/8438","targetHints":{"allow":["GET"]}}],"collection":[{"href":"https:\/\/www.protoxtype.com\/de\/wp-json\/wp\/v2\/product"}],"about":[{"href":"https:\/\/www.protoxtype.com\/de\/wp-json\/wp\/v2\/types\/product"}],"version-history":[{"count":0,"href":"https:\/\/www.protoxtype.com\/de\/wp-json\/wp\/v2\/product\/8438\/revisions"}],"wp:featuredmedia":[{"embeddable":true,"href":"https:\/\/www.protoxtype.com\/de\/wp-json\/wp\/v2\/media\/2816"}],"wp:attachment":[{"href":"https:\/\/www.protoxtype.com\/de\/wp-json\/wp\/v2\/media?parent=8438"}],"wp:term":[{"taxonomy":"product_brand","embeddable":true,"href":"https:\/\/www.protoxtype.com\/de\/wp-json\/wp\/v2\/product_brand?post=8438"},{"taxonomy":"product_cat","embeddable":true,"href":"https:\/\/www.protoxtype.com\/de\/wp-json\/wp\/v2\/product_cat?post=8438"},{"taxonomy":"product_tag","embeddable":true,"href":"https:\/\/www.protoxtype.com\/de\/wp-json\/wp\/v2\/product_tag?post=8438"}],"curies":[{"name":"wp","href":"https:\/\/api.w.org\/{rel}","templated":true}]}}