{"id":8407,"date":"2019-11-13T22:18:50","date_gmt":"2019-11-13T21:18:50","guid":{"rendered":"http:\/\/www.protoxtype.com\/prodotto\/maglia-in-bamboo-con-scollo-a-barca\/"},"modified":"2024-08-20T13:12:29","modified_gmt":"2024-08-20T11:12:29","slug":"pullover-damen-aus-bambus-mit-u-boot-kragen","status":"publish","type":"product","link":"https:\/\/www.protoxtype.com\/de\/pullover-damen-aus-bambus-mit-u-boot-kragen\/","title":{"rendered":"Pullover Damen aus Bambus mit U-Boot-Kragen"},"content":{"rendered":"<h2><span class=\"HwtZe\" lang=\"de\"><span class=\"jCAhz ChMk0b\"><span class=\"ryNqvb\">Pullover Damen aus Bambus mit U-Boot-Kragen<\/span><\/span><\/span><\/h2>\n<p>Pullover Damen aus Bambus mit U-Boot-Kragen: kleidungen aus Bambus-Faser sind unsere Favoriten und wir hoffen, dass Sie sie auch genie\u00dfen! Dieser weiche Pullover ist ideal unter einer Jacke. Das Bambusgewebe erm\u00f6glicht es, allergiegetestet, atmungsaktiv, antibakteriell zu sein und den K\u00f6rper vor UV-Strahlen zu sch\u00fctzen, wobei es weich auf der Haut und antipilling bleibt. Es wird Ihren K\u00f6rper 1 bis 2 Grad k\u00fchler als jede andere Art von Stoff halten und wird Feuchtigkeit und Schwei\u00df aber trotzdem keine Ger\u00fcche absorbieren. Wie alle unsere Kleidungsst\u00fccke wurde dieses T-Shirt auf dreidimensionalen Modellen gebaut, um ergonomische Leistungen und totale Bewegungsfreiheit zu erm\u00f6glichen.<\/p>\n<p>Das Model tr\u00e4gt Gr\u00f6\u00dfe S<\/p>\n<p>&#8212;-<\/p>\n<p>95% Bambus 5% Spandex<\/p>\n","protected":false},"excerpt":{"rendered":"<p>Pullover Damen aus Bambus mit U-Boot-Kragen Pullover Damen aus Bambus mit U-Boot-Kragen: kleidungen aus Bambus-Faser sind unsere Favoriten und wir hoffen, dass Sie sie auch genie\u00dfen! Dieser weiche Pullover ist ideal unter einer Jacke. Das Bambusgewebe erm\u00f6glicht es, allergiegetestet, atmungsaktiv, antibakteriell zu sein und den K\u00f6rper vor UV-Strahlen zu sch\u00fctzen, wobei es weich auf der [&hellip;]<\/p>\n","protected":false},"featured_media":6204,"template":"","meta":{"_acf_changed":false},"product_brand":[],"product_cat":[561,694,696,668,662],"product_tag":[],"class_list":{"0":"post-8407","1":"product","2":"type-product","3":"status-publish","4":"has-post-thumbnail","6":"product_cat-bambuskleidung-damen","7":"product_cat-bootsbekleidung","8":"product_cat-bootsbekleidung-fur-damen","9":"product_cat-damenpullover-aus-naturfasern","10":"product_cat-outdoor-bekleidung-damen","11":"pa_colore-azurblau","12":"pa_colore-blau-navy","13":"pa_colore-creme","14":"pa_colore-peach","15":"pa_colore-schwarz","16":"pa_taglia-l-de","17":"pa_taglia-m-de","18":"pa_taglia-s-de","19":"pa_taglia-xl-de","20":"pa_taglia-xs-de","21":"pa_taglia-xxl-de","23":"first","24":"onbackorder","25":"shipping-taxable","26":"purchasable","27":"product-type-variable","28":"has-default-attributes"},"acf":[],"_links":{"self":[{"href":"https:\/\/www.protoxtype.com\/de\/wp-json\/wp\/v2\/product\/8407","targetHints":{"allow":["GET"]}}],"collection":[{"href":"https:\/\/www.protoxtype.com\/de\/wp-json\/wp\/v2\/product"}],"about":[{"href":"https:\/\/www.protoxtype.com\/de\/wp-json\/wp\/v2\/types\/product"}],"version-history":[{"count":0,"href":"https:\/\/www.protoxtype.com\/de\/wp-json\/wp\/v2\/product\/8407\/revisions"}],"wp:featuredmedia":[{"embeddable":true,"href":"https:\/\/www.protoxtype.com\/de\/wp-json\/wp\/v2\/media\/6204"}],"wp:attachment":[{"href":"https:\/\/www.protoxtype.com\/de\/wp-json\/wp\/v2\/media?parent=8407"}],"wp:term":[{"taxonomy":"product_brand","embeddable":true,"href":"https:\/\/www.protoxtype.com\/de\/wp-json\/wp\/v2\/product_brand?post=8407"},{"taxonomy":"product_cat","embeddable":true,"href":"https:\/\/www.protoxtype.com\/de\/wp-json\/wp\/v2\/product_cat?post=8407"},{"taxonomy":"product_tag","embeddable":true,"href":"https:\/\/www.protoxtype.com\/de\/wp-json\/wp\/v2\/product_tag?post=8407"}],"curies":[{"name":"wp","href":"https:\/\/api.w.org\/{rel}","templated":true}]}}