{"id":8271,"date":"2019-11-13T22:23:27","date_gmt":"2019-11-13T21:23:27","guid":{"rendered":"http:\/\/www.protoxtype.com\/prodotto\/canotta-in-bamboo-con-bottoni\/"},"modified":"2024-02-28T17:12:15","modified_gmt":"2024-02-28T16:12:15","slug":"achselshirt-damen-aus-bambus-mit-knoepfen","status":"publish","type":"product","link":"https:\/\/www.protoxtype.com\/de\/achselshirt-damen-aus-bambus-mit-knoepfen\/","title":{"rendered":"Achselshirt Damen aus Bambus mit Kn\u00f6pfen"},"content":{"rendered":"<h2>Achselshirt Damen aus Bambus mit Kn\u00f6pfen<\/h2>\n<p>Achselshirt Damen aus Bambus mit Kn\u00f6pfen: kleidungen aus Bambus-Faser sind unsere Favoriten und wir hoffen, dass Sie sie auch genie\u00dfen! Dieses Achselshirt ist sehr weich auf der Haut und antipilling. Das Bambusgewebe erm\u00f6glicht es, allergiegetestet, atmungsaktiv, antibakteriell zu sein und den K\u00f6rper vor UV-Strahlen zu sch\u00fctzen. Es wird Ihren K\u00f6rper 1 bis 2 Grad k\u00fchler als jede andere Art von Stoff halten und wird Feuchtigkeit und Schwei\u00df aber trotzdem keine Ger\u00fcche absorbieren. Wie alle unsere Kleidungsst\u00fccke wurde dieses Achselshirt auf dreidimensionalen Modellen gebaut, um ergonomische Leistungen und totale Bewegungsfreiheit zu erm\u00f6glichen.<\/p>\n<p>Das Model tr\u00e4gt Gr\u00f6\u00dfe S<\/p>\n<p>&#8212;-<\/p>\n<p>95% Bambus 5% Spandex<\/p>\n","protected":false},"excerpt":{"rendered":"<p>Achselshirt Damen aus Bambus mit Kn\u00f6pfen Achselshirt Damen aus Bambus mit Kn\u00f6pfen: kleidungen aus Bambus-Faser sind unsere Favoriten und wir hoffen, dass Sie sie auch genie\u00dfen! Dieses Achselshirt ist sehr weich auf der Haut und antipilling. Das Bambusgewebe erm\u00f6glicht es, allergiegetestet, atmungsaktiv, antibakteriell zu sein und den K\u00f6rper vor UV-Strahlen zu sch\u00fctzen. Es wird Ihren [&hellip;]<\/p>\n","protected":false},"featured_media":6144,"template":"","meta":{"_acf_changed":false},"product_brand":[],"product_cat":[561,694,696,218,662],"product_tag":[353,354,373,363,362,355,360,366],"class_list":{"0":"post-8271","1":"product","2":"type-product","3":"status-publish","4":"has-post-thumbnail","6":"product_cat-bambuskleidung-damen","7":"product_cat-bootsbekleidung","8":"product_cat-bootsbekleidung-fur-damen","9":"product_cat-damenoberteile-naturfasern","10":"product_cat-outdoor-bekleidung-damen","11":"product_tag-allergiegetestet","12":"product_tag-antibakteriell","13":"product_tag-atmungsaktiv","14":"product_tag-feuchtes-klima","15":"product_tag-gemasigtes-wetter","16":"product_tag-geruchlos","17":"product_tag-heises-wetter","18":"product_tag-hypoallergen","19":"pa_colore-azurblau","20":"pa_colore-blau-navy","21":"pa_colore-creme","22":"pa_colore-peach","23":"pa_colore-schwarz","24":"pa_taglia-l-de","25":"pa_taglia-m-de","26":"pa_taglia-s-de","27":"pa_taglia-xl-de","28":"pa_taglia-xs-de","29":"pa_taglia-xxl-de","31":"first","32":"onbackorder","33":"shipping-taxable","34":"purchasable","35":"product-type-variable","36":"has-default-attributes"},"acf":[],"_links":{"self":[{"href":"https:\/\/www.protoxtype.com\/de\/wp-json\/wp\/v2\/product\/8271","targetHints":{"allow":["GET"]}}],"collection":[{"href":"https:\/\/www.protoxtype.com\/de\/wp-json\/wp\/v2\/product"}],"about":[{"href":"https:\/\/www.protoxtype.com\/de\/wp-json\/wp\/v2\/types\/product"}],"version-history":[{"count":0,"href":"https:\/\/www.protoxtype.com\/de\/wp-json\/wp\/v2\/product\/8271\/revisions"}],"wp:featuredmedia":[{"embeddable":true,"href":"https:\/\/www.protoxtype.com\/de\/wp-json\/wp\/v2\/media\/6144"}],"wp:attachment":[{"href":"https:\/\/www.protoxtype.com\/de\/wp-json\/wp\/v2\/media?parent=8271"}],"wp:term":[{"taxonomy":"product_brand","embeddable":true,"href":"https:\/\/www.protoxtype.com\/de\/wp-json\/wp\/v2\/product_brand?post=8271"},{"taxonomy":"product_cat","embeddable":true,"href":"https:\/\/www.protoxtype.com\/de\/wp-json\/wp\/v2\/product_cat?post=8271"},{"taxonomy":"product_tag","embeddable":true,"href":"https:\/\/www.protoxtype.com\/de\/wp-json\/wp\/v2\/product_tag?post=8271"}],"curies":[{"name":"wp","href":"https:\/\/api.w.org\/{rel}","templated":true}]}}