{"id":8200,"date":"2019-11-13T22:26:43","date_gmt":"2019-11-13T21:26:43","guid":{"rendered":"http:\/\/www.protoxtype.com\/prodotto\/maglietta-in-bamboo-con-collettto-alla-coreana\/"},"modified":"2024-02-28T16:59:27","modified_gmt":"2024-02-28T15:59:27","slug":"t-shirt-damen-aus-bambus-mit-koreanischem-kragen","status":"publish","type":"product","link":"https:\/\/www.protoxtype.com\/de\/t-shirt-damen-aus-bambus-mit-koreanischem-kragen\/","title":{"rendered":"T Shirt Damen aus Bambus mit Koreanischem Kragen"},"content":{"rendered":"<h2>T Shirt Damen aus Bambus mit Koreanischem Kragen<\/h2>\n<p>T Shirt Damen aus Bambus mit Koreanischem Kragen: kleidungen aus Bambus-Faser sind unsere Favoriten und wir hoffen, dass Sie sie auch genie\u00dfen! Dieses T-Shirt ist ideal f\u00fcr lange Flugreisen: Sein Koreanischer Kragen sch\u00fctzt Sie vor t\u00fcckischen Klimaanlagen. Das Bambusgewebe erm\u00f6glicht es, allergiegetestet, atmungsaktiv, antibakteriell zu sein und den K\u00f6rper vor UV-Strahlen zu sch\u00fctzen, wobei es weich auf der Haut und antipilling bleibt. Es wird Ihren K\u00f6rper 1 bis 2 Grad k\u00fchler als jede andere Art von Stoff halten und wird Feuchtigkeit und Schwei\u00df aber trotzdem keine Ger\u00fcche absorbieren. Wie alle unsere Kleidungsst\u00fccke wurde dieses T-Shirt auf dreidimensionalen Modellen gebaut, um ergonomische Leistungen und totale Bewegungsfreiheit zu erm\u00f6glichen.<\/p>\n<p>&#8212;-<\/p>\n<p>95% Bambus 5% Spandex<\/p>\n","protected":false},"excerpt":{"rendered":"<p>T Shirt Damen aus Bambus mit Koreanischem Kragen T Shirt Damen aus Bambus mit Koreanischem Kragen: kleidungen aus Bambus-Faser sind unsere Favoriten und wir hoffen, dass Sie sie auch genie\u00dfen! Dieses T-Shirt ist ideal f\u00fcr lange Flugreisen: Sein Koreanischer Kragen sch\u00fctzt Sie vor t\u00fcckischen Klimaanlagen. Das Bambusgewebe erm\u00f6glicht es, allergiegetestet, atmungsaktiv, antibakteriell zu sein und [&hellip;]<\/p>\n","protected":false},"featured_media":61176,"template":"","meta":{"_acf_changed":false},"product_brand":[],"product_cat":[561,694,696,217,662],"product_tag":[],"class_list":{"0":"post-8200","1":"product","2":"type-product","3":"status-publish","4":"has-post-thumbnail","6":"product_cat-bambuskleidung-damen","7":"product_cat-bootsbekleidung","8":"product_cat-bootsbekleidung-fur-damen","9":"product_cat-damen-t-shirt-naturfasern","10":"product_cat-outdoor-bekleidung-damen","11":"pa_colore-creme","12":"pa_colore-schwarz","13":"pa_taglia-l-de","14":"pa_taglia-m-de","15":"pa_taglia-s-de","16":"pa_taglia-xl-de","17":"pa_taglia-xs-de","18":"pa_taglia-xxl-de","19":"pa_taglia-xxxl-de","21":"first","22":"onbackorder","23":"shipping-taxable","24":"purchasable","25":"product-type-variable","26":"has-default-attributes"},"acf":[],"_links":{"self":[{"href":"https:\/\/www.protoxtype.com\/de\/wp-json\/wp\/v2\/product\/8200","targetHints":{"allow":["GET"]}}],"collection":[{"href":"https:\/\/www.protoxtype.com\/de\/wp-json\/wp\/v2\/product"}],"about":[{"href":"https:\/\/www.protoxtype.com\/de\/wp-json\/wp\/v2\/types\/product"}],"version-history":[{"count":0,"href":"https:\/\/www.protoxtype.com\/de\/wp-json\/wp\/v2\/product\/8200\/revisions"}],"wp:featuredmedia":[{"embeddable":true,"href":"https:\/\/www.protoxtype.com\/de\/wp-json\/wp\/v2\/media\/61176"}],"wp:attachment":[{"href":"https:\/\/www.protoxtype.com\/de\/wp-json\/wp\/v2\/media?parent=8200"}],"wp:term":[{"taxonomy":"product_brand","embeddable":true,"href":"https:\/\/www.protoxtype.com\/de\/wp-json\/wp\/v2\/product_brand?post=8200"},{"taxonomy":"product_cat","embeddable":true,"href":"https:\/\/www.protoxtype.com\/de\/wp-json\/wp\/v2\/product_cat?post=8200"},{"taxonomy":"product_tag","embeddable":true,"href":"https:\/\/www.protoxtype.com\/de\/wp-json\/wp\/v2\/product_tag?post=8200"}],"curies":[{"name":"wp","href":"https:\/\/api.w.org\/{rel}","templated":true}]}}