{"id":8141,"date":"2019-11-13T22:32:02","date_gmt":"2019-11-13T21:32:02","guid":{"rendered":"http:\/\/www.protoxtype.com\/prodotto\/giacca-termica-a-collo-alto\/"},"modified":"2024-02-28T16:50:58","modified_gmt":"2024-02-28T15:50:58","slug":"thermojacke-damen-mit-hohem-kragen","status":"publish","type":"product","link":"https:\/\/www.protoxtype.com\/de\/thermojacke-damen-mit-hohem-kragen\/","title":{"rendered":"Thermojacke Damen mit hohem Kragen"},"content":{"rendered":"<h2>Thermojacke Damen mit hohem Kragen<\/h2>\n<p>Diese Thermojacke Damen mit hohem Kragen ist aus Polypropylen, einem Stoff mit vielfaltigen Eigenschaften. Polypropylen ist ein allergiegetestetes, schmutzabweisendes und geruchsneutralisierendes Material. Es ist auch ein schnell trocknendes und temperaturausgleichendes Material, wobei es ein atmungsaktives Kleidungsst\u00fcck bleibt. Die Qualit\u00e4t und Leistungsf\u00e4higkeit von Polypropylen machen diese Jacke ideal f\u00fcr l\u00e4ngere und schwierigere Reisen. Diese Jacke wurde auf dreidimensionalen Modellen gebaut, um ergonomische Leistungen und totale Bewegungsfreiheit zu erm\u00f6glichen.<\/p>\n<p>Das Model tr\u00e4gt Gr\u00f6\u00dfe S<\/p>\n<p>&#8212;-<\/p>\n<p>95% Polypropylen 5% Spandex<\/p>\n","protected":false},"excerpt":{"rendered":"<p>Thermojacke Damen mit hohem Kragen Diese Thermojacke Damen mit hohem Kragen ist aus Polypropylen, einem Stoff mit vielfaltigen Eigenschaften. Polypropylen ist ein allergiegetestetes, schmutzabweisendes und geruchsneutralisierendes Material. Es ist auch ein schnell trocknendes und temperaturausgleichendes Material, wobei es ein atmungsaktives Kleidungsst\u00fcck bleibt. Die Qualit\u00e4t und Leistungsf\u00e4higkeit von Polypropylen machen diese Jacke ideal f\u00fcr l\u00e4ngere und [&hellip;]<\/p>\n","protected":false},"featured_media":6024,"template":"","meta":{"_acf_changed":false},"product_brand":[],"product_cat":[591,694,696,402,210,662],"product_tag":[],"class_list":{"0":"post-8141","1":"product","2":"type-product","3":"status-publish","4":"has-post-thumbnail","6":"product_cat-als-beweis","7":"product_cat-bootsbekleidung","8":"product_cat-bootsbekleidung-fur-damen","9":"product_cat-sweatshirts-damen-technische-stoffe","10":"product_cat-damenbekleidung-technische-stoffe","11":"product_cat-outdoor-bekleidung-damen","12":"pa_colore-schwarz","13":"pa_colore-weiss","14":"pa_taglia-l-de","15":"pa_taglia-m-de","16":"pa_taglia-s-de","17":"pa_taglia-xl-de","18":"pa_taglia-xs-de","19":"pa_taglia-xxl-de","21":"first","22":"onbackorder","23":"shipping-taxable","24":"purchasable","25":"product-type-variable","26":"has-default-attributes"},"acf":[],"_links":{"self":[{"href":"https:\/\/www.protoxtype.com\/de\/wp-json\/wp\/v2\/product\/8141","targetHints":{"allow":["GET"]}}],"collection":[{"href":"https:\/\/www.protoxtype.com\/de\/wp-json\/wp\/v2\/product"}],"about":[{"href":"https:\/\/www.protoxtype.com\/de\/wp-json\/wp\/v2\/types\/product"}],"version-history":[{"count":0,"href":"https:\/\/www.protoxtype.com\/de\/wp-json\/wp\/v2\/product\/8141\/revisions"}],"wp:featuredmedia":[{"embeddable":true,"href":"https:\/\/www.protoxtype.com\/de\/wp-json\/wp\/v2\/media\/6024"}],"wp:attachment":[{"href":"https:\/\/www.protoxtype.com\/de\/wp-json\/wp\/v2\/media?parent=8141"}],"wp:term":[{"taxonomy":"product_brand","embeddable":true,"href":"https:\/\/www.protoxtype.com\/de\/wp-json\/wp\/v2\/product_brand?post=8141"},{"taxonomy":"product_cat","embeddable":true,"href":"https:\/\/www.protoxtype.com\/de\/wp-json\/wp\/v2\/product_cat?post=8141"},{"taxonomy":"product_tag","embeddable":true,"href":"https:\/\/www.protoxtype.com\/de\/wp-json\/wp\/v2\/product_tag?post=8141"}],"curies":[{"name":"wp","href":"https:\/\/api.w.org\/{rel}","templated":true}]}}