{"id":8128,"date":"2019-11-13T22:32:33","date_gmt":"2019-11-13T21:32:33","guid":{"rendered":"http:\/\/www.protoxtype.com\/prodotto\/smanicato-in-piuma\/"},"modified":"2024-02-27T15:12:34","modified_gmt":"2024-02-27T14:12:34","slug":"aermellose-damen-daunenjacke","status":"publish","type":"product","link":"https:\/\/www.protoxtype.com\/de\/aermellose-damen-daunenjacke\/","title":{"rendered":"\u00c4rmellose Damen Daunenjacke"},"content":{"rendered":"<h2>\u00c4rmellose Damen Daunenjacke<\/h2>\n<p>\u00c4rmellose Damen Daunenjacke: Die Polsterung mit Daunenfeder 90\/10 einer der w\u00e4rmsten auf dem Markt und die Hydrophobierung dieser \u00e4rmellosen Daunenjacke machen es perfekt f\u00fcr Halbjahreszeiten (oder nicht zu harte Klimazonen). Dieses Kleidungsst\u00fcck wurde auf dreidimensionalen Modellen gebaut, um v\u00f6llige Bewegungsfreiheit zu gew\u00e4hrleisten.<\/p>\n<p>Das Model tr\u00e4gt Gr\u00f6\u00dfe S<\/p>\n<p>&#8212;-<\/p>\n<p>100% Nylon Daunenfeder 90\/10<\/p>\n","protected":false},"excerpt":{"rendered":"<p>\u00c4rmellose Damen Daunenjacke \u00c4rmellose Damen Daunenjacke: Die Polsterung mit Daunenfeder 90\/10 einer der w\u00e4rmsten auf dem Markt und die Hydrophobierung dieser \u00e4rmellosen Daunenjacke machen es perfekt f\u00fcr Halbjahreszeiten (oder nicht zu harte Klimazonen). Dieses Kleidungsst\u00fcck wurde auf dreidimensionalen Modellen gebaut, um v\u00f6llige Bewegungsfreiheit zu gew\u00e4hrleisten. Das Model tr\u00e4gt Gr\u00f6\u00dfe S &#8212;- 100% Nylon Daunenfeder 90\/10<\/p>\n","protected":false},"featured_media":59007,"template":"","meta":{"_acf_changed":false},"product_brand":[],"product_cat":[216,210,677,662],"product_tag":[],"class_list":{"0":"post-8128","1":"product","2":"type-product","3":"status-publish","4":"has-post-thumbnail","6":"product_cat-jacken-damen","7":"product_cat-damenbekleidung-technische-stoffe","8":"product_cat-damenjacken-aus-technischen-stoffen","9":"product_cat-outdoor-bekleidung-damen","10":"pa_colore-schwarz","11":"pa_colore-weiss","12":"pa_taglia-l-de","13":"pa_taglia-m-de","14":"pa_taglia-s-de","15":"pa_taglia-xl-de","16":"pa_taglia-xs-de","17":"pa_taglia-xxl-de","19":"first","20":"onbackorder","21":"shipping-taxable","22":"purchasable","23":"product-type-variable","24":"has-default-attributes"},"acf":[],"_links":{"self":[{"href":"https:\/\/www.protoxtype.com\/de\/wp-json\/wp\/v2\/product\/8128","targetHints":{"allow":["GET"]}}],"collection":[{"href":"https:\/\/www.protoxtype.com\/de\/wp-json\/wp\/v2\/product"}],"about":[{"href":"https:\/\/www.protoxtype.com\/de\/wp-json\/wp\/v2\/types\/product"}],"version-history":[{"count":0,"href":"https:\/\/www.protoxtype.com\/de\/wp-json\/wp\/v2\/product\/8128\/revisions"}],"wp:featuredmedia":[{"embeddable":true,"href":"https:\/\/www.protoxtype.com\/de\/wp-json\/wp\/v2\/media\/59007"}],"wp:attachment":[{"href":"https:\/\/www.protoxtype.com\/de\/wp-json\/wp\/v2\/media?parent=8128"}],"wp:term":[{"taxonomy":"product_brand","embeddable":true,"href":"https:\/\/www.protoxtype.com\/de\/wp-json\/wp\/v2\/product_brand?post=8128"},{"taxonomy":"product_cat","embeddable":true,"href":"https:\/\/www.protoxtype.com\/de\/wp-json\/wp\/v2\/product_cat?post=8128"},{"taxonomy":"product_tag","embeddable":true,"href":"https:\/\/www.protoxtype.com\/de\/wp-json\/wp\/v2\/product_tag?post=8128"}],"curies":[{"name":"wp","href":"https:\/\/api.w.org\/{rel}","templated":true}]}}