{"id":8121,"date":"2019-11-13T22:32:42","date_gmt":"2019-11-13T21:32:42","guid":{"rendered":"http:\/\/www.protoxtype.com\/prodotto\/impermeabile-in-seta\/"},"modified":"2024-02-27T15:09:01","modified_gmt":"2024-02-27T14:09:01","slug":"regenmantel-damen-aus-seide","status":"publish","type":"product","link":"https:\/\/www.protoxtype.com\/de\/regenmantel-damen-aus-seide\/","title":{"rendered":"Regenmantel Damen aus Seide"},"content":{"rendered":"<h2>Regenmantel Damen aus Seide<\/h2>\n<p>Dieser Regenmantel Damen aus Seide mit Kapuze schenkt Ihnen auch an den feuchtesten Tagen einen eleganten Look. Beschichtete Seide ist nicht nur sehr leicht, sondern auch wasserdicht, winddicht und atmungsaktiv. Wenn sie \u00fcber einer Protoxtype-Federjacke getragen wird, kann sie K\u00e4lte und Wasser bis zu -20 Grad Celsius standhalten. Die scharfe Designanalyse beim Kleidungsst\u00fcck sorgt f\u00fcr hohe Anpassungsf\u00e4higkeit und Praktikabilit\u00e4t, die sich vom verstellbaren winddichten Kragen, den 2 wasserdichten Au\u00dfentaschen, den 4 gro\u00dfen Innentaschen bis hin zum Hohlraum f\u00fcr die Ohrh\u00f6rer erstreckt. Dar\u00fcber hinaus wurde dieses Kleidungsst\u00fcck auf dreidimensionalen Modellen gebaut, um Ihnen maximale Bewegungsfreiheit zu erm\u00f6glichen.<\/p>\n<p>Das Model tr\u00e4gt Gr\u00f6\u00dfe L<\/p>\n<p>&#8212;-<\/p>\n<p>100% Seide<\/p>\n","protected":false},"excerpt":{"rendered":"<p>Regenmantel Damen aus Seide Dieser Regenmantel Damen aus Seide mit Kapuze schenkt Ihnen auch an den feuchtesten Tagen einen eleganten Look. Beschichtete Seide ist nicht nur sehr leicht, sondern auch wasserdicht, winddicht und atmungsaktiv. Wenn sie \u00fcber einer Protoxtype-Federjacke getragen wird, kann sie K\u00e4lte und Wasser bis zu -20 Grad Celsius standhalten. Die scharfe Designanalyse [&hellip;]<\/p>\n","protected":false},"featured_media":3936,"template":"","meta":{"_acf_changed":false},"product_brand":[],"product_cat":[216,664,665,662,573],"product_tag":[],"class_list":{"0":"post-8121","1":"product","2":"type-product","3":"status-publish","4":"has-post-thumbnail","6":"product_cat-jacken-damen","7":"product_cat-damenbekleidung-aus-naturfasern","8":"product_cat-damenjacken-aus-naturfasern","9":"product_cat-outdoor-bekleidung-damen","10":"product_cat-seidenkleidung-frau","11":"pa_colore-schwarz","12":"pa_taglia-l-de","13":"pa_taglia-m-de","14":"pa_taglia-s-de","15":"pa_taglia-xl-de","16":"pa_taglia-xs-de","17":"pa_taglia-xxl-de","19":"first","20":"onbackorder","21":"shipping-taxable","22":"purchasable","23":"product-type-variable","24":"has-default-attributes"},"acf":[],"_links":{"self":[{"href":"https:\/\/www.protoxtype.com\/de\/wp-json\/wp\/v2\/product\/8121","targetHints":{"allow":["GET"]}}],"collection":[{"href":"https:\/\/www.protoxtype.com\/de\/wp-json\/wp\/v2\/product"}],"about":[{"href":"https:\/\/www.protoxtype.com\/de\/wp-json\/wp\/v2\/types\/product"}],"version-history":[{"count":0,"href":"https:\/\/www.protoxtype.com\/de\/wp-json\/wp\/v2\/product\/8121\/revisions"}],"wp:featuredmedia":[{"embeddable":true,"href":"https:\/\/www.protoxtype.com\/de\/wp-json\/wp\/v2\/media\/3936"}],"wp:attachment":[{"href":"https:\/\/www.protoxtype.com\/de\/wp-json\/wp\/v2\/media?parent=8121"}],"wp:term":[{"taxonomy":"product_brand","embeddable":true,"href":"https:\/\/www.protoxtype.com\/de\/wp-json\/wp\/v2\/product_brand?post=8121"},{"taxonomy":"product_cat","embeddable":true,"href":"https:\/\/www.protoxtype.com\/de\/wp-json\/wp\/v2\/product_cat?post=8121"},{"taxonomy":"product_tag","embeddable":true,"href":"https:\/\/www.protoxtype.com\/de\/wp-json\/wp\/v2\/product_tag?post=8121"}],"curies":[{"name":"wp","href":"https:\/\/api.w.org\/{rel}","templated":true}]}}