{"id":8070,"date":"2019-11-13T22:32:59","date_gmt":"2019-11-13T21:32:59","guid":{"rendered":"http:\/\/www.protoxtype.com\/prodotto\/piumino-con-cappuccio\/"},"modified":"2024-02-27T15:02:20","modified_gmt":"2024-02-27T14:02:20","slug":"daunenjacke-damen-mit-kapuze","status":"publish","type":"product","link":"https:\/\/www.protoxtype.com\/de\/daunenjacke-damen-mit-kapuze\/","title":{"rendered":"Daunenjacke Damen mit Kapuze"},"content":{"rendered":"<h2>Daunenjacke Damen mit Kapuze<\/h2>\n<p>Diese elegante Daunenjacke Damen mit Kapuze mit breiter und warmer Kapuze sch\u00fctzt Sie bei keinem Wind vor K\u00e4lte bis -5\u00b0 C, obwohl sie sehr leicht ist. Die Polsterung mit Daunenfeder 90\/10, einer der w\u00e4rmsten und besten auf dem Markt, gew\u00e4hrleistet zus\u00e4tzlichen Schutz vor K\u00e4lte. Das Obergewebe ist wasserabweisend und atmungsaktiv und beim Tragen unter einer winddichten ProtoXtype-Jacke sch\u00fctzt es bis zu -30 Grad auch bei starkem Wind. Dieses Kleidungsst\u00fcck wurde auf dreidimensionalen Modellen gebaut, um Ihnen v\u00f6llige Bewegungsfreiheit zu erm\u00f6glichen.<\/p>\n<p>Das Model tr\u00e4gt Gr\u00f6\u00dfe L<\/p>\n<p>&#8212;-<\/p>\n<p>100% Nylon Daunenfeder 90\/10<\/p>\n","protected":false},"excerpt":{"rendered":"<p>Daunenjacke Damen mit Kapuze Diese elegante Daunenjacke Damen mit Kapuze mit breiter und warmer Kapuze sch\u00fctzt Sie bei keinem Wind vor K\u00e4lte bis -5\u00b0 C, obwohl sie sehr leicht ist. Die Polsterung mit Daunenfeder 90\/10, einer der w\u00e4rmsten und besten auf dem Markt, gew\u00e4hrleistet zus\u00e4tzlichen Schutz vor K\u00e4lte. Das Obergewebe ist wasserabweisend und atmungsaktiv und [&hellip;]<\/p>\n","protected":false},"featured_media":5266,"template":"","meta":{"_acf_changed":false},"product_brand":[],"product_cat":[591,694,696,216,210,677,662,531],"product_tag":[],"class_list":{"0":"post-8070","1":"product","2":"type-product","3":"status-publish","4":"has-post-thumbnail","6":"product_cat-als-beweis","7":"product_cat-bootsbekleidung","8":"product_cat-bootsbekleidung-fur-damen","9":"product_cat-jacken-damen","10":"product_cat-damenbekleidung-technische-stoffe","11":"product_cat-damenjacken-aus-technischen-stoffen","12":"product_cat-outdoor-bekleidung-damen","13":"product_cat-werbeaktionen","14":"pa_colore-blau","15":"pa_colore-sand-de","16":"pa_colore-schwarz","17":"pa_taglia-l-de","18":"pa_taglia-m-de","19":"pa_taglia-s-de","20":"pa_taglia-xl-de","21":"pa_taglia-xs-de","22":"pa_taglia-xxl-de","24":"first","25":"onbackorder","26":"sale","27":"shipping-taxable","28":"purchasable","29":"product-type-variable","30":"has-default-attributes"},"acf":[],"_links":{"self":[{"href":"https:\/\/www.protoxtype.com\/de\/wp-json\/wp\/v2\/product\/8070","targetHints":{"allow":["GET"]}}],"collection":[{"href":"https:\/\/www.protoxtype.com\/de\/wp-json\/wp\/v2\/product"}],"about":[{"href":"https:\/\/www.protoxtype.com\/de\/wp-json\/wp\/v2\/types\/product"}],"version-history":[{"count":0,"href":"https:\/\/www.protoxtype.com\/de\/wp-json\/wp\/v2\/product\/8070\/revisions"}],"wp:featuredmedia":[{"embeddable":true,"href":"https:\/\/www.protoxtype.com\/de\/wp-json\/wp\/v2\/media\/5266"}],"wp:attachment":[{"href":"https:\/\/www.protoxtype.com\/de\/wp-json\/wp\/v2\/media?parent=8070"}],"wp:term":[{"taxonomy":"product_brand","embeddable":true,"href":"https:\/\/www.protoxtype.com\/de\/wp-json\/wp\/v2\/product_brand?post=8070"},{"taxonomy":"product_cat","embeddable":true,"href":"https:\/\/www.protoxtype.com\/de\/wp-json\/wp\/v2\/product_cat?post=8070"},{"taxonomy":"product_tag","embeddable":true,"href":"https:\/\/www.protoxtype.com\/de\/wp-json\/wp\/v2\/product_tag?post=8070"}],"curies":[{"name":"wp","href":"https:\/\/api.w.org\/{rel}","templated":true}]}}