{"id":8057,"date":"2019-11-13T22:34:51","date_gmt":"2019-11-13T21:34:51","guid":{"rendered":"http:\/\/www.protoxtype.com\/prodotto\/piumino-termosaldato\/"},"modified":"2024-02-27T15:00:26","modified_gmt":"2024-02-27T14:00:26","slug":"daunenjacke-damen-waermegeschweisste","status":"publish","type":"product","link":"https:\/\/www.protoxtype.com\/de\/daunenjacke-damen-waermegeschweisste\/","title":{"rendered":"Daunenjacke Damen W\u00e4rmegeschwei\u00dfte"},"content":{"rendered":"<h2>Daunenjacke Damen W\u00e4rmegeschwei\u00dfte<\/h2>\n<p>Diese Daunenjacke Damen W\u00e4rmegeschwei\u00dfte sch\u00fctzt mit ihrer 90\/10 Feder den ganzen Winter \u00fcber vor K\u00e4lte. Das thermische Schwei\u00dfen der Federlager verhindert, dass die Feder entweicht und sorgt f\u00fcr eine vollst\u00e4ndige Isolierung vor der K\u00e4lte. Die hohe Leistung dieses Kleidungsst\u00fccks wird durch die Anti-Wasser-Rei\u00dfverschl\u00fcsse, die mit Bonded-Technologie aufgetragen werden, weiter verbessert. Diese wasserabweisende Daunenjacke ist auf dreidimensionalen Modellen f\u00fcr maximalen Komfort und Bewegungsfreiheit gebaut.<\/p>\n<p>Das Model tr\u00e4gt Gr\u00f6\u00dfe M<\/p>\n<p>&#8212;-<\/p>\n<p>100% Nylon Daunenfeder 90\/10<\/p>\n","protected":false},"excerpt":{"rendered":"<p>Daunenjacke Damen W\u00e4rmegeschwei\u00dfte Diese Daunenjacke Damen W\u00e4rmegeschwei\u00dfte sch\u00fctzt mit ihrer 90\/10 Feder den ganzen Winter \u00fcber vor K\u00e4lte. Das thermische Schwei\u00dfen der Federlager verhindert, dass die Feder entweicht und sorgt f\u00fcr eine vollst\u00e4ndige Isolierung vor der K\u00e4lte. Die hohe Leistung dieses Kleidungsst\u00fccks wird durch die Anti-Wasser-Rei\u00dfverschl\u00fcsse, die mit Bonded-Technologie aufgetragen werden, weiter verbessert. Diese wasserabweisende [&hellip;]<\/p>\n","protected":false},"featured_media":4105,"template":"","meta":{"_acf_changed":false},"product_brand":[],"product_cat":[591,694,696,216,210,677,662],"product_tag":[],"class_list":{"0":"post-8057","1":"product","2":"type-product","3":"status-publish","4":"has-post-thumbnail","6":"product_cat-als-beweis","7":"product_cat-bootsbekleidung","8":"product_cat-bootsbekleidung-fur-damen","9":"product_cat-jacken-damen","10":"product_cat-damenbekleidung-technische-stoffe","11":"product_cat-damenjacken-aus-technischen-stoffen","12":"product_cat-outdoor-bekleidung-damen","13":"pa_colore-schwarz","14":"pa_colore-silber","15":"pa_taglia-l-de","16":"pa_taglia-m-de","17":"pa_taglia-s-de","18":"pa_taglia-xl-de","19":"pa_taglia-xs-de","20":"pa_taglia-xxl-de","22":"first","23":"onbackorder","24":"shipping-taxable","25":"purchasable","26":"product-type-variable","27":"has-default-attributes"},"acf":[],"_links":{"self":[{"href":"https:\/\/www.protoxtype.com\/de\/wp-json\/wp\/v2\/product\/8057","targetHints":{"allow":["GET"]}}],"collection":[{"href":"https:\/\/www.protoxtype.com\/de\/wp-json\/wp\/v2\/product"}],"about":[{"href":"https:\/\/www.protoxtype.com\/de\/wp-json\/wp\/v2\/types\/product"}],"version-history":[{"count":0,"href":"https:\/\/www.protoxtype.com\/de\/wp-json\/wp\/v2\/product\/8057\/revisions"}],"wp:featuredmedia":[{"embeddable":true,"href":"https:\/\/www.protoxtype.com\/de\/wp-json\/wp\/v2\/media\/4105"}],"wp:attachment":[{"href":"https:\/\/www.protoxtype.com\/de\/wp-json\/wp\/v2\/media?parent=8057"}],"wp:term":[{"taxonomy":"product_brand","embeddable":true,"href":"https:\/\/www.protoxtype.com\/de\/wp-json\/wp\/v2\/product_brand?post=8057"},{"taxonomy":"product_cat","embeddable":true,"href":"https:\/\/www.protoxtype.com\/de\/wp-json\/wp\/v2\/product_cat?post=8057"},{"taxonomy":"product_tag","embeddable":true,"href":"https:\/\/www.protoxtype.com\/de\/wp-json\/wp\/v2\/product_tag?post=8057"}],"curies":[{"name":"wp","href":"https:\/\/api.w.org\/{rel}","templated":true}]}}