{"id":8038,"date":"2019-11-13T22:34:57","date_gmt":"2019-11-13T21:34:57","guid":{"rendered":"http:\/\/www.protoxtype.com\/prodotto\/piumino-lungo\/"},"modified":"2024-10-07T18:10:46","modified_gmt":"2024-10-07T16:10:46","slug":"daunenjacke-damen-lang","status":"publish","type":"product","link":"https:\/\/www.protoxtype.com\/de\/daunenjacke-damen-lang\/","title":{"rendered":"Daunenjacke Damen Lang"},"content":{"rendered":"<h2>Daunenjacke Damen Lang<\/h2>\n<p>Diese elegante Daunenjacke Damen Lang sch\u00fctzt Sie bei keinem Wind vor K\u00e4lte bis -5\u00b0 C, obwohl sie sehr leicht ist. Die Polsterung mit Daunenfeder 90\/10, einer der w\u00e4rmsten und besten auf dem Markt, gew\u00e4hrleistet zus\u00e4tzlichen Schutz vor K\u00e4lte. Das Obergewebe ist wasserabweisend und atmungsaktiv und gew\u00e4hrleistet hervorragende Leistungen. Dieses Kleidungsst\u00fcck wurde auf dreidimensionalen Modellen gebaut, um Ihnen absolute Bewegungsfreiheit und Komfort zu erm\u00f6glichen.<\/p>\n<p>Das Model tr\u00e4gt Gr\u00f6\u00dfe L<\/p>\n<p>&#8212;-<\/p>\n<p>100% Nylon Daunenfeder 90\/10<\/p>\n","protected":false},"excerpt":{"rendered":"<p>Daunenjacke Damen Lang Diese elegante Daunenjacke Damen Lang sch\u00fctzt Sie bei keinem Wind vor K\u00e4lte bis -5\u00b0 C, obwohl sie sehr leicht ist. Die Polsterung mit Daunenfeder 90\/10, einer der w\u00e4rmsten und besten auf dem Markt, gew\u00e4hrleistet zus\u00e4tzlichen Schutz vor K\u00e4lte. Das Obergewebe ist wasserabweisend und atmungsaktiv und gew\u00e4hrleistet hervorragende Leistungen. Dieses Kleidungsst\u00fcck wurde auf [&hellip;]<\/p>\n","protected":false},"featured_media":4200,"template":"","meta":{"_acf_changed":false},"product_brand":[],"product_cat":[216,210,677,662,531],"product_tag":[],"class_list":{"0":"post-8038","1":"product","2":"type-product","3":"status-publish","4":"has-post-thumbnail","6":"product_cat-jacken-damen","7":"product_cat-damenbekleidung-technische-stoffe","8":"product_cat-damenjacken-aus-technischen-stoffen","9":"product_cat-outdoor-bekleidung-damen","10":"product_cat-werbeaktionen","11":"pa_colore-lehm","12":"pa_colore-sand-de","13":"pa_colore-schwarz","14":"pa_taglia-l-de","15":"pa_taglia-m-de","16":"pa_taglia-s-de","17":"pa_taglia-xl-de","18":"pa_taglia-xs-de","19":"pa_taglia-xxl-de","21":"first","22":"onbackorder","23":"sale","24":"shipping-taxable","25":"purchasable","26":"product-type-variable","27":"has-default-attributes"},"acf":[],"_links":{"self":[{"href":"https:\/\/www.protoxtype.com\/de\/wp-json\/wp\/v2\/product\/8038","targetHints":{"allow":["GET"]}}],"collection":[{"href":"https:\/\/www.protoxtype.com\/de\/wp-json\/wp\/v2\/product"}],"about":[{"href":"https:\/\/www.protoxtype.com\/de\/wp-json\/wp\/v2\/types\/product"}],"version-history":[{"count":0,"href":"https:\/\/www.protoxtype.com\/de\/wp-json\/wp\/v2\/product\/8038\/revisions"}],"wp:featuredmedia":[{"embeddable":true,"href":"https:\/\/www.protoxtype.com\/de\/wp-json\/wp\/v2\/media\/4200"}],"wp:attachment":[{"href":"https:\/\/www.protoxtype.com\/de\/wp-json\/wp\/v2\/media?parent=8038"}],"wp:term":[{"taxonomy":"product_brand","embeddable":true,"href":"https:\/\/www.protoxtype.com\/de\/wp-json\/wp\/v2\/product_brand?post=8038"},{"taxonomy":"product_cat","embeddable":true,"href":"https:\/\/www.protoxtype.com\/de\/wp-json\/wp\/v2\/product_cat?post=8038"},{"taxonomy":"product_tag","embeddable":true,"href":"https:\/\/www.protoxtype.com\/de\/wp-json\/wp\/v2\/product_tag?post=8038"}],"curies":[{"name":"wp","href":"https:\/\/api.w.org\/{rel}","templated":true}]}}