{"id":8025,"date":"2019-11-13T22:40:58","date_gmt":"2019-11-13T21:40:58","guid":{"rendered":"http:\/\/www.protoxtype.com\/prodotto\/giacca-in-seta-imbottita\/"},"modified":"2024-02-27T14:57:45","modified_gmt":"2024-02-27T13:57:45","slug":"gepolsterte-seidenjacke-damen","status":"publish","type":"product","link":"https:\/\/www.protoxtype.com\/de\/gepolsterte-seidenjacke-damen\/","title":{"rendered":"Gepolsterte Seidenjacke Damen"},"content":{"rendered":"<h2>Gepolsterte Seidenjacke Damen<\/h2>\n<p>Diese Gepolsterte Seidenjacke Damen aus beschichteter Seide wird Sie auch bei den k\u00e4ltesten Temperaturen warm halten. Die f\u00fcr Polsterung verwendete Daunenfeder ist 90\/10, unter den w\u00e4rmsten auf dem Markt. Das Seidenbeschichtung macht diese Jacke wasserdicht und winddicht, w\u00e4hrend sie atmungsaktiv bleibt. Die exquisite Designanalyse reicht von der breiten und abnehmbaren Kapuze \u00fcber den winddichten und verstellbaren Kragen bis hin zu den verstellbaren B\u00fcndchen. Diese Jacke wurde auf einem dreidimensionalen Modell gebaut, um maximale Bewegungsfreiheit bei Ihren Outdoor-Abenteuern zu gew\u00e4hrleisten!<\/p>\n<p>Das Model tr\u00e4gt Gr\u00f6\u00dfe S<\/p>\n<p>&#8212;-<\/p>\n<p>100% Seide Daunenfeder 90\/10<\/p>\n","protected":false},"excerpt":{"rendered":"<p>Gepolsterte Seidenjacke Damen Diese Gepolsterte Seidenjacke Damen aus beschichteter Seide wird Sie auch bei den k\u00e4ltesten Temperaturen warm halten. Die f\u00fcr Polsterung verwendete Daunenfeder ist 90\/10, unter den w\u00e4rmsten auf dem Markt. Das Seidenbeschichtung macht diese Jacke wasserdicht und winddicht, w\u00e4hrend sie atmungsaktiv bleibt. Die exquisite Designanalyse reicht von der breiten und abnehmbaren Kapuze \u00fcber [&hellip;]<\/p>\n","protected":false},"featured_media":5299,"template":"","meta":{"_acf_changed":false},"product_brand":[],"product_cat":[591,592,216,664,665,662,573],"product_tag":[],"class_list":{"0":"post-8025","1":"product","2":"type-product","3":"status-publish","4":"has-post-thumbnail","6":"product_cat-als-beweis","7":"product_cat-ankundigungen","8":"product_cat-jacken-damen","9":"product_cat-damenbekleidung-aus-naturfasern","10":"product_cat-damenjacken-aus-naturfasern","11":"product_cat-outdoor-bekleidung-damen","12":"product_cat-seidenkleidung-frau","13":"pa_colore-sand-de","14":"pa_colore-schwarz","15":"pa_taglia-l-de","16":"pa_taglia-m-de","17":"pa_taglia-s-de","18":"pa_taglia-xl-de","19":"pa_taglia-xs-de","20":"pa_taglia-xxl-de","22":"first","23":"onbackorder","24":"shipping-taxable","25":"purchasable","26":"product-type-variable","27":"has-default-attributes"},"acf":[],"_links":{"self":[{"href":"https:\/\/www.protoxtype.com\/de\/wp-json\/wp\/v2\/product\/8025","targetHints":{"allow":["GET"]}}],"collection":[{"href":"https:\/\/www.protoxtype.com\/de\/wp-json\/wp\/v2\/product"}],"about":[{"href":"https:\/\/www.protoxtype.com\/de\/wp-json\/wp\/v2\/types\/product"}],"version-history":[{"count":0,"href":"https:\/\/www.protoxtype.com\/de\/wp-json\/wp\/v2\/product\/8025\/revisions"}],"wp:featuredmedia":[{"embeddable":true,"href":"https:\/\/www.protoxtype.com\/de\/wp-json\/wp\/v2\/media\/5299"}],"wp:attachment":[{"href":"https:\/\/www.protoxtype.com\/de\/wp-json\/wp\/v2\/media?parent=8025"}],"wp:term":[{"taxonomy":"product_brand","embeddable":true,"href":"https:\/\/www.protoxtype.com\/de\/wp-json\/wp\/v2\/product_brand?post=8025"},{"taxonomy":"product_cat","embeddable":true,"href":"https:\/\/www.protoxtype.com\/de\/wp-json\/wp\/v2\/product_cat?post=8025"},{"taxonomy":"product_tag","embeddable":true,"href":"https:\/\/www.protoxtype.com\/de\/wp-json\/wp\/v2\/product_tag?post=8025"}],"curies":[{"name":"wp","href":"https:\/\/api.w.org\/{rel}","templated":true}]}}