{"id":8012,"date":"2019-11-13T22:42:53","date_gmt":"2019-11-13T21:42:53","guid":{"rendered":"http:\/\/www.protoxtype.com\/prodotto\/trench-in-seta-con-cappuccio\/"},"modified":"2024-01-10T13:42:42","modified_gmt":"2024-01-10T12:42:42","slug":"trenchcoat-damen-aus-seide-mit-kapuze","status":"publish","type":"product","link":"https:\/\/www.protoxtype.com\/de\/trenchcoat-damen-aus-seide-mit-kapuze\/","title":{"rendered":"Trenchcoat Damen aus Seide mit Kapuze"},"content":{"rendered":"<h2>Trenchcoat Damen aus Seide mit Kapuze<\/h2>\n<p>Dieser Trenchcoat Damen aus beschichteter Seide mit Kapuze schenkt Ihnen auch an den feuchtesten Tagen einen eleganten Look. Beschichtete Seide ist nicht nur sehr leicht, sondern auch wasserdicht, winddicht und atmungsaktiv. Wenn sie \u00fcber einer Protoxtype-Federjacke getragen wird, kann sie K\u00e4lte und Wasser bis zu -20 Grad Celsius standhalten. <a href=\"https:\/\/www.protoxtype.com\/de\/die-aermellose-daunenjacke-ein-unverzichtbares-kleidungsstueck\/\">Die detaillierte Designanalyse beim Kleidungsst\u00fcck<\/a> sorgt f\u00fcr hohe Anpassungsf\u00e4higkeit und Praktikabilit\u00e4t, die sich von der breiten und abnehmbaren Kapuze, dem verstellbaren winddichten Kragen, den 2 externen Anti-Wasser-Taschen, den 4 gro\u00dfen Innentaschen bis zum Loch f\u00fcr die H\u00f6rmuschel erstreckt. Dar\u00fcber hinaus garantiert die Konstruktion des Kleidungsst\u00fccks auf dreidimensionalen Modellen maximale Bewegungsfreiheit.<\/p>\n<p>Das Model tr\u00e4gt Gr\u00f6\u00dfe M<\/p>\n<p>&#8212;-<\/p>\n<p>100% Seide<\/p>\n","protected":false},"excerpt":{"rendered":"<p>Trenchcoat Damen aus Seide mit Kapuze Dieser Trenchcoat Damen aus beschichteter Seide mit Kapuze schenkt Ihnen auch an den feuchtesten Tagen einen eleganten Look. Beschichtete Seide ist nicht nur sehr leicht, sondern auch wasserdicht, winddicht und atmungsaktiv. Wenn sie \u00fcber einer Protoxtype-Federjacke getragen wird, kann sie K\u00e4lte und Wasser bis zu -20 Grad Celsius standhalten. [&hellip;]<\/p>\n","protected":false},"featured_media":4259,"template":"","meta":{"_acf_changed":false},"product_brand":[],"product_cat":[216,664,665,662,573],"product_tag":[],"class_list":{"0":"post-8012","1":"product","2":"type-product","3":"status-publish","4":"has-post-thumbnail","6":"product_cat-jacken-damen","7":"product_cat-damenbekleidung-aus-naturfasern","8":"product_cat-damenjacken-aus-naturfasern","9":"product_cat-outdoor-bekleidung-damen","10":"product_cat-seidenkleidung-frau","11":"pa_colore-sand-de","12":"pa_colore-schwarz","13":"pa_taglia-l-de","14":"pa_taglia-m-de","15":"pa_taglia-s-de","16":"pa_taglia-xl-de","17":"pa_taglia-xs-de","18":"pa_taglia-xxl-de","20":"first","21":"onbackorder","22":"shipping-taxable","23":"purchasable","24":"product-type-variable","25":"has-default-attributes"},"acf":[],"_links":{"self":[{"href":"https:\/\/www.protoxtype.com\/de\/wp-json\/wp\/v2\/product\/8012","targetHints":{"allow":["GET"]}}],"collection":[{"href":"https:\/\/www.protoxtype.com\/de\/wp-json\/wp\/v2\/product"}],"about":[{"href":"https:\/\/www.protoxtype.com\/de\/wp-json\/wp\/v2\/types\/product"}],"version-history":[{"count":0,"href":"https:\/\/www.protoxtype.com\/de\/wp-json\/wp\/v2\/product\/8012\/revisions"}],"wp:featuredmedia":[{"embeddable":true,"href":"https:\/\/www.protoxtype.com\/de\/wp-json\/wp\/v2\/media\/4259"}],"wp:attachment":[{"href":"https:\/\/www.protoxtype.com\/de\/wp-json\/wp\/v2\/media?parent=8012"}],"wp:term":[{"taxonomy":"product_brand","embeddable":true,"href":"https:\/\/www.protoxtype.com\/de\/wp-json\/wp\/v2\/product_brand?post=8012"},{"taxonomy":"product_cat","embeddable":true,"href":"https:\/\/www.protoxtype.com\/de\/wp-json\/wp\/v2\/product_cat?post=8012"},{"taxonomy":"product_tag","embeddable":true,"href":"https:\/\/www.protoxtype.com\/de\/wp-json\/wp\/v2\/product_tag?post=8012"}],"curies":[{"name":"wp","href":"https:\/\/api.w.org\/{rel}","templated":true}]}}