{"id":7999,"date":"2019-11-13T22:42:59","date_gmt":"2019-11-13T21:42:59","guid":{"rendered":"http:\/\/www.protoxtype.com\/prodotto\/vestito-corto-in-bamboo\/"},"modified":"2024-02-27T14:53:59","modified_gmt":"2024-02-27T13:53:59","slug":"kurze-kleid-damen-aus-bambus","status":"publish","type":"product","link":"https:\/\/www.protoxtype.com\/de\/kurze-kleid-damen-aus-bambus\/","title":{"rendered":"Kurze Kleid Damen aus Bambus"},"content":{"rendered":"<h2>Kurze Kleid Damen aus Bambus<\/h2>\n<p>Kurze Kleid Damen aus Bambus: Kleidungen aus Bambus-Faser sind unsere Favoriten und wir hoffen, dass Sie sie auch genie\u00dfen! Dieses Kleid aus Bambus ist sehr weich auf der Haut und antipilling. Das Bambusgewebe erm\u00f6glicht es, allergiegetestet, atmungsaktiv, antibakteriell zu sein und den K\u00f6rper vor UV-Strahlen zu sch\u00fctzen. Es wird Ihren K\u00f6rper 1 bis 2 Grad k\u00fchler als jede andere Art von Stoff halten und wird Feuchtigkeit und Schwei\u00df aber trotzdem keine Ger\u00fcche absorbieren. Wie alle unsere Kleidungsst\u00fccke wurde dieses Kleid auf dreidimensionalen Modellen gebaut, um ergonomische Leistungen und totale Bewegungsfreiheit zu erm\u00f6glichen.<br \/>\n&#8212;-<\/p>\n<p>95% Bambus 5% Spandex<\/p>\n","protected":false},"excerpt":{"rendered":"<p>Kurze Kleid Damen aus Bambus Kurze Kleid Damen aus Bambus: Kleidungen aus Bambus-Faser sind unsere Favoriten und wir hoffen, dass Sie sie auch genie\u00dfen! Dieses Kleid aus Bambus ist sehr weich auf der Haut und antipilling. Das Bambusgewebe erm\u00f6glicht es, allergiegetestet, atmungsaktiv, antibakteriell zu sein und den K\u00f6rper vor UV-Strahlen zu sch\u00fctzen. Es wird Ihren [&hellip;]<\/p>\n","protected":false},"featured_media":61226,"template":"","meta":{"_acf_changed":false},"product_brand":[],"product_cat":[561,213,662],"product_tag":[],"class_list":{"0":"post-7999","1":"product","2":"type-product","3":"status-publish","4":"has-post-thumbnail","6":"product_cat-bambuskleidung-damen","7":"product_cat-kleid-damen-naturfasern","8":"product_cat-outdoor-bekleidung-damen","9":"pa_colore-creme","10":"pa_colore-schwarz","11":"pa_taglia-l-de","12":"pa_taglia-m-de","13":"pa_taglia-s-de","14":"pa_taglia-xl-de","15":"pa_taglia-xs-de","16":"pa_taglia-xxl-de","18":"first","19":"onbackorder","20":"shipping-taxable","21":"purchasable","22":"product-type-variable","23":"has-default-attributes"},"acf":[],"_links":{"self":[{"href":"https:\/\/www.protoxtype.com\/de\/wp-json\/wp\/v2\/product\/7999","targetHints":{"allow":["GET"]}}],"collection":[{"href":"https:\/\/www.protoxtype.com\/de\/wp-json\/wp\/v2\/product"}],"about":[{"href":"https:\/\/www.protoxtype.com\/de\/wp-json\/wp\/v2\/types\/product"}],"version-history":[{"count":0,"href":"https:\/\/www.protoxtype.com\/de\/wp-json\/wp\/v2\/product\/7999\/revisions"}],"wp:featuredmedia":[{"embeddable":true,"href":"https:\/\/www.protoxtype.com\/de\/wp-json\/wp\/v2\/media\/61226"}],"wp:attachment":[{"href":"https:\/\/www.protoxtype.com\/de\/wp-json\/wp\/v2\/media?parent=7999"}],"wp:term":[{"taxonomy":"product_brand","embeddable":true,"href":"https:\/\/www.protoxtype.com\/de\/wp-json\/wp\/v2\/product_brand?post=7999"},{"taxonomy":"product_cat","embeddable":true,"href":"https:\/\/www.protoxtype.com\/de\/wp-json\/wp\/v2\/product_cat?post=7999"},{"taxonomy":"product_tag","embeddable":true,"href":"https:\/\/www.protoxtype.com\/de\/wp-json\/wp\/v2\/product_tag?post=7999"}],"curies":[{"name":"wp","href":"https:\/\/api.w.org\/{rel}","templated":true}]}}