{"id":7988,"date":"2019-11-13T22:44:03","date_gmt":"2019-11-13T21:44:03","guid":{"rendered":"http:\/\/www.protoxtype.com\/prodotto\/culotte-a-vita-bassa\/"},"modified":"2024-02-27T14:15:31","modified_gmt":"2024-02-27T13:15:31","slug":"hueft-damen-schluepfer","status":"publish","type":"product","link":"https:\/\/www.protoxtype.com\/de\/hueft-damen-schluepfer\/","title":{"rendered":"H\u00fcft Damen Schl\u00fcpfer"},"content":{"rendered":"<h2>H\u00fcft Damen Schl\u00fcpfer<\/h2>\n<p>Die Bio-Baumwolle dieses H\u00fcft Damen Schl\u00fcpfer erm\u00f6glicht es, das Kleidungsst\u00fcck vollst\u00e4ndig atmungsaktiv, allergiegetestet und sehr weich auf der Haut zu sein. Der Schritt dieses Damenschl\u00fcpfers besteht aus Bambus, einem antibakteriellen und allergiegetesteten Material, das keine Ger\u00fcche absorbiert, so dass Sie den ganzen Tag frisch und trocken bleiben k\u00f6nnen. Im Einklang mit der ProtoXtype-Philosophie wurde dieser Damenschl\u00fcpfer ohne chemische Zus\u00e4tze gef\u00e4rbt.<\/p>\n<p>&#8212;-<\/p>\n<p>95% Bio-Baumwolle 5% Spandex<\/p>\n","protected":false},"excerpt":{"rendered":"<p>H\u00fcft Damen Schl\u00fcpfer Die Bio-Baumwolle dieses H\u00fcft Damen Schl\u00fcpfer erm\u00f6glicht es, das Kleidungsst\u00fcck vollst\u00e4ndig atmungsaktiv, allergiegetestet und sehr weich auf der Haut zu sein. Der Schritt dieses Damenschl\u00fcpfers besteht aus Bambus, einem antibakteriellen und allergiegetesteten Material, das keine Ger\u00fcche absorbiert, so dass Sie den ganzen Tag frisch und trocken bleiben k\u00f6nnen. Im Einklang mit der [&hellip;]<\/p>\n","protected":false},"featured_media":54416,"template":"","meta":{"_acf_changed":false},"product_brand":[],"product_cat":[211,664,666,662],"product_tag":[],"class_list":{"0":"post-7988","1":"product","2":"type-product","3":"status-publish","4":"has-post-thumbnail","6":"product_cat-unterwaesche-damen","7":"product_cat-damenbekleidung-aus-naturfasern","8":"product_cat-damenunterwasche-naturfasern","9":"product_cat-outdoor-bekleidung-damen","10":"pa_colore-creme","11":"pa_colore-schwarz","12":"pa_taglia-l-de","13":"pa_taglia-m-de","14":"pa_taglia-s-de","15":"pa_taglia-xl-de","16":"pa_taglia-xs-de","17":"pa_taglia-xxl-de","19":"first","20":"onbackorder","21":"shipping-taxable","22":"purchasable","23":"product-type-variable","24":"has-default-attributes"},"acf":[],"_links":{"self":[{"href":"https:\/\/www.protoxtype.com\/de\/wp-json\/wp\/v2\/product\/7988","targetHints":{"allow":["GET"]}}],"collection":[{"href":"https:\/\/www.protoxtype.com\/de\/wp-json\/wp\/v2\/product"}],"about":[{"href":"https:\/\/www.protoxtype.com\/de\/wp-json\/wp\/v2\/types\/product"}],"version-history":[{"count":0,"href":"https:\/\/www.protoxtype.com\/de\/wp-json\/wp\/v2\/product\/7988\/revisions"}],"wp:featuredmedia":[{"embeddable":true,"href":"https:\/\/www.protoxtype.com\/de\/wp-json\/wp\/v2\/media\/54416"}],"wp:attachment":[{"href":"https:\/\/www.protoxtype.com\/de\/wp-json\/wp\/v2\/media?parent=7988"}],"wp:term":[{"taxonomy":"product_brand","embeddable":true,"href":"https:\/\/www.protoxtype.com\/de\/wp-json\/wp\/v2\/product_brand?post=7988"},{"taxonomy":"product_cat","embeddable":true,"href":"https:\/\/www.protoxtype.com\/de\/wp-json\/wp\/v2\/product_cat?post=7988"},{"taxonomy":"product_tag","embeddable":true,"href":"https:\/\/www.protoxtype.com\/de\/wp-json\/wp\/v2\/product_tag?post=7988"}],"curies":[{"name":"wp","href":"https:\/\/api.w.org\/{rel}","templated":true}]}}