{"id":7969,"date":"2019-11-13T22:44:14","date_gmt":"2019-11-13T21:44:14","guid":{"rendered":"http:\/\/www.protoxtype.com\/prodotto\/reggiseno-sportivo\/"},"modified":"2024-02-23T17:04:20","modified_gmt":"2024-02-23T16:04:20","slug":"damen-sport-buestenhalter","status":"publish","type":"product","link":"https:\/\/www.protoxtype.com\/de\/damen-sport-buestenhalter\/","title":{"rendered":"Damen Sport B\u00fcstenhalter"},"content":{"rendered":"<h2>Damen Sport B\u00fcstenhalter<\/h2>\n<p>Dieser Polypropylen Damen Sport B\u00fcstenhalter wirft Schwei\u00df aus, wobei Ihre Haut in jeder Situation trocken gehalten wird. Polypropylen-Gewebe erm\u00f6glicht es diesem Kleidungsst\u00fcck antibakteriell, schmutzabweisend, schimmelfrei, allergiegetestet und resistent gegen Absch\u00fcrfungen zu sein. Diese Eigenschaften und seine F\u00e4higkeit, schnell gewaschen und trocken zu werden, machen es ideal f\u00fcr jede k\u00f6rperliche Aktivit\u00e4t und jede Reise, um maximalen Komfort zu gew\u00e4hrleisten.<\/p>\n<p>Das Model tr\u00e4gt Gr\u00f6\u00dfe S<\/p>\n<p>&#8212;-<\/p>\n<p>95% Polypropylen 5% Spandex<\/p>\n","protected":false},"excerpt":{"rendered":"<p>Damen Sport B\u00fcstenhalter Dieser Polypropylen Damen Sport B\u00fcstenhalter wirft Schwei\u00df aus, wobei Ihre Haut in jeder Situation trocken gehalten wird. Polypropylen-Gewebe erm\u00f6glicht es diesem Kleidungsst\u00fcck antibakteriell, schmutzabweisend, schimmelfrei, allergiegetestet und resistent gegen Absch\u00fcrfungen zu sein. Diese Eigenschaften und seine F\u00e4higkeit, schnell gewaschen und trocken zu werden, machen es ideal f\u00fcr jede k\u00f6rperliche Aktivit\u00e4t und jede [&hellip;]<\/p>\n","protected":false},"featured_media":4361,"template":"","meta":{"_acf_changed":false},"product_brand":[],"product_cat":[694,696,211,210,678,662],"product_tag":[],"class_list":{"0":"post-7969","1":"product","2":"type-product","3":"status-publish","4":"has-post-thumbnail","6":"product_cat-bootsbekleidung","7":"product_cat-bootsbekleidung-fur-damen","8":"product_cat-unterwaesche-damen","9":"product_cat-damenbekleidung-technische-stoffe","10":"product_cat-damenunterwasche-aus-technischen-stoffen","11":"product_cat-outdoor-bekleidung-damen","12":"pa_colore-schwarz","13":"pa_taglia-l-de","14":"pa_taglia-m-de","15":"pa_taglia-s-de","16":"pa_taglia-xl-de","17":"pa_taglia-xs-de","18":"pa_taglia-xxl-de","19":"pa_taglia-xxxl-de","21":"first","22":"onbackorder","23":"shipping-taxable","24":"purchasable","25":"product-type-variable","26":"has-default-attributes"},"acf":[],"_links":{"self":[{"href":"https:\/\/www.protoxtype.com\/de\/wp-json\/wp\/v2\/product\/7969","targetHints":{"allow":["GET"]}}],"collection":[{"href":"https:\/\/www.protoxtype.com\/de\/wp-json\/wp\/v2\/product"}],"about":[{"href":"https:\/\/www.protoxtype.com\/de\/wp-json\/wp\/v2\/types\/product"}],"version-history":[{"count":0,"href":"https:\/\/www.protoxtype.com\/de\/wp-json\/wp\/v2\/product\/7969\/revisions"}],"wp:featuredmedia":[{"embeddable":true,"href":"https:\/\/www.protoxtype.com\/de\/wp-json\/wp\/v2\/media\/4361"}],"wp:attachment":[{"href":"https:\/\/www.protoxtype.com\/de\/wp-json\/wp\/v2\/media?parent=7969"}],"wp:term":[{"taxonomy":"product_brand","embeddable":true,"href":"https:\/\/www.protoxtype.com\/de\/wp-json\/wp\/v2\/product_brand?post=7969"},{"taxonomy":"product_cat","embeddable":true,"href":"https:\/\/www.protoxtype.com\/de\/wp-json\/wp\/v2\/product_cat?post=7969"},{"taxonomy":"product_tag","embeddable":true,"href":"https:\/\/www.protoxtype.com\/de\/wp-json\/wp\/v2\/product_tag?post=7969"}],"curies":[{"name":"wp","href":"https:\/\/api.w.org\/{rel}","templated":true}]}}