{"id":7966,"date":"2019-11-13T22:44:18","date_gmt":"2019-11-13T21:44:18","guid":{"rendered":"http:\/\/www.protoxtype.com\/prodotto\/tanga\/"},"modified":"2024-02-23T17:01:15","modified_gmt":"2024-02-23T16:01:15","slug":"damen-tanga","status":"publish","type":"product","link":"https:\/\/www.protoxtype.com\/de\/damen-tanga\/","title":{"rendered":"Damen Tanga"},"content":{"rendered":"<h2>Damen Tanga<\/h2>\n<p>F\u00fcr diese Damen Tanga haben wir uns f\u00fcr ein Oeko Tex zertifiziertes Polyester entschieden. Dieser Stoff trocknet sehr schnell, so dass dieser Tanga ideal f\u00fcr Reisen ist.<\/p>\n<p>&#8212;-<\/p>\n<p>84% Polyester 16% Spandex<\/p>\n","protected":false},"excerpt":{"rendered":"<p>Damen Tanga F\u00fcr diese Damen Tanga haben wir uns f\u00fcr ein Oeko Tex zertifiziertes Polyester entschieden. Dieser Stoff trocknet sehr schnell, so dass dieser Tanga ideal f\u00fcr Reisen ist. &#8212;- 84% Polyester 16% Spandex<\/p>\n","protected":false},"featured_media":4371,"template":"","meta":{"_acf_changed":false},"product_brand":[],"product_cat":[211,210,678,662],"product_tag":[],"class_list":{"0":"post-7966","1":"product","2":"type-product","3":"status-publish","4":"has-post-thumbnail","6":"product_cat-unterwaesche-damen","7":"product_cat-damenbekleidung-technische-stoffe","8":"product_cat-damenunterwasche-aus-technischen-stoffen","9":"product_cat-outdoor-bekleidung-damen","10":"pa_colore-creme","11":"pa_colore-schwarz","12":"pa_taglia-uni-de","14":"first","15":"onbackorder","16":"shipping-taxable","17":"purchasable","18":"product-type-variable","19":"has-default-attributes"},"acf":[],"_links":{"self":[{"href":"https:\/\/www.protoxtype.com\/de\/wp-json\/wp\/v2\/product\/7966","targetHints":{"allow":["GET"]}}],"collection":[{"href":"https:\/\/www.protoxtype.com\/de\/wp-json\/wp\/v2\/product"}],"about":[{"href":"https:\/\/www.protoxtype.com\/de\/wp-json\/wp\/v2\/types\/product"}],"version-history":[{"count":0,"href":"https:\/\/www.protoxtype.com\/de\/wp-json\/wp\/v2\/product\/7966\/revisions"}],"wp:featuredmedia":[{"embeddable":true,"href":"https:\/\/www.protoxtype.com\/de\/wp-json\/wp\/v2\/media\/4371"}],"wp:attachment":[{"href":"https:\/\/www.protoxtype.com\/de\/wp-json\/wp\/v2\/media?parent=7966"}],"wp:term":[{"taxonomy":"product_brand","embeddable":true,"href":"https:\/\/www.protoxtype.com\/de\/wp-json\/wp\/v2\/product_brand?post=7966"},{"taxonomy":"product_cat","embeddable":true,"href":"https:\/\/www.protoxtype.com\/de\/wp-json\/wp\/v2\/product_cat?post=7966"},{"taxonomy":"product_tag","embeddable":true,"href":"https:\/\/www.protoxtype.com\/de\/wp-json\/wp\/v2\/product_tag?post=7966"}],"curies":[{"name":"wp","href":"https:\/\/api.w.org\/{rel}","templated":true}]}}