{"id":7953,"date":"2019-11-13T22:44:22","date_gmt":"2019-11-13T21:44:22","guid":{"rendered":"http:\/\/www.protoxtype.com\/prodotto\/leggings-3d\/"},"modified":"2024-02-23T16:58:01","modified_gmt":"2024-02-23T15:58:01","slug":"damen-3d-leggings-baumwolle-bio","status":"publish","type":"product","link":"https:\/\/www.protoxtype.com\/de\/damen-3d-leggings-baumwolle-bio\/","title":{"rendered":"Damen 3D Leggings Baumwolle Bio"},"content":{"rendered":"<h2>Damen 3D Leggings Baumwolle Bio<\/h2>\n<p>Diese Damen 3D Leggings Baumwolle Bio <span class=\"VIiyi\" lang=\"de\"><span class=\"JLqJ4b ChMk0b\" data-language-for-alternatives=\"de\" data-language-to-translate-into=\"it\" data-phrase-index=\"0\" data-number-of-phrases=\"1\"><span class=\"Q4iAWc\">begleiten<\/span><\/span><\/span> Sie auf jeder Reise und sorgen f\u00fcr so viel Komfort wie m\u00f6glich. Die Elastizit\u00e4t, Leichtigkeit und Weichheit dieses Stoffes machen es in der Tat ideal f\u00fcr lange und anspruchsvolle Reisen, wo der Komfort einen Unterschied machen kann. Dar\u00fcber hinaus erm\u00f6glicht das Bio-Baumwollgewebe diesen Leggings, nat\u00fcrlich allergiegetestet, atmungsaktiv und antibakteriell zu sein.<\/p>\n<p>&#8212;-<\/p>\n<p>95% Bio-Baumwolle 5% Spandex<\/p>\n","protected":false},"excerpt":{"rendered":"<p>Damen 3D Leggings Baumwolle Bio Diese Damen 3D Leggings Baumwolle Bio begleiten Sie auf jeder Reise und sorgen f\u00fcr so viel Komfort wie m\u00f6glich. Die Elastizit\u00e4t, Leichtigkeit und Weichheit dieses Stoffes machen es in der Tat ideal f\u00fcr lange und anspruchsvolle Reisen, wo der Komfort einen Unterschied machen kann. Dar\u00fcber hinaus erm\u00f6glicht das Bio-Baumwollgewebe diesen [&hellip;]<\/p>\n","protected":false},"featured_media":4380,"template":"","meta":{"_acf_changed":false},"product_brand":[],"product_cat":[556,212,664,667,662],"product_tag":[],"class_list":{"0":"post-7953","1":"product","2":"type-product","3":"status-publish","4":"has-post-thumbnail","6":"product_cat-bio-baumwolle-kleidung-damen","7":"product_cat-leggings-damen","8":"product_cat-damenbekleidung-aus-naturfasern","9":"product_cat-damenleggings-aus-naturfasern","10":"product_cat-outdoor-bekleidung-damen","11":"pa_colore-creme","12":"pa_colore-schwarz","13":"pa_taglia-l-de","14":"pa_taglia-m-de","15":"pa_taglia-s-de","16":"pa_taglia-xl-de","17":"pa_taglia-xs-de","18":"pa_taglia-xxl-de","19":"pa_taglia-xxxl-de","21":"first","22":"onbackorder","23":"shipping-taxable","24":"purchasable","25":"product-type-variable","26":"has-default-attributes"},"acf":[],"_links":{"self":[{"href":"https:\/\/www.protoxtype.com\/de\/wp-json\/wp\/v2\/product\/7953","targetHints":{"allow":["GET"]}}],"collection":[{"href":"https:\/\/www.protoxtype.com\/de\/wp-json\/wp\/v2\/product"}],"about":[{"href":"https:\/\/www.protoxtype.com\/de\/wp-json\/wp\/v2\/types\/product"}],"version-history":[{"count":0,"href":"https:\/\/www.protoxtype.com\/de\/wp-json\/wp\/v2\/product\/7953\/revisions"}],"wp:featuredmedia":[{"embeddable":true,"href":"https:\/\/www.protoxtype.com\/de\/wp-json\/wp\/v2\/media\/4380"}],"wp:attachment":[{"href":"https:\/\/www.protoxtype.com\/de\/wp-json\/wp\/v2\/media?parent=7953"}],"wp:term":[{"taxonomy":"product_brand","embeddable":true,"href":"https:\/\/www.protoxtype.com\/de\/wp-json\/wp\/v2\/product_brand?post=7953"},{"taxonomy":"product_cat","embeddable":true,"href":"https:\/\/www.protoxtype.com\/de\/wp-json\/wp\/v2\/product_cat?post=7953"},{"taxonomy":"product_tag","embeddable":true,"href":"https:\/\/www.protoxtype.com\/de\/wp-json\/wp\/v2\/product_tag?post=7953"}],"curies":[{"name":"wp","href":"https:\/\/api.w.org\/{rel}","templated":true}]}}