{"id":7933,"date":"2019-11-13T22:44:33","date_gmt":"2019-11-13T21:44:33","guid":{"rendered":"http:\/\/www.protoxtype.com\/prodotto\/jeans-scuro\/"},"modified":"2024-02-23T16:52:23","modified_gmt":"2024-02-23T15:52:23","slug":"damen-dunkle-jeans","status":"publish","type":"product","link":"https:\/\/www.protoxtype.com\/de\/damen-dunkle-jeans\/","title":{"rendered":"Damen Dunkle Jeans"},"content":{"rendered":"<h2>Damen Dunkle Jeans<\/h2>\n<p>Unsere Damen Dunkle Jeans aus Bio-Baumwolle sind auf dreidimensionalen Modellen aufgebaut, um absolute Bewegungsfreiheit und Komfort zu erm\u00f6glichen. Bio-Baumwolle macht sie allergiegetestet, atmungsaktiv und antipilling sowie weich auf der Haut. Das Design der vorderen Taschen wurde so gestaltet, dass die darin liegenden Objekte nicht verloren gehen.<\/p>\n<p>Das Model tr\u00e4gt Gr\u00f6\u00dfe S<\/p>\n<p>&#8212;-<\/p>\n<p>87.5% Bio-Baumwolle 12% Polyester Dupont Sorona 0.5% Spandex<\/p>\n","protected":false},"excerpt":{"rendered":"<p>Damen Dunkle Jeans Unsere Damen Dunkle Jeans aus Bio-Baumwolle sind auf dreidimensionalen Modellen aufgebaut, um absolute Bewegungsfreiheit und Komfort zu erm\u00f6glichen. Bio-Baumwolle macht sie allergiegetestet, atmungsaktiv und antipilling sowie weich auf der Haut. Das Design der vorderen Taschen wurde so gestaltet, dass die darin liegenden Objekte nicht verloren gehen. Das Model tr\u00e4gt Gr\u00f6\u00dfe S &#8212;- [&hellip;]<\/p>\n","protected":false},"featured_media":4424,"template":"","meta":{"_acf_changed":false},"product_brand":[],"product_cat":[591,556,694,696,664,669,662],"product_tag":[],"class_list":{"0":"post-7933","1":"product","2":"type-product","3":"status-publish","4":"has-post-thumbnail","6":"product_cat-als-beweis","7":"product_cat-bio-baumwolle-kleidung-damen","8":"product_cat-bootsbekleidung","9":"product_cat-bootsbekleidung-fur-damen","10":"product_cat-damenbekleidung-aus-naturfasern","11":"product_cat-damenhosen-aus-naturfasern","12":"product_cat-outdoor-bekleidung-damen","13":"pa_colore-dunkler-jeansstoff","14":"pa_taglia-l-de","15":"pa_taglia-m-de","16":"pa_taglia-s-de","17":"pa_taglia-xl-de","18":"pa_taglia-xs-de","19":"pa_taglia-xxl-de","21":"first","22":"onbackorder","23":"shipping-taxable","24":"purchasable","25":"product-type-variable","26":"has-default-attributes"},"acf":[],"_links":{"self":[{"href":"https:\/\/www.protoxtype.com\/de\/wp-json\/wp\/v2\/product\/7933","targetHints":{"allow":["GET"]}}],"collection":[{"href":"https:\/\/www.protoxtype.com\/de\/wp-json\/wp\/v2\/product"}],"about":[{"href":"https:\/\/www.protoxtype.com\/de\/wp-json\/wp\/v2\/types\/product"}],"version-history":[{"count":0,"href":"https:\/\/www.protoxtype.com\/de\/wp-json\/wp\/v2\/product\/7933\/revisions"}],"wp:featuredmedia":[{"embeddable":true,"href":"https:\/\/www.protoxtype.com\/de\/wp-json\/wp\/v2\/media\/4424"}],"wp:attachment":[{"href":"https:\/\/www.protoxtype.com\/de\/wp-json\/wp\/v2\/media?parent=7933"}],"wp:term":[{"taxonomy":"product_brand","embeddable":true,"href":"https:\/\/www.protoxtype.com\/de\/wp-json\/wp\/v2\/product_brand?post=7933"},{"taxonomy":"product_cat","embeddable":true,"href":"https:\/\/www.protoxtype.com\/de\/wp-json\/wp\/v2\/product_cat?post=7933"},{"taxonomy":"product_tag","embeddable":true,"href":"https:\/\/www.protoxtype.com\/de\/wp-json\/wp\/v2\/product_tag?post=7933"}],"curies":[{"name":"wp","href":"https:\/\/api.w.org\/{rel}","templated":true}]}}