{"id":7926,"date":"2019-11-13T22:44:36","date_gmt":"2019-11-13T21:44:36","guid":{"rendered":"http:\/\/www.protoxtype.com\/prodotto\/jeans-chiaro\/"},"modified":"2024-02-23T16:50:25","modified_gmt":"2024-02-23T15:50:25","slug":"helle-damen-jeans","status":"publish","type":"product","link":"https:\/\/www.protoxtype.com\/de\/helle-damen-jeans\/","title":{"rendered":"Helle Damen Jeans"},"content":{"rendered":"<h2>Helle Damen Jeans<\/h2>\n<p>Unsere Helle Damen Jeans aus Bio-Baumwolle sind auf dreidimensionalen Modellen aufgebaut, um absolute Bewegungsfreiheit und Komfort zu erm\u00f6glichen. Sie sind auch allergiegetestet, atmungsaktiv und antipilling sowie sehr weich auf der Haut. Das Design der vorderen Taschen wurde so gestaltet, dass die darin liegenden Objekte nicht verloren gehen.<\/p>\n<p>Das Model tr\u00e4gt Gr\u00f6\u00dfe XL<\/p>\n<p>&#8212;-<\/p>\n<p>100% Bio-Baumwolle<\/p>\n","protected":false},"excerpt":{"rendered":"<p>Helle Damen Jeans Unsere Helle Damen Jeans aus Bio-Baumwolle sind auf dreidimensionalen Modellen aufgebaut, um absolute Bewegungsfreiheit und Komfort zu erm\u00f6glichen. Sie sind auch allergiegetestet, atmungsaktiv und antipilling sowie sehr weich auf der Haut. Das Design der vorderen Taschen wurde so gestaltet, dass die darin liegenden Objekte nicht verloren gehen. Das Model tr\u00e4gt Gr\u00f6\u00dfe XL [&hellip;]<\/p>\n","protected":false},"featured_media":4440,"template":"","meta":{"_acf_changed":false},"product_brand":[],"product_cat":[556,694,696,664,669,662],"product_tag":[],"class_list":{"0":"post-7926","1":"product","2":"type-product","3":"status-publish","4":"has-post-thumbnail","6":"product_cat-bio-baumwolle-kleidung-damen","7":"product_cat-bootsbekleidung","8":"product_cat-bootsbekleidung-fur-damen","9":"product_cat-damenbekleidung-aus-naturfasern","10":"product_cat-damenhosen-aus-naturfasern","11":"product_cat-outdoor-bekleidung-damen","12":"pa_colore-heller-jeansstoff","13":"pa_taglia-l-de","14":"pa_taglia-m-de","15":"pa_taglia-s-de","16":"pa_taglia-xl-de","17":"pa_taglia-xs-de","18":"pa_taglia-xxl-de","20":"first","21":"onbackorder","22":"shipping-taxable","23":"purchasable","24":"product-type-variable","25":"has-default-attributes"},"acf":[],"_links":{"self":[{"href":"https:\/\/www.protoxtype.com\/de\/wp-json\/wp\/v2\/product\/7926","targetHints":{"allow":["GET"]}}],"collection":[{"href":"https:\/\/www.protoxtype.com\/de\/wp-json\/wp\/v2\/product"}],"about":[{"href":"https:\/\/www.protoxtype.com\/de\/wp-json\/wp\/v2\/types\/product"}],"version-history":[{"count":0,"href":"https:\/\/www.protoxtype.com\/de\/wp-json\/wp\/v2\/product\/7926\/revisions"}],"wp:featuredmedia":[{"embeddable":true,"href":"https:\/\/www.protoxtype.com\/de\/wp-json\/wp\/v2\/media\/4440"}],"wp:attachment":[{"href":"https:\/\/www.protoxtype.com\/de\/wp-json\/wp\/v2\/media?parent=7926"}],"wp:term":[{"taxonomy":"product_brand","embeddable":true,"href":"https:\/\/www.protoxtype.com\/de\/wp-json\/wp\/v2\/product_brand?post=7926"},{"taxonomy":"product_cat","embeddable":true,"href":"https:\/\/www.protoxtype.com\/de\/wp-json\/wp\/v2\/product_cat?post=7926"},{"taxonomy":"product_tag","embeddable":true,"href":"https:\/\/www.protoxtype.com\/de\/wp-json\/wp\/v2\/product_tag?post=7926"}],"curies":[{"name":"wp","href":"https:\/\/api.w.org\/{rel}","templated":true}]}}