{"id":7906,"date":"2019-11-13T22:44:46","date_gmt":"2019-11-13T21:44:46","guid":{"rendered":"http:\/\/www.protoxtype.com\/prodotto\/jeans-scuro-7-tasche\/"},"modified":"2024-02-23T16:43:26","modified_gmt":"2024-02-23T15:43:26","slug":"damen-dunkle-jeans-7-taschen","status":"publish","type":"product","link":"https:\/\/www.protoxtype.com\/de\/damen-dunkle-jeans-7-taschen\/","title":{"rendered":"Damen Dunkle Jeans 7 Taschen"},"content":{"rendered":"<h2>Damen Dunkle Jeans 7 Taschen<\/h2>\n<p>Unsere Damen Dunkle Jeans 7 Taschen aus Bio-Baumwolle sind auf dreidimensionalen Modellen gebaut, um Ihnen absolute Bewegungsfreiheit und Komfort zu erm\u00f6glichen. Der Stoff ist allergiegetestet, atmungsaktiv, antipilling und bleibt sehr weich auf der Haut. Das Design der vorderen Taschen wurde so gestaltet, dass die darin liegenden Objekte nicht verloren gehen.<\/p>\n<p>Das Model tr\u00e4gt Gr\u00f6\u00dfe S<\/p>\n<p>&#8212;-<\/p>\n<p>87.5% Bio-Baumwolle 12% Polyester Dupont Sorona 0.5% Spandex<\/p>\n","protected":false},"excerpt":{"rendered":"<p>Damen Dunkle Jeans 7 Taschen Unsere Damen Dunkle Jeans 7 Taschen aus Bio-Baumwolle sind auf dreidimensionalen Modellen gebaut, um Ihnen absolute Bewegungsfreiheit und Komfort zu erm\u00f6glichen. Der Stoff ist allergiegetestet, atmungsaktiv, antipilling und bleibt sehr weich auf der Haut. Das Design der vorderen Taschen wurde so gestaltet, dass die darin liegenden Objekte nicht verloren gehen. [&hellip;]<\/p>\n","protected":false},"featured_media":4487,"template":"","meta":{"_acf_changed":false},"product_brand":[],"product_cat":[556,694,696,664,669,662],"product_tag":[],"class_list":{"0":"post-7906","1":"product","2":"type-product","3":"status-publish","4":"has-post-thumbnail","6":"product_cat-bio-baumwolle-kleidung-damen","7":"product_cat-bootsbekleidung","8":"product_cat-bootsbekleidung-fur-damen","9":"product_cat-damenbekleidung-aus-naturfasern","10":"product_cat-damenhosen-aus-naturfasern","11":"product_cat-outdoor-bekleidung-damen","12":"pa_colore-dunkler-jeansstoff","13":"pa_taglia-l-de","14":"pa_taglia-m-de","15":"pa_taglia-s-de","16":"pa_taglia-xl-de","17":"pa_taglia-xs-de","18":"pa_taglia-xxl-de","20":"first","21":"onbackorder","22":"shipping-taxable","23":"purchasable","24":"product-type-variable","25":"has-default-attributes"},"acf":[],"_links":{"self":[{"href":"https:\/\/www.protoxtype.com\/de\/wp-json\/wp\/v2\/product\/7906","targetHints":{"allow":["GET"]}}],"collection":[{"href":"https:\/\/www.protoxtype.com\/de\/wp-json\/wp\/v2\/product"}],"about":[{"href":"https:\/\/www.protoxtype.com\/de\/wp-json\/wp\/v2\/types\/product"}],"version-history":[{"count":0,"href":"https:\/\/www.protoxtype.com\/de\/wp-json\/wp\/v2\/product\/7906\/revisions"}],"wp:featuredmedia":[{"embeddable":true,"href":"https:\/\/www.protoxtype.com\/de\/wp-json\/wp\/v2\/media\/4487"}],"wp:attachment":[{"href":"https:\/\/www.protoxtype.com\/de\/wp-json\/wp\/v2\/media?parent=7906"}],"wp:term":[{"taxonomy":"product_brand","embeddable":true,"href":"https:\/\/www.protoxtype.com\/de\/wp-json\/wp\/v2\/product_brand?post=7906"},{"taxonomy":"product_cat","embeddable":true,"href":"https:\/\/www.protoxtype.com\/de\/wp-json\/wp\/v2\/product_cat?post=7906"},{"taxonomy":"product_tag","embeddable":true,"href":"https:\/\/www.protoxtype.com\/de\/wp-json\/wp\/v2\/product_tag?post=7906"}],"curies":[{"name":"wp","href":"https:\/\/api.w.org\/{rel}","templated":true}]}}