{"id":7878,"date":"2019-11-13T22:45:00","date_gmt":"2019-11-13T21:45:00","guid":{"rendered":"http:\/\/www.protoxtype.com\/prodotto\/pantaloncini-di-jeans-scuro\/"},"modified":"2024-02-23T16:33:36","modified_gmt":"2024-02-23T15:33:36","slug":"kurze-hosen-damen-aus-dunklem-jeansstoff","status":"publish","type":"product","link":"https:\/\/www.protoxtype.com\/de\/kurze-hosen-damen-aus-dunklem-jeansstoff\/","title":{"rendered":"Kurze Hosen Damen aus dunklem Jeansstoff"},"content":{"rendered":"<h2>Kurze Hosen Damen aus dunklem Jeansstoff<\/h2>\n<p>Diese Kurze Hosen Damen aus dunklem Jeansstoff aus Bio-Baumwolle und Polyester Dupont Sorona sind unser elastischstes Modell. Sie basieren auf dreidimensionalen Modellen, um Ihnen absolute Bewegungsfreiheit und Komfort zu erm\u00f6glichen. Sie sind auch allergiegetestet, atmungsaktiv und antipilling, wobei sie weich auf der Haut bleiben.<\/p>\n<p>Das Model tr\u00e4gt Gr\u00f6\u00dfe S<\/p>\n<p>&#8212;-<\/p>\n<p>87.5% Bio-Baumwolle 12% Polyester Dupont Sorona 0.5% Spandex<\/p>\n","protected":false},"excerpt":{"rendered":"<p>Kurze Hosen Damen aus dunklem Jeansstoff Diese Kurze Hosen Damen aus dunklem Jeansstoff aus Bio-Baumwolle und Polyester Dupont Sorona sind unser elastischstes Modell. Sie basieren auf dreidimensionalen Modellen, um Ihnen absolute Bewegungsfreiheit und Komfort zu erm\u00f6glichen. Sie sind auch allergiegetestet, atmungsaktiv und antipilling, wobei sie weich auf der Haut bleiben. Das Model tr\u00e4gt Gr\u00f6\u00dfe S [&hellip;]<\/p>\n","protected":false},"featured_media":61222,"template":"","meta":{"_acf_changed":false},"product_brand":[],"product_cat":[556,694,696,214,664,670,662],"product_tag":[],"class_list":{"0":"post-7878","1":"product","2":"type-product","3":"status-publish","4":"has-post-thumbnail","6":"product_cat-bio-baumwolle-kleidung-damen","7":"product_cat-bootsbekleidung","8":"product_cat-bootsbekleidung-fur-damen","9":"product_cat-shorts-damen","10":"product_cat-damenbekleidung-aus-naturfasern","11":"product_cat-naturfaser-damenshorts","12":"product_cat-outdoor-bekleidung-damen","13":"pa_colore-dunkler-jeansstoff","14":"pa_taglia-l-de","15":"pa_taglia-m-de","16":"pa_taglia-s-de","17":"pa_taglia-xl-de","18":"pa_taglia-xs-de","19":"pa_taglia-xxl-de","20":"pa_taglia-xxxl-de","22":"first","23":"onbackorder","24":"shipping-taxable","25":"purchasable","26":"product-type-variable","27":"has-default-attributes"},"acf":[],"_links":{"self":[{"href":"https:\/\/www.protoxtype.com\/de\/wp-json\/wp\/v2\/product\/7878","targetHints":{"allow":["GET"]}}],"collection":[{"href":"https:\/\/www.protoxtype.com\/de\/wp-json\/wp\/v2\/product"}],"about":[{"href":"https:\/\/www.protoxtype.com\/de\/wp-json\/wp\/v2\/types\/product"}],"version-history":[{"count":0,"href":"https:\/\/www.protoxtype.com\/de\/wp-json\/wp\/v2\/product\/7878\/revisions"}],"wp:featuredmedia":[{"embeddable":true,"href":"https:\/\/www.protoxtype.com\/de\/wp-json\/wp\/v2\/media\/61222"}],"wp:attachment":[{"href":"https:\/\/www.protoxtype.com\/de\/wp-json\/wp\/v2\/media?parent=7878"}],"wp:term":[{"taxonomy":"product_brand","embeddable":true,"href":"https:\/\/www.protoxtype.com\/de\/wp-json\/wp\/v2\/product_brand?post=7878"},{"taxonomy":"product_cat","embeddable":true,"href":"https:\/\/www.protoxtype.com\/de\/wp-json\/wp\/v2\/product_cat?post=7878"},{"taxonomy":"product_tag","embeddable":true,"href":"https:\/\/www.protoxtype.com\/de\/wp-json\/wp\/v2\/product_tag?post=7878"}],"curies":[{"name":"wp","href":"https:\/\/api.w.org\/{rel}","templated":true}]}}