{"id":7864,"date":"2019-11-13T22:46:11","date_gmt":"2019-11-13T21:46:11","guid":{"rendered":"http:\/\/www.protoxtype.com\/prodotto\/pantaloncini-di-jeans-con-aperture-laterali\/"},"modified":"2024-02-23T16:28:40","modified_gmt":"2024-02-23T15:28:40","slug":"kurze-hosen-damen-jeans-mit-seitenoeffnungen","status":"publish","type":"product","link":"https:\/\/www.protoxtype.com\/de\/kurze-hosen-damen-jeans-mit-seitenoeffnungen\/","title":{"rendered":"Kurze hosen damen jeans mit Seiten\u00f6ffnungen"},"content":{"rendered":"<h2>Kurze hosen damen jeans mit Seiten\u00f6ffnungen<\/h2>\n<p>Diese Kurze hosen damen jeans mit Seiten\u00f6ffnungen aus Bio-Baumwolle basieren auf dreidimensionalen Modellen, um absolute Bewegungsfreiheit und Komfort zu erm\u00f6glichen. Sie sind auch allergiegetestet, atmungsaktiv und antipilling. Der Stoff ist sehr weich auf der Haut. Sie sind auch mit niedlichen Seiten\u00f6ffnungen verziert, die Ihren Look w\u00e4rmer und bunter machen werden.<\/p>\n<p>Das Model tr\u00e4gt Gr\u00f6\u00dfe L<\/p>\n<p>&#8212;-<\/p>\n<p>99,2% Bio-Baumwolle 0,8% Spandex<\/p>\n","protected":false},"excerpt":{"rendered":"<p>Kurze hosen damen jeans mit Seiten\u00f6ffnungen Diese Kurze hosen damen jeans mit Seiten\u00f6ffnungen aus Bio-Baumwolle basieren auf dreidimensionalen Modellen, um absolute Bewegungsfreiheit und Komfort zu erm\u00f6glichen. Sie sind auch allergiegetestet, atmungsaktiv und antipilling. Der Stoff ist sehr weich auf der Haut. Sie sind auch mit niedlichen Seiten\u00f6ffnungen verziert, die Ihren Look w\u00e4rmer und bunter machen [&hellip;]<\/p>\n","protected":false},"featured_media":61211,"template":"","meta":{"_acf_changed":false},"product_brand":[],"product_cat":[556,694,696,214,664,670,662],"product_tag":[],"class_list":{"0":"post-7864","1":"product","2":"type-product","3":"status-publish","4":"has-post-thumbnail","6":"product_cat-bio-baumwolle-kleidung-damen","7":"product_cat-bootsbekleidung","8":"product_cat-bootsbekleidung-fur-damen","9":"product_cat-shorts-damen","10":"product_cat-damenbekleidung-aus-naturfasern","11":"product_cat-naturfaser-damenshorts","12":"product_cat-outdoor-bekleidung-damen","13":"pa_colore-heller-jeansstoff","14":"pa_taglia-l-de","15":"pa_taglia-m-de","16":"pa_taglia-s-de","17":"pa_taglia-xl-de","18":"pa_taglia-xs-de","19":"pa_taglia-xxl-de","21":"first","22":"onbackorder","23":"shipping-taxable","24":"purchasable","25":"product-type-variable","26":"has-default-attributes"},"acf":[],"_links":{"self":[{"href":"https:\/\/www.protoxtype.com\/de\/wp-json\/wp\/v2\/product\/7864","targetHints":{"allow":["GET"]}}],"collection":[{"href":"https:\/\/www.protoxtype.com\/de\/wp-json\/wp\/v2\/product"}],"about":[{"href":"https:\/\/www.protoxtype.com\/de\/wp-json\/wp\/v2\/types\/product"}],"version-history":[{"count":0,"href":"https:\/\/www.protoxtype.com\/de\/wp-json\/wp\/v2\/product\/7864\/revisions"}],"wp:featuredmedia":[{"embeddable":true,"href":"https:\/\/www.protoxtype.com\/de\/wp-json\/wp\/v2\/media\/61211"}],"wp:attachment":[{"href":"https:\/\/www.protoxtype.com\/de\/wp-json\/wp\/v2\/media?parent=7864"}],"wp:term":[{"taxonomy":"product_brand","embeddable":true,"href":"https:\/\/www.protoxtype.com\/de\/wp-json\/wp\/v2\/product_brand?post=7864"},{"taxonomy":"product_cat","embeddable":true,"href":"https:\/\/www.protoxtype.com\/de\/wp-json\/wp\/v2\/product_cat?post=7864"},{"taxonomy":"product_tag","embeddable":true,"href":"https:\/\/www.protoxtype.com\/de\/wp-json\/wp\/v2\/product_tag?post=7864"}],"curies":[{"name":"wp","href":"https:\/\/api.w.org\/{rel}","templated":true}]}}