{"id":7849,"date":"2019-11-13T22:46:14","date_gmt":"2019-11-13T21:46:14","guid":{"rendered":"http:\/\/www.protoxtype.com\/prodotto\/pantaloncini-da-bagno\/"},"modified":"2025-09-29T16:40:50","modified_gmt":"2025-09-29T14:40:50","slug":"damen-badeshorts","status":"publish","type":"product","link":"https:\/\/www.protoxtype.com\/de\/damen-badeshorts\/","title":{"rendered":"Damen Badeshorts"},"content":{"rendered":"<h2>Damen Badeshorts<\/h2>\n<p>Damen Badeshorts. Das f\u00fcr diese Badeshorts verwendete Nylon ist Oeko Tex zertifiziert und daher allergiegetestet. Die besondere Form der vorderen Taschen dieses Kleidungsst\u00fccks wurde so gestaltet, dass die darin liegenden Objekte nicht verloren gehen. Dieses Kleidungsst\u00fcck eignet sich hervorragend zum Schwimmen, f\u00fcr Outdoor-Aktivit\u00e4ten, oder um Sport zu treiben. Achtung: <a href=\"https:\/\/www.protoxtype.com\/de\/ein-besonders-warm-gefuetterter-mantel-fuer-damen\/\">F\u00fcr diesen Artikel wird eine<\/a> gr\u00f6\u00dfere Nummer empfohlen (z.B. wenn Sie in der Regel eine Gr\u00f6\u00dfe M haben, kaufen Sie eine L).<\/p>\n<p>&#8212;-<\/p>\n<p>100% Nylon<\/p>\n","protected":false},"excerpt":{"rendered":"<p>Damen Badeshorts Damen Badeshorts. Das f\u00fcr diese Badeshorts verwendete Nylon ist Oeko Tex zertifiziert und daher allergiegetestet. Die besondere Form der vorderen Taschen dieses Kleidungsst\u00fccks wurde so gestaltet, dass die darin liegenden Objekte nicht verloren gehen. Dieses Kleidungsst\u00fcck eignet sich hervorragend zum Schwimmen, f\u00fcr Outdoor-Aktivit\u00e4ten, oder um Sport zu treiben. Achtung: F\u00fcr diesen Artikel wird [&hellip;]<\/p>\n","protected":false},"featured_media":61208,"template":"","meta":{"_acf_changed":false},"product_brand":[],"product_cat":[724,694,696,210,662],"product_tag":[],"class_list":{"0":"post-7849","1":"product","2":"type-product","3":"status-publish","4":"has-post-thumbnail","6":"product_cat-badeshorts-damen","7":"product_cat-bootsbekleidung","8":"product_cat-bootsbekleidung-fur-damen","9":"product_cat-damenbekleidung-technische-stoffe","10":"product_cat-outdoor-bekleidung-damen","11":"pa_colore-orangefarben","12":"pa_colore-schwarz","13":"pa_taglia-l-de","14":"pa_taglia-m-de","15":"pa_taglia-s-de","16":"pa_taglia-xl-de","17":"pa_taglia-xs-de","18":"pa_taglia-xxl-de","19":"pa_taglia-xxxl-de","21":"first","22":"onbackorder","23":"shipping-taxable","24":"purchasable","25":"product-type-variable","26":"has-default-attributes"},"acf":[],"_links":{"self":[{"href":"https:\/\/www.protoxtype.com\/de\/wp-json\/wp\/v2\/product\/7849","targetHints":{"allow":["GET"]}}],"collection":[{"href":"https:\/\/www.protoxtype.com\/de\/wp-json\/wp\/v2\/product"}],"about":[{"href":"https:\/\/www.protoxtype.com\/de\/wp-json\/wp\/v2\/types\/product"}],"version-history":[{"count":4,"href":"https:\/\/www.protoxtype.com\/de\/wp-json\/wp\/v2\/product\/7849\/revisions"}],"predecessor-version":[{"id":63695,"href":"https:\/\/www.protoxtype.com\/de\/wp-json\/wp\/v2\/product\/7849\/revisions\/63695"}],"wp:featuredmedia":[{"embeddable":true,"href":"https:\/\/www.protoxtype.com\/de\/wp-json\/wp\/v2\/media\/61208"}],"wp:attachment":[{"href":"https:\/\/www.protoxtype.com\/de\/wp-json\/wp\/v2\/media?parent=7849"}],"wp:term":[{"taxonomy":"product_brand","embeddable":true,"href":"https:\/\/www.protoxtype.com\/de\/wp-json\/wp\/v2\/product_brand?post=7849"},{"taxonomy":"product_cat","embeddable":true,"href":"https:\/\/www.protoxtype.com\/de\/wp-json\/wp\/v2\/product_cat?post=7849"},{"taxonomy":"product_tag","embeddable":true,"href":"https:\/\/www.protoxtype.com\/de\/wp-json\/wp\/v2\/product_tag?post=7849"}],"curies":[{"name":"wp","href":"https:\/\/api.w.org\/{rel}","templated":true}]}}