{"id":7705,"date":"2019-11-13T23:14:16","date_gmt":"2019-11-13T22:14:16","guid":{"rendered":"http:\/\/www.protoxtype.com\/prodotto\/giacca-termica-con-cappuccio-2\/"},"modified":"2024-02-22T11:57:47","modified_gmt":"2024-02-22T10:57:47","slug":"herren-thermojacke-mit-kapuze","status":"publish","type":"product","link":"https:\/\/www.protoxtype.com\/de\/herren-thermojacke-mit-kapuze\/","title":{"rendered":"Herren Thermojacke mit Kapuze"},"content":{"rendered":"<h2>Herren Thermojacke mit Kapuze<\/h2>\n<p>Diese Herren Thermojacke mit Kapuze ist aus Polypropylen. Polypropylen ist ein allergiegetestetes, schmutzabweisendes und geruchsneutralisierendes Material. Es ist auch ein schnell trocknendes und temperaturausgleichendes Material, wobei es ein atmungsaktives Kleidungsst\u00fcck bleibt. <a href=\"https:\/\/www.protoxtype.com\/de\/silberne-jacke\/\">Die Qualit\u00e4t und Leistungsf\u00e4higkeit von Polypropylen machen diese Jacke ideal<\/a> f\u00fcr l\u00e4ngere und schwierigere Reisen. Diese Jacke wurde auf dreidimensionalen Modellen gebaut, um ergonomische Leistungen zu erm\u00f6glichen und Ihnen v\u00f6llige Bewegungsfreiheit zu gew\u00e4hrleisten.<\/p>\n<p>Das Model tr\u00e4gt Gr\u00f6\u00dfe M<\/p>\n<p>&#8212;-<\/p>\n<p>95% Polypropylen 5% Spandex<\/p>\n","protected":false},"excerpt":{"rendered":"<p>Herren Thermojacke mit Kapuze Diese Herren Thermojacke mit Kapuze ist aus Polypropylen. Polypropylen ist ein allergiegetestetes, schmutzabweisendes und geruchsneutralisierendes Material. Es ist auch ein schnell trocknendes und temperaturausgleichendes Material, wobei es ein atmungsaktives Kleidungsst\u00fcck bleibt. Die Qualit\u00e4t und Leistungsf\u00e4higkeit von Polypropylen machen diese Jacke ideal f\u00fcr l\u00e4ngere und schwierigere Reisen. Diese Jacke wurde auf dreidimensionalen [&hellip;]<\/p>\n","protected":false},"featured_media":5763,"template":"","meta":{"_acf_changed":false},"product_brand":[],"product_cat":[694,695,404,220,675],"product_tag":[],"class_list":{"0":"post-7705","1":"product","2":"type-product","3":"status-publish","4":"has-post-thumbnail","6":"product_cat-bootsbekleidung","7":"product_cat-bootsbekleidung-fur-herren","8":"product_cat-sweatshirts-herren-technische-stoffe","9":"product_cat-herrenbekleidung-technische-stoffe","10":"product_cat-outdoor-bekleidung-herren","11":"pa_colore-schwarz","12":"pa_taglia-l-de","13":"pa_taglia-m-de","14":"pa_taglia-s-de","15":"pa_taglia-xl-de","16":"pa_taglia-xxl-de","17":"pa_taglia-xxxl-de","19":"first","20":"onbackorder","21":"shipping-taxable","22":"purchasable","23":"product-type-variable","24":"has-default-attributes"},"acf":[],"_links":{"self":[{"href":"https:\/\/www.protoxtype.com\/de\/wp-json\/wp\/v2\/product\/7705","targetHints":{"allow":["GET"]}}],"collection":[{"href":"https:\/\/www.protoxtype.com\/de\/wp-json\/wp\/v2\/product"}],"about":[{"href":"https:\/\/www.protoxtype.com\/de\/wp-json\/wp\/v2\/types\/product"}],"version-history":[{"count":0,"href":"https:\/\/www.protoxtype.com\/de\/wp-json\/wp\/v2\/product\/7705\/revisions"}],"wp:featuredmedia":[{"embeddable":true,"href":"https:\/\/www.protoxtype.com\/de\/wp-json\/wp\/v2\/media\/5763"}],"wp:attachment":[{"href":"https:\/\/www.protoxtype.com\/de\/wp-json\/wp\/v2\/media?parent=7705"}],"wp:term":[{"taxonomy":"product_brand","embeddable":true,"href":"https:\/\/www.protoxtype.com\/de\/wp-json\/wp\/v2\/product_brand?post=7705"},{"taxonomy":"product_cat","embeddable":true,"href":"https:\/\/www.protoxtype.com\/de\/wp-json\/wp\/v2\/product_cat?post=7705"},{"taxonomy":"product_tag","embeddable":true,"href":"https:\/\/www.protoxtype.com\/de\/wp-json\/wp\/v2\/product_tag?post=7705"}],"curies":[{"name":"wp","href":"https:\/\/api.w.org\/{rel}","templated":true}]}}