{"id":7692,"date":"2019-11-13T23:15:01","date_gmt":"2019-11-13T22:15:01","guid":{"rendered":"http:\/\/www.protoxtype.com\/prodotto\/camicia-in-bamboo-a-maniche-corte\/"},"modified":"2025-07-04T03:09:26","modified_gmt":"2025-07-04T01:09:26","slug":"herren-hemd-kurzarm-aus-bambus","status":"publish","type":"product","link":"https:\/\/www.protoxtype.com\/de\/herren-hemd-kurzarm-aus-bambus\/","title":{"rendered":"Herren hemd kurzarm aus Bambus"},"content":{"rendered":"<h2>Herren hemd kurzarm aus Bambus<\/h2>\n<p><span class=\"HwtZe\" lang=\"de\"><span class=\"jCAhz ChMk0b\"><span class=\"ryNqvb\">Der Stoff dieses Herren hemd kurzarm aus Bambus liegt sehr weich auf der Haut und verf\u00e4rbt oder schrumpft beim Waschen nicht.<\/span><\/span> <span class=\"jCAhz ChMk0b\"><span class=\"ryNqvb\">Dieser Bambusstoff ist hypoallergen, atmungsaktiv, antibakteriell und sch\u00fctzt vor UV-Strahlen.<\/span><\/span> <span class=\"jCAhz ChMk0b\"><span class=\"ryNqvb\">Die F\u00e4higkeit dieses Gewebes, den K\u00f6rper 1 bis 2 Grad k\u00fchler zu halten als jedes andere Gewebe, und seine F\u00e4higkeit, Feuchtigkeit und Schwei\u00df zu absorbieren, ohne Ger\u00fcche zu absorbieren, machen dieses Kleidungsst\u00fcck ideal f\u00fcr jede Art von Klima.<\/span><\/span> <span class=\"jCAhz ChMk0b\"><span class=\"ryNqvb\">Jedes Detail wurde f\u00fcr hohe Leistung entwickelt, wie der Hals, der so strukturiert ist, dass er vor Wind sch\u00fctzt.<\/span><\/span> <span class=\"jCAhz ChMk0b\"><span class=\"ryNqvb\">Wie alle unsere Kleidungsst\u00fccke basiert dieses Shirt auf dreidimensionalen Mustern, um eine ergonomische Leistung zu erm\u00f6glichen und absolute Bewegungsfreiheit zu gew\u00e4hrleisten.<\/span><\/span><\/span><\/p>\n<p>Das Model tr\u00e4gt Gr\u00f6\u00dfe S<\/p>\n<p>&#8212;-<\/p>\n<p>100% Bambus<\/p>\n","protected":false},"excerpt":{"rendered":"<p>Herren hemd kurzarm aus Bambus Der Stoff dieses Herren hemd kurzarm aus Bambus liegt sehr weich auf der Haut und verf\u00e4rbt oder schrumpft beim Waschen nicht. Dieser Bambusstoff ist hypoallergen, atmungsaktiv, antibakteriell und sch\u00fctzt vor UV-Strahlen. Die F\u00e4higkeit dieses Gewebes, den K\u00f6rper 1 bis 2 Grad k\u00fchler zu halten als jedes andere Gewebe, und seine [&hellip;]<\/p>\n","protected":false},"featured_media":61332,"template":"","meta":{"_acf_changed":false},"product_brand":[],"product_cat":[562,694,695,671,226,675],"product_tag":[],"class_list":{"0":"post-7692","1":"product","2":"type-product","3":"status-publish","4":"has-post-thumbnail","6":"product_cat-bambuskleidung-herren","7":"product_cat-bootsbekleidung","8":"product_cat-bootsbekleidung-fur-herren","9":"product_cat-herrenbekleidung-aus-naturfasern","10":"product_cat-herrenhemden-naturfasern","11":"product_cat-outdoor-bekleidung-herren","12":"pa_colore-schwarz","13":"pa_colore-weiss","14":"pa_taglia-l-de","15":"pa_taglia-m-de","16":"pa_taglia-s-de","17":"pa_taglia-xl-de","18":"pa_taglia-xxl-de","19":"pa_taglia-xxxl-de","21":"first","22":"onbackorder","23":"shipping-taxable","24":"purchasable","25":"product-type-variable","26":"has-default-attributes"},"acf":[],"_links":{"self":[{"href":"https:\/\/www.protoxtype.com\/de\/wp-json\/wp\/v2\/product\/7692","targetHints":{"allow":["GET"]}}],"collection":[{"href":"https:\/\/www.protoxtype.com\/de\/wp-json\/wp\/v2\/product"}],"about":[{"href":"https:\/\/www.protoxtype.com\/de\/wp-json\/wp\/v2\/types\/product"}],"version-history":[{"count":0,"href":"https:\/\/www.protoxtype.com\/de\/wp-json\/wp\/v2\/product\/7692\/revisions"}],"wp:featuredmedia":[{"embeddable":true,"href":"https:\/\/www.protoxtype.com\/de\/wp-json\/wp\/v2\/media\/61332"}],"wp:attachment":[{"href":"https:\/\/www.protoxtype.com\/de\/wp-json\/wp\/v2\/media?parent=7692"}],"wp:term":[{"taxonomy":"product_brand","embeddable":true,"href":"https:\/\/www.protoxtype.com\/de\/wp-json\/wp\/v2\/product_brand?post=7692"},{"taxonomy":"product_cat","embeddable":true,"href":"https:\/\/www.protoxtype.com\/de\/wp-json\/wp\/v2\/product_cat?post=7692"},{"taxonomy":"product_tag","embeddable":true,"href":"https:\/\/www.protoxtype.com\/de\/wp-json\/wp\/v2\/product_tag?post=7692"}],"curies":[{"name":"wp","href":"https:\/\/api.w.org\/{rel}","templated":true}]}}