{"id":7660,"date":"2019-11-13T23:22:04","date_gmt":"2019-11-13T22:22:04","guid":{"rendered":"http:\/\/www.protoxtype.com\/prodotto\/camicia-in-bamboo-a-maniche-lunghe\/"},"modified":"2024-02-22T11:38:32","modified_gmt":"2024-02-22T10:38:32","slug":"hemde-herren-aus-bambus-mit-langen-aermeln","status":"publish","type":"product","link":"https:\/\/www.protoxtype.com\/de\/hemde-herren-aus-bambus-mit-langen-aermeln\/","title":{"rendered":"Hemde herren aus Bambus mit langen \u00c4rmeln"},"content":{"rendered":"<h2>Hemde herren aus Bambus mit langen \u00c4rmeln<\/h2>\n<p>Der Stoff dieses Hemde herren ist sehr weich auf der Haut und verf\u00e4rbt sich oder schrumpft nicht beim Waschen. Dieses Bambusgewebe ist allergiegetestet, atmungsaktiv, antibakteriell und sch\u00fctzt vor UV-Strahlen. Die F\u00e4higkeit dieses Gewebes, den K\u00f6rper 1 bis 2 Grad k\u00fchler als jedes andere Gewebe zu halten, und Feuchtigkeit und Schwei\u00df zu absorbieren, ohne jeglichen Geruch zu absorbieren, machen dieses Kleidungsst\u00fcck f\u00fcr jede Art von Klima ideal. Jedes Detail wurde f\u00fcr hohe Leistungen entwickelt: Der Kragen ist so strukturiert, dass er vor dem Wind sch\u00fctzt, das B\u00fcndchendesign erm\u00f6glicht es Ihnen, die Uhr sichtbar zu halten, w\u00e4hrend die verstellbaren \u00c4rmel diesem Hemd eine einzigartige Praktikabilit\u00e4t verleihen. Wie alle unsere Kleidungsst\u00fccke wurde dieses Hemd auf dreidimensionalen Modellen gebaut, um ergonomische Leistungen und totale Bewegungsfreiheit zu erm\u00f6glichen.<\/p>\n<p>Das Model tr\u00e4gt Gr\u00f6\u00dfe S<\/p>\n<p>&#8212;-<\/p>\n<p>100% Bambus<\/p>\n","protected":false},"excerpt":{"rendered":"<p>Hemde herren aus Bambus mit langen \u00c4rmeln Der Stoff dieses Hemde herren ist sehr weich auf der Haut und verf\u00e4rbt sich oder schrumpft nicht beim Waschen. Dieses Bambusgewebe ist allergiegetestet, atmungsaktiv, antibakteriell und sch\u00fctzt vor UV-Strahlen. Die F\u00e4higkeit dieses Gewebes, den K\u00f6rper 1 bis 2 Grad k\u00fchler als jedes andere Gewebe zu halten, und Feuchtigkeit [&hellip;]<\/p>\n","protected":false},"featured_media":5722,"template":"","meta":{"_acf_changed":false},"product_brand":[],"product_cat":[562,694,695,671,226,675],"product_tag":[],"class_list":{"0":"post-7660","1":"product","2":"type-product","3":"status-publish","4":"has-post-thumbnail","6":"product_cat-bambuskleidung-herren","7":"product_cat-bootsbekleidung","8":"product_cat-bootsbekleidung-fur-herren","9":"product_cat-herrenbekleidung-aus-naturfasern","10":"product_cat-herrenhemden-naturfasern","11":"product_cat-outdoor-bekleidung-herren","12":"pa_colore-schwarz","13":"pa_colore-weiss","14":"pa_taglia-l-de","15":"pa_taglia-m-de","16":"pa_taglia-s-de","17":"pa_taglia-xl-de","18":"pa_taglia-xxl-de","19":"pa_taglia-xxxl-de","21":"first","22":"onbackorder","23":"shipping-taxable","24":"purchasable","25":"product-type-variable","26":"has-default-attributes"},"acf":[],"_links":{"self":[{"href":"https:\/\/www.protoxtype.com\/de\/wp-json\/wp\/v2\/product\/7660","targetHints":{"allow":["GET"]}}],"collection":[{"href":"https:\/\/www.protoxtype.com\/de\/wp-json\/wp\/v2\/product"}],"about":[{"href":"https:\/\/www.protoxtype.com\/de\/wp-json\/wp\/v2\/types\/product"}],"version-history":[{"count":0,"href":"https:\/\/www.protoxtype.com\/de\/wp-json\/wp\/v2\/product\/7660\/revisions"}],"wp:featuredmedia":[{"embeddable":true,"href":"https:\/\/www.protoxtype.com\/de\/wp-json\/wp\/v2\/media\/5722"}],"wp:attachment":[{"href":"https:\/\/www.protoxtype.com\/de\/wp-json\/wp\/v2\/media?parent=7660"}],"wp:term":[{"taxonomy":"product_brand","embeddable":true,"href":"https:\/\/www.protoxtype.com\/de\/wp-json\/wp\/v2\/product_brand?post=7660"},{"taxonomy":"product_cat","embeddable":true,"href":"https:\/\/www.protoxtype.com\/de\/wp-json\/wp\/v2\/product_cat?post=7660"},{"taxonomy":"product_tag","embeddable":true,"href":"https:\/\/www.protoxtype.com\/de\/wp-json\/wp\/v2\/product_tag?post=7660"}],"curies":[{"name":"wp","href":"https:\/\/api.w.org\/{rel}","templated":true}]}}