{"id":7647,"date":"2019-11-13T23:24:47","date_gmt":"2019-11-13T22:24:47","guid":{"rendered":"http:\/\/www.protoxtype.com\/prodotto\/camicia-in-canapa-e-cotone-organico-a-maniche-lunghe\/"},"modified":"2024-02-09T10:07:41","modified_gmt":"2024-02-09T09:07:41","slug":"herrenhemden-langarm-aus-hanfstoff-und-bio-baumwolle","status":"publish","type":"product","link":"https:\/\/www.protoxtype.com\/de\/herrenhemden-langarm-aus-hanfstoff-und-bio-baumwolle\/","title":{"rendered":"Herrenhemden langarm aus Hanfstoff und Bio-Baumwolle"},"content":{"rendered":"<h2>Herrenhemden langarm aus Hanfstoff und Bio-Baumwolle<\/h2>\n<p>Dieses Herrenhemden langarm besteht aus mit Hanfstoff gemischter Bio-Baumwolle und wurde ohne chemische Zus\u00e4tze hergestellt und gef\u00e4rbt. Das organisches Gewebe macht das Kleidungsst\u00fcck allergiegetestet und nat\u00fcrlich atmungsaktiv sowie antipilling. Dieses Hemd wurde auf dreidimensionalen Modellen gebaut, um maximale Bewegungsfreiheit zu erm\u00f6glichen. Das Design wurde im Detail entworfen, um seine Praktikabilit\u00e4t und Komfort zu gew\u00e4hrleisten: Von dem B\u00fcndchen, das die Uhr freilegt, bis zum Brillenhaken.<\/p>\n<p>&#8212;-<\/p>\n<p>100% Bambus<\/p>\n","protected":false},"excerpt":{"rendered":"<p>Herrenhemden langarm aus Hanfstoff und Bio-Baumwolle Dieses Herrenhemden langarm besteht aus mit Hanfstoff gemischter Bio-Baumwolle und wurde ohne chemische Zus\u00e4tze hergestellt und gef\u00e4rbt. Das organisches Gewebe macht das Kleidungsst\u00fcck allergiegetestet und nat\u00fcrlich atmungsaktiv sowie antipilling. Dieses Hemd wurde auf dreidimensionalen Modellen gebaut, um maximale Bewegungsfreiheit zu erm\u00f6glichen. Das Design wurde im Detail entworfen, um seine [&hellip;]<\/p>\n","protected":false},"featured_media":5694,"template":"","meta":{"_acf_changed":false},"product_brand":[],"product_cat":[220,226],"product_tag":[],"class_list":{"0":"post-7647","1":"product","2":"type-product","3":"status-publish","4":"has-post-thumbnail","6":"product_cat-herrenbekleidung-technische-stoffe","7":"product_cat-herrenhemden-naturfasern","8":"pa_colore-schwarz","9":"pa_colore-weiss","10":"pa_taglia-l-de","11":"pa_taglia-m-de","12":"pa_taglia-s-de","13":"pa_taglia-xl-de","14":"pa_taglia-xxl-de","15":"pa_taglia-xxxl-de","17":"first","18":"onbackorder","19":"shipping-taxable","20":"purchasable","21":"product-type-variable"},"acf":[],"_links":{"self":[{"href":"https:\/\/www.protoxtype.com\/de\/wp-json\/wp\/v2\/product\/7647","targetHints":{"allow":["GET"]}}],"collection":[{"href":"https:\/\/www.protoxtype.com\/de\/wp-json\/wp\/v2\/product"}],"about":[{"href":"https:\/\/www.protoxtype.com\/de\/wp-json\/wp\/v2\/types\/product"}],"version-history":[{"count":0,"href":"https:\/\/www.protoxtype.com\/de\/wp-json\/wp\/v2\/product\/7647\/revisions"}],"wp:featuredmedia":[{"embeddable":true,"href":"https:\/\/www.protoxtype.com\/de\/wp-json\/wp\/v2\/media\/5694"}],"wp:attachment":[{"href":"https:\/\/www.protoxtype.com\/de\/wp-json\/wp\/v2\/media?parent=7647"}],"wp:term":[{"taxonomy":"product_brand","embeddable":true,"href":"https:\/\/www.protoxtype.com\/de\/wp-json\/wp\/v2\/product_brand?post=7647"},{"taxonomy":"product_cat","embeddable":true,"href":"https:\/\/www.protoxtype.com\/de\/wp-json\/wp\/v2\/product_cat?post=7647"},{"taxonomy":"product_tag","embeddable":true,"href":"https:\/\/www.protoxtype.com\/de\/wp-json\/wp\/v2\/product_tag?post=7647"}],"curies":[{"name":"wp","href":"https:\/\/api.w.org\/{rel}","templated":true}]}}