{"id":7636,"date":"2019-11-13T23:28:41","date_gmt":"2019-11-13T22:28:41","guid":{"rendered":"http:\/\/www.protoxtype.com\/prodotto\/blazer-in-cotone-organico-2\/"},"modified":"2024-02-09T10:03:04","modified_gmt":"2024-02-09T09:03:04","slug":"herren-blazer-aus-bio-baumwolle","status":"publish","type":"product","link":"https:\/\/www.protoxtype.com\/de\/herren-blazer-aus-bio-baumwolle\/","title":{"rendered":"Herren Blazer aus Bio-Baumwolle"},"content":{"rendered":"<h2>Herren Blazer aus Bio-Baumwolle<\/h2>\n<p>Dieser Herren Blazer aus Bio-Baumwolle wurde auf einem dreidimensionalen Modellpapier gebaut, um v\u00f6llige Bewegungsfreiheit zu erm\u00f6glichen. Der Bio-Baumwollstoff macht dieses Kleidungsst\u00fcck allergiegetestet und atmungsaktiv, sowie weich und angenehm auf der Haut.<\/p>\n<p>&#8212;-<\/p>\n<p>97% Bio-Baumwolle 3% Spandex<\/p>\n","protected":false},"excerpt":{"rendered":"<p>Herren Blazer aus Bio-Baumwolle Dieser Herren Blazer aus Bio-Baumwolle wurde auf einem dreidimensionalen Modellpapier gebaut, um v\u00f6llige Bewegungsfreiheit zu erm\u00f6glichen. Der Bio-Baumwollstoff macht dieses Kleidungsst\u00fcck allergiegetestet und atmungsaktiv, sowie weich und angenehm auf der Haut. &#8212;- 97% Bio-Baumwolle 3% Spandex<\/p>\n","protected":false},"featured_media":5672,"template":"","meta":{"_acf_changed":false},"product_brand":[],"product_cat":[560,224,671,672,675],"product_tag":[],"class_list":{"0":"post-7636","1":"product","2":"type-product","3":"status-publish","4":"has-post-thumbnail","6":"product_cat-bio-baumwolle-kleidung-herren","7":"product_cat-jacken-mann","8":"product_cat-herrenbekleidung-aus-naturfasern","9":"product_cat-herrenjacken-aus-naturfasern","10":"product_cat-outdoor-bekleidung-herren","11":"pa_colore-blau","12":"pa_colore-schwarz","13":"pa_taglia-l-de","14":"pa_taglia-m-de","15":"pa_taglia-s-de","16":"pa_taglia-xl-de","17":"pa_taglia-xxl-de","18":"pa_taglia-xxxl-de","20":"first","21":"onbackorder","22":"shipping-taxable","23":"purchasable","24":"product-type-variable","25":"has-default-attributes"},"acf":[],"_links":{"self":[{"href":"https:\/\/www.protoxtype.com\/de\/wp-json\/wp\/v2\/product\/7636","targetHints":{"allow":["GET"]}}],"collection":[{"href":"https:\/\/www.protoxtype.com\/de\/wp-json\/wp\/v2\/product"}],"about":[{"href":"https:\/\/www.protoxtype.com\/de\/wp-json\/wp\/v2\/types\/product"}],"version-history":[{"count":0,"href":"https:\/\/www.protoxtype.com\/de\/wp-json\/wp\/v2\/product\/7636\/revisions"}],"wp:featuredmedia":[{"embeddable":true,"href":"https:\/\/www.protoxtype.com\/de\/wp-json\/wp\/v2\/media\/5672"}],"wp:attachment":[{"href":"https:\/\/www.protoxtype.com\/de\/wp-json\/wp\/v2\/media?parent=7636"}],"wp:term":[{"taxonomy":"product_brand","embeddable":true,"href":"https:\/\/www.protoxtype.com\/de\/wp-json\/wp\/v2\/product_brand?post=7636"},{"taxonomy":"product_cat","embeddable":true,"href":"https:\/\/www.protoxtype.com\/de\/wp-json\/wp\/v2\/product_cat?post=7636"},{"taxonomy":"product_tag","embeddable":true,"href":"https:\/\/www.protoxtype.com\/de\/wp-json\/wp\/v2\/product_tag?post=7636"}],"curies":[{"name":"wp","href":"https:\/\/api.w.org\/{rel}","templated":true}]}}