{"id":7629,"date":"2019-11-13T23:32:04","date_gmt":"2019-11-13T22:32:04","guid":{"rendered":"http:\/\/www.protoxtype.com\/prodotto\/smanicato-in-piuma-2\/"},"modified":"2024-02-09T10:00:43","modified_gmt":"2024-02-09T09:00:43","slug":"herren-aermellose-daunenjacke","status":"publish","type":"product","link":"https:\/\/www.protoxtype.com\/de\/herren-aermellose-daunenjacke\/","title":{"rendered":"Herren \u00c4rmellose Daunenjacke"},"content":{"rendered":"<h2>Herren \u00c4rmellose Daunenjacke<\/h2>\n<p>Die Herren \u00c4rmellose Daunenjacke mit Daunenfeder 90\/10 einer der w\u00e4rmsten auf dem Markt, und die Hydrophobierung dieser \u00e4rmellosen Daunenjacke machen es perfekt f\u00fcr Halbjahreszeiten (oder nicht zu harte Klimazonen). Er basiert auf dreidimensionalen Modellen, um totale Bewegungsfreiheit zu gew\u00e4hrleisten.<\/p>\n<p>&#8212;-<\/p>\n<p>100% Nylon<\/p>\n","protected":false},"excerpt":{"rendered":"<p>Herren \u00c4rmellose Daunenjacke Die Herren \u00c4rmellose Daunenjacke mit Daunenfeder 90\/10 einer der w\u00e4rmsten auf dem Markt, und die Hydrophobierung dieser \u00e4rmellosen Daunenjacke machen es perfekt f\u00fcr Halbjahreszeiten (oder nicht zu harte Klimazonen). Er basiert auf dreidimensionalen Modellen, um totale Bewegungsfreiheit zu gew\u00e4hrleisten. &#8212;- 100% Nylon<\/p>\n","protected":false},"featured_media":5654,"template":"","meta":{"_acf_changed":false},"product_brand":[],"product_cat":[224,220,681,675,531],"product_tag":[],"class_list":{"0":"post-7629","1":"product","2":"type-product","3":"status-publish","4":"has-post-thumbnail","6":"product_cat-jacken-mann","7":"product_cat-herrenbekleidung-technische-stoffe","8":"product_cat-herrenjacken-aus-technischen-stoffen","9":"product_cat-outdoor-bekleidung-herren","10":"product_cat-werbeaktionen","11":"pa_colore-schwarz","12":"pa_taglia-l-de","13":"pa_taglia-m-de","14":"pa_taglia-s-de","15":"pa_taglia-xl-de","16":"pa_taglia-xxl-de","17":"pa_taglia-xxxl-de","19":"first","20":"onbackorder","21":"sale","22":"shipping-taxable","23":"purchasable","24":"product-type-variable","25":"has-default-attributes"},"acf":[],"_links":{"self":[{"href":"https:\/\/www.protoxtype.com\/de\/wp-json\/wp\/v2\/product\/7629","targetHints":{"allow":["GET"]}}],"collection":[{"href":"https:\/\/www.protoxtype.com\/de\/wp-json\/wp\/v2\/product"}],"about":[{"href":"https:\/\/www.protoxtype.com\/de\/wp-json\/wp\/v2\/types\/product"}],"version-history":[{"count":0,"href":"https:\/\/www.protoxtype.com\/de\/wp-json\/wp\/v2\/product\/7629\/revisions"}],"wp:featuredmedia":[{"embeddable":true,"href":"https:\/\/www.protoxtype.com\/de\/wp-json\/wp\/v2\/media\/5654"}],"wp:attachment":[{"href":"https:\/\/www.protoxtype.com\/de\/wp-json\/wp\/v2\/media?parent=7629"}],"wp:term":[{"taxonomy":"product_brand","embeddable":true,"href":"https:\/\/www.protoxtype.com\/de\/wp-json\/wp\/v2\/product_brand?post=7629"},{"taxonomy":"product_cat","embeddable":true,"href":"https:\/\/www.protoxtype.com\/de\/wp-json\/wp\/v2\/product_cat?post=7629"},{"taxonomy":"product_tag","embeddable":true,"href":"https:\/\/www.protoxtype.com\/de\/wp-json\/wp\/v2\/product_tag?post=7629"}],"curies":[{"name":"wp","href":"https:\/\/api.w.org\/{rel}","templated":true}]}}