{"id":7616,"date":"2019-11-13T23:34:39","date_gmt":"2019-11-13T22:34:39","guid":{"rendered":"http:\/\/www.protoxtype.com\/prodotto\/piumino-maniche-rimovibili-2\/"},"modified":"2024-02-09T09:57:35","modified_gmt":"2024-02-09T08:57:35","slug":"herren-daunenjacke-mit-abnehmbaren-aermeln","status":"publish","type":"product","link":"https:\/\/www.protoxtype.com\/de\/herren-daunenjacke-mit-abnehmbaren-aermeln\/","title":{"rendered":"Herren Daunenjacke mit abnehmbaren \u00c4rmeln"},"content":{"rendered":"<h2>Herren Daunenjacke mit abnehmbaren \u00c4rmeln<\/h2>\n<p>Diese Herren Daunenjacke mit abnehmbaren \u00c4rmeln ist ein extrem leistungsstarkes und vielseitiges Kleidungsst\u00fcck, das in der Lage ist, bei keinem Wind bis zu -5\u00b0 C vor K\u00e4lte zu sch\u00fctzen, obwohl sie sehr leicht ist. Die f\u00fcr die Polsterung verwendete 90\/10 Daunenfeder ist eine der w\u00e4rmsten und besten auf dem Markt. Das Obergewebe ist wasserabweisend und atmungsaktiv und beim Tragen unter einer winddichten Jacke sch\u00fctzt es bis zu -30 Grad auch bei starkem Wind. Diese Daunenjacke mit abnehmbaren \u00c4rmeln wurde auf dreidimensionalen Modellen gebaut, um Ihnen v\u00f6llige Bewegungsfreiheit zu geben.<\/p>\n<p>Das Model tr\u00e4gt Gr\u00f6\u00dfe M<\/p>\n<p>&#8212;-<\/p>\n<p>100% Nylon<\/p>\n","protected":false},"excerpt":{"rendered":"<p>Herren Daunenjacke mit abnehmbaren \u00c4rmeln Diese Herren Daunenjacke mit abnehmbaren \u00c4rmeln ist ein extrem leistungsstarkes und vielseitiges Kleidungsst\u00fcck, das in der Lage ist, bei keinem Wind bis zu -5\u00b0 C vor K\u00e4lte zu sch\u00fctzen, obwohl sie sehr leicht ist. Die f\u00fcr die Polsterung verwendete 90\/10 Daunenfeder ist eine der w\u00e4rmsten und besten auf dem Markt. [&hellip;]<\/p>\n","protected":false},"featured_media":5645,"template":"","meta":{"_acf_changed":false},"product_brand":[],"product_cat":[694,695,224,220,681,675,531],"product_tag":[],"class_list":{"0":"post-7616","1":"product","2":"type-product","3":"status-publish","4":"has-post-thumbnail","6":"product_cat-bootsbekleidung","7":"product_cat-bootsbekleidung-fur-herren","8":"product_cat-jacken-mann","9":"product_cat-herrenbekleidung-technische-stoffe","10":"product_cat-herrenjacken-aus-technischen-stoffen","11":"product_cat-outdoor-bekleidung-herren","12":"product_cat-werbeaktionen","13":"pa_colore-blau-navy","14":"pa_colore-blau","15":"pa_colore-dunkelgrau","16":"pa_colore-schwarz","17":"pa_taglia-l-de","18":"pa_taglia-m-de","19":"pa_taglia-s-de","20":"pa_taglia-xl-de","21":"pa_taglia-xs-de","22":"pa_taglia-xxl-de","23":"pa_taglia-xxxl-de","25":"first","26":"outofstock","27":"sale","28":"shipping-taxable","29":"purchasable","30":"product-type-variable","31":"has-default-attributes"},"acf":[],"_links":{"self":[{"href":"https:\/\/www.protoxtype.com\/de\/wp-json\/wp\/v2\/product\/7616","targetHints":{"allow":["GET"]}}],"collection":[{"href":"https:\/\/www.protoxtype.com\/de\/wp-json\/wp\/v2\/product"}],"about":[{"href":"https:\/\/www.protoxtype.com\/de\/wp-json\/wp\/v2\/types\/product"}],"version-history":[{"count":0,"href":"https:\/\/www.protoxtype.com\/de\/wp-json\/wp\/v2\/product\/7616\/revisions"}],"wp:featuredmedia":[{"embeddable":true,"href":"https:\/\/www.protoxtype.com\/de\/wp-json\/wp\/v2\/media\/5645"}],"wp:attachment":[{"href":"https:\/\/www.protoxtype.com\/de\/wp-json\/wp\/v2\/media?parent=7616"}],"wp:term":[{"taxonomy":"product_brand","embeddable":true,"href":"https:\/\/www.protoxtype.com\/de\/wp-json\/wp\/v2\/product_brand?post=7616"},{"taxonomy":"product_cat","embeddable":true,"href":"https:\/\/www.protoxtype.com\/de\/wp-json\/wp\/v2\/product_cat?post=7616"},{"taxonomy":"product_tag","embeddable":true,"href":"https:\/\/www.protoxtype.com\/de\/wp-json\/wp\/v2\/product_tag?post=7616"}],"curies":[{"name":"wp","href":"https:\/\/api.w.org\/{rel}","templated":true}]}}