{"id":7597,"date":"2019-11-13T23:40:39","date_gmt":"2019-11-13T22:40:39","guid":{"rendered":"http:\/\/www.protoxtype.com\/prodotto\/piumino-termosaldato-2\/"},"modified":"2024-02-09T09:50:17","modified_gmt":"2024-02-09T08:50:17","slug":"herren-daunenjacke-waermegeschweisste","status":"publish","type":"product","link":"https:\/\/www.protoxtype.com\/de\/herren-daunenjacke-waermegeschweisste\/","title":{"rendered":"Herren Daunenjacke W\u00e4rmegeschwei\u00dfte"},"content":{"rendered":"<h2>Herren Daunenjacke W\u00e4rmegeschwei\u00dfte<\/h2>\n<p>Diese Herren Daunenjacke W\u00e4rmegeschwei\u00dfte sch\u00fctzt mit ihrer 90\/10 Feder den ganzen Winter \u00fcber vor K\u00e4lte. Das thermische Schwei\u00dfen der Federlager sorgt f\u00fcr eine vollst\u00e4ndige Isolierung vor der K\u00e4lte. Die hohe Leistung dieses Kleidungsst\u00fccks wird durch die Anti-Wasser-Rei\u00dfverschl\u00fcsse, die mit Bond-Technologie aufgetragen werden, weiter verbessert. Diese wasserabweisende Daunenjacke ist auf dreidimensionalen Modellen aufgebaut, um maximalen Komfort zu erm\u00f6glichen und maximale Bewegungsfreiheit zu gew\u00e4hrleisten.<\/p>\n<p>Das Model tr\u00e4gt Gr\u00f6\u00dfe L<\/p>\n<p>&#8212;-<\/p>\n<p>100% Nylon<\/p>\n","protected":false},"excerpt":{"rendered":"<p>Herren Daunenjacke W\u00e4rmegeschwei\u00dfte Diese Herren Daunenjacke W\u00e4rmegeschwei\u00dfte sch\u00fctzt mit ihrer 90\/10 Feder den ganzen Winter \u00fcber vor K\u00e4lte. Das thermische Schwei\u00dfen der Federlager sorgt f\u00fcr eine vollst\u00e4ndige Isolierung vor der K\u00e4lte. Die hohe Leistung dieses Kleidungsst\u00fccks wird durch die Anti-Wasser-Rei\u00dfverschl\u00fcsse, die mit Bond-Technologie aufgetragen werden, weiter verbessert. Diese wasserabweisende Daunenjacke ist auf dreidimensionalen Modellen aufgebaut, [&hellip;]<\/p>\n","protected":false},"featured_media":5607,"template":"","meta":{"_acf_changed":false},"product_brand":[],"product_cat":[591,694,695,224,220,681,675],"product_tag":[],"class_list":{"0":"post-7597","1":"product","2":"type-product","3":"status-publish","4":"has-post-thumbnail","6":"product_cat-als-beweis","7":"product_cat-bootsbekleidung","8":"product_cat-bootsbekleidung-fur-herren","9":"product_cat-jacken-mann","10":"product_cat-herrenbekleidung-technische-stoffe","11":"product_cat-herrenjacken-aus-technischen-stoffen","12":"product_cat-outdoor-bekleidung-herren","13":"pa_colore-blau","14":"pa_colore-schwarz","15":"pa_colore-tannengruen","16":"pa_taglia-l-de","17":"pa_taglia-m-de","18":"pa_taglia-s-de","19":"pa_taglia-xl-de","20":"pa_taglia-xxl-de","21":"pa_taglia-xxxl-de","23":"first","24":"onbackorder","25":"shipping-taxable","26":"purchasable","27":"product-type-variable","28":"has-default-attributes"},"acf":[],"_links":{"self":[{"href":"https:\/\/www.protoxtype.com\/de\/wp-json\/wp\/v2\/product\/7597","targetHints":{"allow":["GET"]}}],"collection":[{"href":"https:\/\/www.protoxtype.com\/de\/wp-json\/wp\/v2\/product"}],"about":[{"href":"https:\/\/www.protoxtype.com\/de\/wp-json\/wp\/v2\/types\/product"}],"version-history":[{"count":0,"href":"https:\/\/www.protoxtype.com\/de\/wp-json\/wp\/v2\/product\/7597\/revisions"}],"wp:featuredmedia":[{"embeddable":true,"href":"https:\/\/www.protoxtype.com\/de\/wp-json\/wp\/v2\/media\/5607"}],"wp:attachment":[{"href":"https:\/\/www.protoxtype.com\/de\/wp-json\/wp\/v2\/media?parent=7597"}],"wp:term":[{"taxonomy":"product_brand","embeddable":true,"href":"https:\/\/www.protoxtype.com\/de\/wp-json\/wp\/v2\/product_brand?post=7597"},{"taxonomy":"product_cat","embeddable":true,"href":"https:\/\/www.protoxtype.com\/de\/wp-json\/wp\/v2\/product_cat?post=7597"},{"taxonomy":"product_tag","embeddable":true,"href":"https:\/\/www.protoxtype.com\/de\/wp-json\/wp\/v2\/product_tag?post=7597"}],"curies":[{"name":"wp","href":"https:\/\/api.w.org\/{rel}","templated":true}]}}