{"id":7584,"date":"2019-11-13T23:46:04","date_gmt":"2019-11-13T22:46:04","guid":{"rendered":"http:\/\/www.protoxtype.com\/prodotto\/giacca-in-seta-imbottita-2\/"},"modified":"2024-02-09T09:45:47","modified_gmt":"2024-02-09T08:45:47","slug":"herren-gepolsterte-seidenjacke","status":"publish","type":"product","link":"https:\/\/www.protoxtype.com\/de\/herren-gepolsterte-seidenjacke\/","title":{"rendered":"Herren Gepolsterte Seidenjacke"},"content":{"rendered":"<h2>Herren Gepolsterte Seidenjacke<\/h2>\n<p>Diese Herren Gepolsterte Seidenjacke mit 90\/10 Federn gepolsterte Jacke aus beschichteter Seide sorgt auch bei den k\u00e4ltesten Temperaturen f\u00fcr K\u00f6rperw\u00e4rme. Die Seidenbeschichtung macht diese Jacke wasserdicht und winddicht und beh\u00e4lt ihre atmungsaktive Qualit\u00e4t bei. Die Abnehmbarkeit der gro\u00dfen Kapuze, die Verstellbarkeit der B\u00fcndchen und der winddichte Kragen sorgen f\u00fcr eine bessere Anpassungsf\u00e4higkeit des Kleidungsst\u00fccks und zeugen von der tiefen Designanalyse. Diese Jacke wurde auf dreidimensionalen Modellen gebaut, um maximale Bewegungsfreiheit zu erm\u00f6glichen.<\/p>\n<p>Das Model tr\u00e4gt Gr\u00f6\u00dfe M<\/p>\n<p>&#8212;-<\/p>\n<p>100% Seide<\/p>\n","protected":false},"excerpt":{"rendered":"<p>Herren Gepolsterte Seidenjacke Diese Herren Gepolsterte Seidenjacke mit 90\/10 Federn gepolsterte Jacke aus beschichteter Seide sorgt auch bei den k\u00e4ltesten Temperaturen f\u00fcr K\u00f6rperw\u00e4rme. Die Seidenbeschichtung macht diese Jacke wasserdicht und winddicht und beh\u00e4lt ihre atmungsaktive Qualit\u00e4t bei. Die Abnehmbarkeit der gro\u00dfen Kapuze, die Verstellbarkeit der B\u00fcndchen und der winddichte Kragen sorgen f\u00fcr eine bessere Anpassungsf\u00e4higkeit [&hellip;]<\/p>\n","protected":false},"featured_media":5580,"template":"","meta":{"_acf_changed":false},"product_brand":[],"product_cat":[224,672,675,572],"product_tag":[],"class_list":{"0":"post-7584","1":"product","2":"type-product","3":"status-publish","4":"has-post-thumbnail","6":"product_cat-jacken-mann","7":"product_cat-herrenjacken-aus-naturfasern","8":"product_cat-outdoor-bekleidung-herren","9":"product_cat-seidenkleidung-mann","10":"pa_colore-sand-de","11":"pa_colore-schwarz","12":"pa_taglia-l-de","13":"pa_taglia-m-de","14":"pa_taglia-s-de","15":"pa_taglia-xl-de","16":"pa_taglia-xxl-de","17":"pa_taglia-xxxl-de","19":"first","20":"onbackorder","21":"shipping-taxable","22":"purchasable","23":"product-type-variable","24":"has-default-attributes"},"acf":[],"_links":{"self":[{"href":"https:\/\/www.protoxtype.com\/de\/wp-json\/wp\/v2\/product\/7584","targetHints":{"allow":["GET"]}}],"collection":[{"href":"https:\/\/www.protoxtype.com\/de\/wp-json\/wp\/v2\/product"}],"about":[{"href":"https:\/\/www.protoxtype.com\/de\/wp-json\/wp\/v2\/types\/product"}],"version-history":[{"count":0,"href":"https:\/\/www.protoxtype.com\/de\/wp-json\/wp\/v2\/product\/7584\/revisions"}],"wp:featuredmedia":[{"embeddable":true,"href":"https:\/\/www.protoxtype.com\/de\/wp-json\/wp\/v2\/media\/5580"}],"wp:attachment":[{"href":"https:\/\/www.protoxtype.com\/de\/wp-json\/wp\/v2\/media?parent=7584"}],"wp:term":[{"taxonomy":"product_brand","embeddable":true,"href":"https:\/\/www.protoxtype.com\/de\/wp-json\/wp\/v2\/product_brand?post=7584"},{"taxonomy":"product_cat","embeddable":true,"href":"https:\/\/www.protoxtype.com\/de\/wp-json\/wp\/v2\/product_cat?post=7584"},{"taxonomy":"product_tag","embeddable":true,"href":"https:\/\/www.protoxtype.com\/de\/wp-json\/wp\/v2\/product_tag?post=7584"}],"curies":[{"name":"wp","href":"https:\/\/api.w.org\/{rel}","templated":true}]}}