{"id":7558,"date":"2019-11-13T23:52:35","date_gmt":"2019-11-13T22:52:35","guid":{"rendered":"http:\/\/www.protoxtype.com\/prodotto\/boxer-in-cotone-organico\/"},"modified":"2024-02-09T09:27:10","modified_gmt":"2024-02-09T08:27:10","slug":"herren-boxershorts-aus-bio-baumwolle","status":"publish","type":"product","link":"https:\/\/www.protoxtype.com\/de\/herren-boxershorts-aus-bio-baumwolle\/","title":{"rendered":"Herren Boxershorts aus Bio-Baumwolle"},"content":{"rendered":"<h2>Herren Boxershorts aus Bio-Baumwolle<\/h2>\n<p>Der Herren Boxershorts aus Bio-Baumwolle erm\u00f6glicht es, das Kleidungsst\u00fcck vollst\u00e4ndig atmungsaktiv, allergiegetestet und sehr weich auf der Haut zu sein. Das Anf\u00e4rben ohne chemische Zus\u00e4tze entspricht der umweltfreundlichen Philosophie von ProtoXtype. Der Schritt dieser Boxershorts besteht aus Bambus, einem antibakteriellen und allergiegetesteten Material, das keine Ger\u00fcche absorbiert, so dass Sie den ganzen Tag frisch und trocken bleiben k\u00f6nnen.<\/p>\n<p>&#8212;-<\/p>\n<p>95% Bio-Baumwolle 5% Spandex<\/p>\n","protected":false},"excerpt":{"rendered":"<p>Herren Boxershorts aus Bio-Baumwolle Der Herren Boxershorts aus Bio-Baumwolle erm\u00f6glicht es, das Kleidungsst\u00fcck vollst\u00e4ndig atmungsaktiv, allergiegetestet und sehr weich auf der Haut zu sein. Das Anf\u00e4rben ohne chemische Zus\u00e4tze entspricht der umweltfreundlichen Philosophie von ProtoXtype. Der Schritt dieser Boxershorts besteht aus Bambus, einem antibakteriellen und allergiegetesteten Material, das keine Ger\u00fcche absorbiert, so dass Sie den [&hellip;]<\/p>\n","protected":false},"featured_media":61263,"template":"","meta":{"_acf_changed":false},"product_brand":[],"product_cat":[560,221,673,675],"product_tag":[],"class_list":{"0":"post-7558","1":"product","2":"type-product","3":"status-publish","4":"has-post-thumbnail","6":"product_cat-bio-baumwolle-kleidung-herren","7":"product_cat-unterwaesche-mann","8":"product_cat-herrenunterwasche-aus-naturfasern","9":"product_cat-outdoor-bekleidung-herren","10":"pa_colore-schwarz","11":"pa_colore-weiss","12":"pa_taglia-l-de","13":"pa_taglia-m-de","14":"pa_taglia-s-de","15":"pa_taglia-xl-de","16":"pa_taglia-xxl-de","18":"first","19":"onbackorder","20":"shipping-taxable","21":"purchasable","22":"product-type-variable","23":"has-default-attributes"},"acf":[],"_links":{"self":[{"href":"https:\/\/www.protoxtype.com\/de\/wp-json\/wp\/v2\/product\/7558","targetHints":{"allow":["GET"]}}],"collection":[{"href":"https:\/\/www.protoxtype.com\/de\/wp-json\/wp\/v2\/product"}],"about":[{"href":"https:\/\/www.protoxtype.com\/de\/wp-json\/wp\/v2\/types\/product"}],"version-history":[{"count":0,"href":"https:\/\/www.protoxtype.com\/de\/wp-json\/wp\/v2\/product\/7558\/revisions"}],"wp:featuredmedia":[{"embeddable":true,"href":"https:\/\/www.protoxtype.com\/de\/wp-json\/wp\/v2\/media\/61263"}],"wp:attachment":[{"href":"https:\/\/www.protoxtype.com\/de\/wp-json\/wp\/v2\/media?parent=7558"}],"wp:term":[{"taxonomy":"product_brand","embeddable":true,"href":"https:\/\/www.protoxtype.com\/de\/wp-json\/wp\/v2\/product_brand?post=7558"},{"taxonomy":"product_cat","embeddable":true,"href":"https:\/\/www.protoxtype.com\/de\/wp-json\/wp\/v2\/product_cat?post=7558"},{"taxonomy":"product_tag","embeddable":true,"href":"https:\/\/www.protoxtype.com\/de\/wp-json\/wp\/v2\/product_tag?post=7558"}],"curies":[{"name":"wp","href":"https:\/\/api.w.org\/{rel}","templated":true}]}}