{"id":7552,"date":"2019-11-13T23:54:54","date_gmt":"2019-11-13T22:54:54","guid":{"rendered":"http:\/\/www.protoxtype.com\/prodotto\/boxer\/"},"modified":"2024-02-09T09:24:08","modified_gmt":"2024-02-09T08:24:08","slug":"herren-boxershorts","status":"publish","type":"product","link":"https:\/\/www.protoxtype.com\/de\/herren-boxershorts\/","title":{"rendered":"Herren Boxershorts"},"content":{"rendered":"<h2>Herren Boxershorts<\/h2>\n<p>F\u00fcr diese Boxershorts haben wir uns f\u00fcr ein Oeko Tex zertifiziertes Polyester entschieden: Das Polyestergewebe trocknet sehr schnell, was dieses Kleidungsst\u00fcck ideal f\u00fcr jede Art von Reise macht. Der Schritt dieser Boxershorts besteht aus Bambus, einem antibakteriellen und allergiegetesteten Material, das keine Ger\u00fcche absorbiert, so dass Sie frisch und trocken bleiben k\u00f6nnen.<\/p>\n<p>&#8212;-<\/p>\n<p>84% Polyester 16% Spandex<\/p>\n","protected":false},"excerpt":{"rendered":"<p>Herren Boxershorts F\u00fcr diese Boxershorts haben wir uns f\u00fcr ein Oeko Tex zertifiziertes Polyester entschieden: Das Polyestergewebe trocknet sehr schnell, was dieses Kleidungsst\u00fcck ideal f\u00fcr jede Art von Reise macht. Der Schritt dieser Boxershorts besteht aus Bambus, einem antibakteriellen und allergiegetesteten Material, das keine Ger\u00fcche absorbiert, so dass Sie frisch und trocken bleiben k\u00f6nnen. &#8212;- [&hellip;]<\/p>\n","protected":false},"featured_media":61269,"template":"","meta":{"_acf_changed":false},"product_brand":[],"product_cat":[221,220,682,675],"product_tag":[],"class_list":{"0":"post-7552","1":"product","2":"type-product","3":"status-publish","4":"has-post-thumbnail","6":"product_cat-unterwaesche-mann","7":"product_cat-herrenbekleidung-technische-stoffe","8":"product_cat-herrenunterwasche-aus-technischen-stoffen","9":"product_cat-outdoor-bekleidung-herren","10":"pa_colore-schwarz","11":"pa_taglia-l-de","12":"pa_taglia-m-de","13":"pa_taglia-s-de","14":"pa_taglia-xl-de","15":"pa_taglia-xxl-de","17":"first","18":"onbackorder","19":"shipping-taxable","20":"purchasable","21":"product-type-variable","22":"has-default-attributes"},"acf":[],"_links":{"self":[{"href":"https:\/\/www.protoxtype.com\/de\/wp-json\/wp\/v2\/product\/7552","targetHints":{"allow":["GET"]}}],"collection":[{"href":"https:\/\/www.protoxtype.com\/de\/wp-json\/wp\/v2\/product"}],"about":[{"href":"https:\/\/www.protoxtype.com\/de\/wp-json\/wp\/v2\/types\/product"}],"version-history":[{"count":0,"href":"https:\/\/www.protoxtype.com\/de\/wp-json\/wp\/v2\/product\/7552\/revisions"}],"wp:featuredmedia":[{"embeddable":true,"href":"https:\/\/www.protoxtype.com\/de\/wp-json\/wp\/v2\/media\/61269"}],"wp:attachment":[{"href":"https:\/\/www.protoxtype.com\/de\/wp-json\/wp\/v2\/media?parent=7552"}],"wp:term":[{"taxonomy":"product_brand","embeddable":true,"href":"https:\/\/www.protoxtype.com\/de\/wp-json\/wp\/v2\/product_brand?post=7552"},{"taxonomy":"product_cat","embeddable":true,"href":"https:\/\/www.protoxtype.com\/de\/wp-json\/wp\/v2\/product_cat?post=7552"},{"taxonomy":"product_tag","embeddable":true,"href":"https:\/\/www.protoxtype.com\/de\/wp-json\/wp\/v2\/product_tag?post=7552"}],"curies":[{"name":"wp","href":"https:\/\/api.w.org\/{rel}","templated":true}]}}