{"id":7513,"date":"2019-11-14T00:03:02","date_gmt":"2019-11-13T23:03:02","guid":{"rendered":"http:\/\/www.protoxtype.com\/prodotto\/jeans-chiaro-5-tasche\/"},"modified":"2024-01-26T08:35:04","modified_gmt":"2024-01-26T07:35:04","slug":"helle-jeans-herren-5-taschen","status":"publish","type":"product","link":"https:\/\/www.protoxtype.com\/de\/helle-jeans-herren-5-taschen\/","title":{"rendered":"Helle Jeans Herren 5 Taschen"},"content":{"rendered":"<h2>Helle Jeans Herren 5 Taschen<\/h2>\n<p>Diese Helle Jeans Herren 5 Taschen aus Bio-Baumwolle wurden auf dreidimensionale Modelle gebaut, um absolute Bewegungsfreiheit und Komfort zu gew\u00e4hrleisten. Dieses weiche Gewebe ist auch allergiegetestet, atmungsaktiv und antipilling. Das Design der vorderen Taschen wurde so gestaltet, dass die darin liegenden Objekte nicht fallen und verloren gehen.<\/p>\n<p>Das Model tr\u00e4gt Gr\u00f6\u00dfe S<\/p>\n<p>&#8212;-<\/p>\n<p>100% Bio-Baumwolle<\/p>\n","protected":false},"excerpt":{"rendered":"<p>Helle Jeans Herren 5 Taschen Diese Helle Jeans Herren 5 Taschen aus Bio-Baumwolle wurden auf dreidimensionale Modelle gebaut, um absolute Bewegungsfreiheit und Komfort zu gew\u00e4hrleisten. Dieses weiche Gewebe ist auch allergiegetestet, atmungsaktiv und antipilling. Das Design der vorderen Taschen wurde so gestaltet, dass die darin liegenden Objekte nicht fallen und verloren gehen. Das Model tr\u00e4gt [&hellip;]<\/p>\n","protected":false},"featured_media":5480,"template":"","meta":{"_acf_changed":false},"product_brand":[],"product_cat":[560,694,695,223,675],"product_tag":[],"class_list":{"0":"post-7513","1":"product","2":"type-product","3":"status-publish","4":"has-post-thumbnail","6":"product_cat-bio-baumwolle-kleidung-herren","7":"product_cat-bootsbekleidung","8":"product_cat-bootsbekleidung-fur-herren","9":"product_cat-naturfaser-herrenhosen","10":"product_cat-outdoor-bekleidung-herren","11":"pa_colore-heller-jeansstoff","12":"pa_taglia-l-de","13":"pa_taglia-m-de","14":"pa_taglia-s-de","15":"pa_taglia-xl-de","16":"pa_taglia-xxl-de","17":"pa_taglia-xxxl-de","19":"first","20":"onbackorder","21":"shipping-taxable","22":"purchasable","23":"product-type-variable","24":"has-default-attributes"},"acf":[],"_links":{"self":[{"href":"https:\/\/www.protoxtype.com\/de\/wp-json\/wp\/v2\/product\/7513","targetHints":{"allow":["GET"]}}],"collection":[{"href":"https:\/\/www.protoxtype.com\/de\/wp-json\/wp\/v2\/product"}],"about":[{"href":"https:\/\/www.protoxtype.com\/de\/wp-json\/wp\/v2\/types\/product"}],"version-history":[{"count":0,"href":"https:\/\/www.protoxtype.com\/de\/wp-json\/wp\/v2\/product\/7513\/revisions"}],"wp:featuredmedia":[{"embeddable":true,"href":"https:\/\/www.protoxtype.com\/de\/wp-json\/wp\/v2\/media\/5480"}],"wp:attachment":[{"href":"https:\/\/www.protoxtype.com\/de\/wp-json\/wp\/v2\/media?parent=7513"}],"wp:term":[{"taxonomy":"product_brand","embeddable":true,"href":"https:\/\/www.protoxtype.com\/de\/wp-json\/wp\/v2\/product_brand?post=7513"},{"taxonomy":"product_cat","embeddable":true,"href":"https:\/\/www.protoxtype.com\/de\/wp-json\/wp\/v2\/product_cat?post=7513"},{"taxonomy":"product_tag","embeddable":true,"href":"https:\/\/www.protoxtype.com\/de\/wp-json\/wp\/v2\/product_tag?post=7513"}],"curies":[{"name":"wp","href":"https:\/\/api.w.org\/{rel}","templated":true}]}}