{"id":7491,"date":"2019-11-14T00:10:35","date_gmt":"2019-11-13T23:10:35","guid":{"rendered":"http:\/\/www.protoxtype.com\/prodotto\/trolley\/"},"modified":"2023-11-09T20:40:27","modified_gmt":"2023-11-09T19:40:27","slug":"trolley-koffer","status":"publish","type":"product","link":"https:\/\/www.protoxtype.com\/de\/trolley-koffer\/","title":{"rendered":"Trolley Koffer"},"content":{"rendered":"<h2>Trolley Koffer<\/h2>\n<p>Die Gr\u00f6sse unseres Trolley koffer macht es perfekt als Handgep\u00e4ck auf jeder Fluggesellschaft (ausser RyanAir). Seine Zweckm\u00e4ssigkeit ist bereits beim Gebrauch sp\u00fcrbar: mit den speziellen Haken k\u00f6nnen Sie ihn m\u00fchelos mit unseren Computertaschen (die auch durch den Griff integriert werden k\u00f6nnen) verbinden. Das stossd\u00e4mpfende System erm\u00f6glicht einen bequemen Transport auch beim Treppensteigen oder unebenen Strassen. Dieser Wagen kann auch in wenigen Sekunden in einen Rucksack verwandelt werden und die Radabdeckung verhindert, dass Sie schmutzig werden, w\u00e4hrend Ihr R\u00fccken durch eine Polsterung f\u00fcr den R\u00fcckenbereich gesch\u00fctzt wird. Dank eines seitlichen und eines oberen Griffs kann er auch am Schultergurt getragen werden. Alle Reissverschl\u00fcsse dieses Trolley koffer sind wasserabstossend. Diese Eigenschaften machen dieses Trolley ideal f\u00fcr Sie, um mit Sicherheit zu reisen, und machen es \u00e4usserst funktionell f\u00fcr jede Reise.<\/p>\n<p>Ger\u00e4umig, wasserabweisend, schnittfest: Alle unsere Accessoires haben eine starke Best\u00e4ndigkeit gegen Wasser und schlechtes Wetter. Und wenn dich pl\u00f6tzlich ein Schauer erwischt, kein Problem! Der gesamte Inhalt Ihres Trolleys bleibt gesch\u00fctzt und trocken.<\/p>\n<p><span class=\"VIiyi\" lang=\"de\"><span class=\"JLqJ4b ChMk0b\" data-language-for-alternatives=\"de\" data-language-to-translate-into=\"it\" data-phrase-index=\"0\" data-number-of-phrases=\"5\"><span class=\"Q4iAWc\">Au\u00dfenma\u00dfe: H\u00f6he 62 cm &#8211; Breite 38 cm &#8211; Dicke 26 cm<\/span><\/span> <\/span><\/p>\n<p><span class=\"VIiyi\" lang=\"de\"><span class=\"JLqJ4b ChMk0b\" data-language-for-alternatives=\"de\" data-language-to-translate-into=\"it\" data-phrase-index=\"2\" data-number-of-phrases=\"5\"><span class=\"Q4iAWc\">Gewicht: weniger als 4 kg<\/span><\/span> <\/span><\/p>\n<p><span class=\"VIiyi\" lang=\"de\"><span class=\"JLqJ4b ChMk0b\" data-language-for-alternatives=\"de\" data-language-to-translate-into=\"it\" data-phrase-index=\"4\" data-number-of-phrases=\"5\"><span class=\"Q4iAWc\">Fassungsverm\u00f6gen: 61 Liter<\/span><\/span><\/span><\/p>\n<p>&#8212;-<\/p>\n<p>63% Nylon 37% Polyester<\/p>\n","protected":false},"excerpt":{"rendered":"<p>Trolley Koffer Die Gr\u00f6sse unseres Trolley koffer macht es perfekt als Handgep\u00e4ck auf jeder Fluggesellschaft (ausser RyanAir). Seine Zweckm\u00e4ssigkeit ist bereits beim Gebrauch sp\u00fcrbar: mit den speziellen Haken k\u00f6nnen Sie ihn m\u00fchelos mit unseren Computertaschen (die auch durch den Griff integriert werden k\u00f6nnen) verbinden. Das stossd\u00e4mpfende System erm\u00f6glicht einen bequemen Transport auch beim Treppensteigen oder [&hellip;]<\/p>\n","protected":false},"featured_media":4981,"template":"","meta":{"_acf_changed":false},"product_brand":[],"product_cat":[205,204],"product_tag":[],"class_list":{"0":"post-7491","1":"product","2":"type-product","3":"status-publish","4":"has-post-thumbnail","6":"product_cat-trolleys","7":"product_cat-zubehoer","8":"pa_colore-dunkelgrau","10":"first","11":"instock","12":"shipping-taxable","13":"purchasable","14":"product-type-simple"},"acf":[],"_links":{"self":[{"href":"https:\/\/www.protoxtype.com\/de\/wp-json\/wp\/v2\/product\/7491","targetHints":{"allow":["GET"]}}],"collection":[{"href":"https:\/\/www.protoxtype.com\/de\/wp-json\/wp\/v2\/product"}],"about":[{"href":"https:\/\/www.protoxtype.com\/de\/wp-json\/wp\/v2\/types\/product"}],"version-history":[{"count":0,"href":"https:\/\/www.protoxtype.com\/de\/wp-json\/wp\/v2\/product\/7491\/revisions"}],"wp:featuredmedia":[{"embeddable":true,"href":"https:\/\/www.protoxtype.com\/de\/wp-json\/wp\/v2\/media\/4981"}],"wp:attachment":[{"href":"https:\/\/www.protoxtype.com\/de\/wp-json\/wp\/v2\/media?parent=7491"}],"wp:term":[{"taxonomy":"product_brand","embeddable":true,"href":"https:\/\/www.protoxtype.com\/de\/wp-json\/wp\/v2\/product_brand?post=7491"},{"taxonomy":"product_cat","embeddable":true,"href":"https:\/\/www.protoxtype.com\/de\/wp-json\/wp\/v2\/product_cat?post=7491"},{"taxonomy":"product_tag","embeddable":true,"href":"https:\/\/www.protoxtype.com\/de\/wp-json\/wp\/v2\/product_tag?post=7491"}],"curies":[{"name":"wp","href":"https:\/\/api.w.org\/{rel}","templated":true}]}}