{"id":7490,"date":"2019-11-14T00:10:37","date_gmt":"2019-11-13T23:10:37","guid":{"rendered":"http:\/\/www.protoxtype.com\/prodotto\/borsa-computer\/"},"modified":"2024-01-26T08:05:27","modified_gmt":"2024-01-26T07:05:27","slug":"computertasche-15-zoll","status":"publish","type":"product","link":"https:\/\/www.protoxtype.com\/de\/computertasche-15-zoll\/","title":{"rendered":"Computertasche 15 zoll"},"content":{"rendered":"<h2>Computertasche 15 zoll<\/h2>\n<p>Alle unsere Computertasche 15 zoll sind mit zahlreichen Taschen ausgestattet, um Funktionalit\u00e4t und Komfort zu optimieren. Die Vordertasche hart mehrere F\u00e4cher f\u00fcr Stifte und anderes Zubeh\u00f6r und eine abnehmbare Tasche f\u00fcr Stifte und a M\u00fcnzen. Die zentrale Tasche ist ideal f\u00fcr Laptops. Alle Reissverschl\u00fcsse unserer Accessoires sind wasserdicht um den Schutz Ihrer Waren auch bei Umwetter zu garantieren.<\/p>\n<p>Ger\u00e4umig, wasserabweisend, schnittfest: Alle unsere Accessoires haben eine starke Best\u00e4ndigkeit gegen Wasser und schlechtes Wetter. Und wenn dich pl\u00f6tzlich ein Schauer erwischt, kein Problem! Der gesamte Inhalt Ihrer Computertasche bleibt gesch\u00fctzt und trocken.<\/p>\n<p><span class=\"VIiyi\" lang=\"de\"><span class=\"JLqJ4b ChMk0b\" data-language-for-alternatives=\"de\" data-language-to-translate-into=\"it\" data-phrase-index=\"0\" data-number-of-phrases=\"5\"><span class=\"Q4iAWc\">Au\u00dfenma\u00dfe: H\u00f6he 30 cm \u2013 Breite 38 cm \u2013 Dicke 8 cm<\/span><\/span><\/span><\/p>\n<p>&#8212;-<\/p>\n<p>63% Nylon 37% Polyester<\/p>\n","protected":false},"excerpt":{"rendered":"<p>Computertasche 15 zoll Alle unsere Computertasche 15 zoll sind mit zahlreichen Taschen ausgestattet, um Funktionalit\u00e4t und Komfort zu optimieren. Die Vordertasche hart mehrere F\u00e4cher f\u00fcr Stifte und anderes Zubeh\u00f6r und eine abnehmbare Tasche f\u00fcr Stifte und a M\u00fcnzen. Die zentrale Tasche ist ideal f\u00fcr Laptops. Alle Reissverschl\u00fcsse unserer Accessoires sind wasserdicht um den Schutz Ihrer [&hellip;]<\/p>\n","protected":false},"featured_media":53095,"template":"","meta":{"_acf_changed":false},"product_brand":[],"product_cat":[206,204],"product_tag":[],"class_list":{"0":"post-7490","1":"product","2":"type-product","3":"status-publish","4":"has-post-thumbnail","6":"product_cat-laptoptaschen-15-zoll","7":"product_cat-zubehoer","8":"pa_colore-dunkelgrau","9":"pa_colore-silber","11":"first","12":"instock","13":"shipping-taxable","14":"purchasable","15":"product-type-variable","16":"has-default-attributes"},"acf":[],"_links":{"self":[{"href":"https:\/\/www.protoxtype.com\/de\/wp-json\/wp\/v2\/product\/7490","targetHints":{"allow":["GET"]}}],"collection":[{"href":"https:\/\/www.protoxtype.com\/de\/wp-json\/wp\/v2\/product"}],"about":[{"href":"https:\/\/www.protoxtype.com\/de\/wp-json\/wp\/v2\/types\/product"}],"version-history":[{"count":0,"href":"https:\/\/www.protoxtype.com\/de\/wp-json\/wp\/v2\/product\/7490\/revisions"}],"wp:featuredmedia":[{"embeddable":true,"href":"https:\/\/www.protoxtype.com\/de\/wp-json\/wp\/v2\/media\/53095"}],"wp:attachment":[{"href":"https:\/\/www.protoxtype.com\/de\/wp-json\/wp\/v2\/media?parent=7490"}],"wp:term":[{"taxonomy":"product_brand","embeddable":true,"href":"https:\/\/www.protoxtype.com\/de\/wp-json\/wp\/v2\/product_brand?post=7490"},{"taxonomy":"product_cat","embeddable":true,"href":"https:\/\/www.protoxtype.com\/de\/wp-json\/wp\/v2\/product_cat?post=7490"},{"taxonomy":"product_tag","embeddable":true,"href":"https:\/\/www.protoxtype.com\/de\/wp-json\/wp\/v2\/product_tag?post=7490"}],"curies":[{"name":"wp","href":"https:\/\/api.w.org\/{rel}","templated":true}]}}