{"id":7482,"date":"2019-11-14T00:10:45","date_gmt":"2019-11-13T23:10:45","guid":{"rendered":"http:\/\/www.protoxtype.com\/prodotto\/portafoglio-con-portamoneta\/"},"modified":"2024-01-26T07:56:24","modified_gmt":"2024-01-26T06:56:24","slug":"der-geldbeutel","status":"publish","type":"product","link":"https:\/\/www.protoxtype.com\/de\/der-geldbeutel\/","title":{"rendered":"Der Geldbeutel"},"content":{"rendered":"<h2>Der Geldbeutel<\/h2>\n<p>Diese Geldbeutel verf\u00fcgt \u00fcber sechs Kreditkartenf\u00e4chern, zwei Geldkassetten und eine kleine Geldb\u00f6rse, die durch einen Knopfverschluss gesichert ist. Dieses Portmemonnaie verf\u00fcgt seitlich \u00fcber zwei kleinere F\u00e4cher, Der Reissverschluss ist wasserdicht und die verwendeten Stoffe sind wasserabweisend.<\/p>\n<p>Langlebig und elegant: Alle unsere Accessoires sind stark wasser- und wetterbest\u00e4ndig. Und wenn es mal in eine Pf\u00fctze f\u00e4llt, kein Problem! Ihr Geld und Ihre Dokumente bleiben intakt und trocken!<\/p>\n<p><span class=\"VIiyi\" lang=\"de\"><span class=\"JLqJ4b ChMk0b\" data-language-for-alternatives=\"de\" data-language-to-translate-into=\"it\" data-phrase-index=\"0\" data-number-of-phrases=\"3\"><span class=\"Q4iAWc\">Abmessungen: 14 x 2 x 10 cm<\/span><\/span> <\/span><\/p>\n<p><span class=\"VIiyi\" lang=\"de\"><span class=\"JLqJ4b ChMk0b\" data-language-for-alternatives=\"de\" data-language-to-translate-into=\"it\" data-phrase-index=\"2\" data-number-of-phrases=\"3\"><span class=\"Q4iAWc\">Gewicht: 70 Gramm<\/span><\/span><\/span><\/p>\n<p>&#8212;-<\/p>\n<p>63% Nylon 37% Polyester<\/p>\n","protected":false},"excerpt":{"rendered":"<p>Der Geldbeutel Diese Geldbeutel verf\u00fcgt \u00fcber sechs Kreditkartenf\u00e4chern, zwei Geldkassetten und eine kleine Geldb\u00f6rse, die durch einen Knopfverschluss gesichert ist. Dieses Portmemonnaie verf\u00fcgt seitlich \u00fcber zwei kleinere F\u00e4cher, Der Reissverschluss ist wasserdicht und die verwendeten Stoffe sind wasserabweisend. Langlebig und elegant: Alle unsere Accessoires sind stark wasser- und wetterbest\u00e4ndig. Und wenn es mal in eine [&hellip;]<\/p>\n","protected":false},"featured_media":5064,"template":"","meta":{"_acf_changed":false},"product_brand":[],"product_cat":[208,204],"product_tag":[],"class_list":{"0":"post-7482","1":"product","2":"type-product","3":"status-publish","4":"has-post-thumbnail","6":"product_cat-portemonnaies","7":"product_cat-zubehoer","8":"pa_colore-dunkelgrau","9":"pa_colore-silber","11":"first","12":"onbackorder","13":"shipping-taxable","14":"purchasable","15":"product-type-variable","16":"has-default-attributes"},"acf":[],"_links":{"self":[{"href":"https:\/\/www.protoxtype.com\/de\/wp-json\/wp\/v2\/product\/7482","targetHints":{"allow":["GET"]}}],"collection":[{"href":"https:\/\/www.protoxtype.com\/de\/wp-json\/wp\/v2\/product"}],"about":[{"href":"https:\/\/www.protoxtype.com\/de\/wp-json\/wp\/v2\/types\/product"}],"version-history":[{"count":0,"href":"https:\/\/www.protoxtype.com\/de\/wp-json\/wp\/v2\/product\/7482\/revisions"}],"wp:featuredmedia":[{"embeddable":true,"href":"https:\/\/www.protoxtype.com\/de\/wp-json\/wp\/v2\/media\/5064"}],"wp:attachment":[{"href":"https:\/\/www.protoxtype.com\/de\/wp-json\/wp\/v2\/media?parent=7482"}],"wp:term":[{"taxonomy":"product_brand","embeddable":true,"href":"https:\/\/www.protoxtype.com\/de\/wp-json\/wp\/v2\/product_brand?post=7482"},{"taxonomy":"product_cat","embeddable":true,"href":"https:\/\/www.protoxtype.com\/de\/wp-json\/wp\/v2\/product_cat?post=7482"},{"taxonomy":"product_tag","embeddable":true,"href":"https:\/\/www.protoxtype.com\/de\/wp-json\/wp\/v2\/product_tag?post=7482"}],"curies":[{"name":"wp","href":"https:\/\/api.w.org\/{rel}","templated":true}]}}