{"id":7475,"date":"2019-11-14T00:10:52","date_gmt":"2019-11-13T23:10:52","guid":{"rendered":"http:\/\/www.protoxtype.com\/prodotto\/name-tag\/"},"modified":"2025-10-21T12:11:44","modified_gmt":"2025-10-21T10:11:44","slug":"gepaeckanhaenger","status":"publish","type":"product","link":"https:\/\/www.protoxtype.com\/de\/gepaeckanhaenger\/","title":{"rendered":"Gep\u00e4ckanh\u00e4nger"},"content":{"rendered":"<h2>Gep\u00e4ckanh\u00e4nger<\/h2>\n<p>Diese kleine und sch\u00f6ne Gep\u00e4ckanh\u00e4nger wird Ihre Tasche von den anderen unterscheiden! H\u00e4ngen Sie es auf und befestigen Sie es an der Handtasxche oder dem Gep\u00e4ck, das Sie versenden, und machen Sie es zu Ihrem Reisebegleiter.<\/p>\n<p>&#8212;-<\/p>\n<p>63% Nylon 37% Polyester<\/p>\n","protected":false},"excerpt":{"rendered":"<p>Gep\u00e4ckanh\u00e4nger Diese kleine und sch\u00f6ne Gep\u00e4ckanh\u00e4nger wird Ihre Tasche von den anderen unterscheiden! H\u00e4ngen Sie es auf und befestigen Sie es an der Handtasxche oder dem Gep\u00e4ck, das Sie versenden, und machen Sie es zu Ihrem Reisebegleiter. &#8212;- 63% Nylon 37% Polyester<\/p>\n","protected":false},"featured_media":5099,"template":"","meta":{"_acf_changed":false},"product_brand":[],"product_cat":[206,208,207,205,204],"product_tag":[],"class_list":{"0":"post-7475","1":"product","2":"type-product","3":"status-publish","4":"has-post-thumbnail","6":"product_cat-laptoptaschen-15-zoll","7":"product_cat-portemonnaies","8":"product_cat-rucksaecke","9":"product_cat-trolleys","10":"product_cat-zubehoer","11":"pa_colore-dunkelgrau","12":"pa_colore-silber","14":"first","15":"onbackorder","16":"shipping-taxable","17":"purchasable","18":"product-type-variable","19":"has-default-attributes"},"acf":[],"_links":{"self":[{"href":"https:\/\/www.protoxtype.com\/de\/wp-json\/wp\/v2\/product\/7475","targetHints":{"allow":["GET"]}}],"collection":[{"href":"https:\/\/www.protoxtype.com\/de\/wp-json\/wp\/v2\/product"}],"about":[{"href":"https:\/\/www.protoxtype.com\/de\/wp-json\/wp\/v2\/types\/product"}],"version-history":[{"count":3,"href":"https:\/\/www.protoxtype.com\/de\/wp-json\/wp\/v2\/product\/7475\/revisions"}],"predecessor-version":[{"id":63765,"href":"https:\/\/www.protoxtype.com\/de\/wp-json\/wp\/v2\/product\/7475\/revisions\/63765"}],"wp:featuredmedia":[{"embeddable":true,"href":"https:\/\/www.protoxtype.com\/de\/wp-json\/wp\/v2\/media\/5099"}],"wp:attachment":[{"href":"https:\/\/www.protoxtype.com\/de\/wp-json\/wp\/v2\/media?parent=7475"}],"wp:term":[{"taxonomy":"product_brand","embeddable":true,"href":"https:\/\/www.protoxtype.com\/de\/wp-json\/wp\/v2\/product_brand?post=7475"},{"taxonomy":"product_cat","embeddable":true,"href":"https:\/\/www.protoxtype.com\/de\/wp-json\/wp\/v2\/product_cat?post=7475"},{"taxonomy":"product_tag","embeddable":true,"href":"https:\/\/www.protoxtype.com\/de\/wp-json\/wp\/v2\/product_tag?post=7475"}],"curies":[{"name":"wp","href":"https:\/\/api.w.org\/{rel}","templated":true}]}}