{"id":7471,"date":"2019-11-14T00:10:57","date_gmt":"2019-11-13T23:10:57","guid":{"rendered":"http:\/\/www.protoxtype.com\/prodotto\/zaino-travel-in-style-small-version\/"},"modified":"2024-01-25T11:57:16","modified_gmt":"2024-01-25T10:57:16","slug":"reiserucksack-kleine-version-reisen-in-style-von-34-bis-40-lt","status":"publish","type":"product","link":"https:\/\/www.protoxtype.com\/de\/reiserucksack-kleine-version-reisen-in-style-von-34-bis-40-lt\/","title":{"rendered":"Reiserucksack Kleine Version- Reisen in Style &#8211; Von 34 bis 40 Lt"},"content":{"rendered":"<h2>Reiserucksack Kleine Version- Reisen in Style &#8211; Von 34 bis 40 Lt<\/h2>\n<p>Dieser Reiserucksack Kleine Version- Reisen in Style &#8211; Von 34 bis 40 Lt ist die kleinste Version des Laptop-Rucksacks und verf\u00fcgt \u00fcber drei bequeme Aussentaschen, zwei Seitentachen und eine praktische Tasche auf der Unterseite,ideal zum Einstecken von Telefonen, Geldb\u00f6rsen und Kleinteilen. Kapazit\u00e4t von 34 bis 40 Lt. Es hat auch zwei F\u00e4cher, eines gr\u00f6sser und ger\u00e4umiger, das andere mit einer computergef\u00fctterten Tasche. Es gibt auch zahlreiche andere keleine F\u00e4cher f\u00fcr kleinere Objekte. Alle Reissverschl\u00fcsse sind wasserdicht, und das Obermaterial ist schnittfest und wasserabweisend, damit Sie beruhigt und sicher reisen k\u00f6nnen.<\/p>\n<p>Ger\u00e4umig, wasserabweisend, schnittfest: Alle unsere Accessoires haben eine starke Best\u00e4ndigkeit gegen Wasser und schlechtes Wetter. Und wenn dich pl\u00f6tzlich ein Schauer erwischt, kein Problem! Der gesamte Inhalt Ihres Rucksacks bleibt gesch\u00fctzt und trocken.<\/p>\n<p><span class=\"VIiyi\" lang=\"de\"><span class=\"JLqJ4b ChMk0b\" data-language-for-alternatives=\"de\" data-language-to-translate-into=\"it\" data-phrase-index=\"0\" data-number-of-phrases=\"5\"><span class=\"Q4iAWc\">Au\u00dfenma\u00dfe: H\u00f6he 30 cm \u2013 Breite 35 cm \u2013 Dicke 23 cm<\/span><\/span><\/span><\/p>\n<p>&#8212;-<\/p>\n<p>63% Nylon 37% Polyester<\/p>\n","protected":false},"excerpt":{"rendered":"<p>Reiserucksack Kleine Version- Reisen in Style &#8211; Von 34 bis 40 Lt Dieser Reiserucksack Kleine Version- Reisen in Style &#8211; Von 34 bis 40 Lt ist die kleinste Version des Laptop-Rucksacks und verf\u00fcgt \u00fcber drei bequeme Aussentaschen, zwei Seitentachen und eine praktische Tasche auf der Unterseite,ideal zum Einstecken von Telefonen, Geldb\u00f6rsen und Kleinteilen. Kapazit\u00e4t von [&hellip;]<\/p>\n","protected":false},"featured_media":5128,"template":"","meta":{"_acf_changed":false},"product_brand":[],"product_cat":[207,204],"product_tag":[],"class_list":{"0":"post-7471","1":"product","2":"type-product","3":"status-publish","4":"has-post-thumbnail","6":"product_cat-rucksaecke","7":"product_cat-zubehoer","8":"pa_colore-dunkelgrau","9":"pa_colore-silber","11":"first","12":"onbackorder","13":"shipping-taxable","14":"purchasable","15":"product-type-variable","16":"has-default-attributes"},"acf":[],"_links":{"self":[{"href":"https:\/\/www.protoxtype.com\/de\/wp-json\/wp\/v2\/product\/7471","targetHints":{"allow":["GET"]}}],"collection":[{"href":"https:\/\/www.protoxtype.com\/de\/wp-json\/wp\/v2\/product"}],"about":[{"href":"https:\/\/www.protoxtype.com\/de\/wp-json\/wp\/v2\/types\/product"}],"version-history":[{"count":0,"href":"https:\/\/www.protoxtype.com\/de\/wp-json\/wp\/v2\/product\/7471\/revisions"}],"wp:featuredmedia":[{"embeddable":true,"href":"https:\/\/www.protoxtype.com\/de\/wp-json\/wp\/v2\/media\/5128"}],"wp:attachment":[{"href":"https:\/\/www.protoxtype.com\/de\/wp-json\/wp\/v2\/media?parent=7471"}],"wp:term":[{"taxonomy":"product_brand","embeddable":true,"href":"https:\/\/www.protoxtype.com\/de\/wp-json\/wp\/v2\/product_brand?post=7471"},{"taxonomy":"product_cat","embeddable":true,"href":"https:\/\/www.protoxtype.com\/de\/wp-json\/wp\/v2\/product_cat?post=7471"},{"taxonomy":"product_tag","embeddable":true,"href":"https:\/\/www.protoxtype.com\/de\/wp-json\/wp\/v2\/product_tag?post=7471"}],"curies":[{"name":"wp","href":"https:\/\/api.w.org\/{rel}","templated":true}]}}