{"id":7468,"date":"2019-11-14T00:12:06","date_gmt":"2019-11-13T23:12:06","guid":{"rendered":"http:\/\/www.protoxtype.com\/prodotto\/borsa-a-tracolla-porta-computer-con-chiusura-a-risvolto\/"},"modified":"2024-01-25T11:51:02","modified_gmt":"2024-01-25T10:51:02","slug":"laptoptasche-15-zoll-mit-klappverschluss","status":"publish","type":"product","link":"https:\/\/www.protoxtype.com\/de\/laptoptasche-15-zoll-mit-klappverschluss\/","title":{"rendered":"Laptoptasche 15 zoll mit Klappverschluss"},"content":{"rendered":"<h2>Laptoptasche 15 zoll mit Klappverschluss<\/h2>\n<p>Der Laptoptasche 15 zoll mit\u00a0 Klappverschluss\u00a0 bietet noch mehr Schutz f\u00fcr Ihren 15&#8243; Computer. Es hat nur ein ger\u00e4umiges Fach, in dem sich auf der einen Seite eine gepolsterte Tasche f\u00fcr Ihren Laptop befindet, auf der anderen Seite gibt es kleine F\u00e4cher f\u00fcr Stifte, Telefone und anderes Zubeh\u00f6r, die es perfekt f\u00fcr unterwegs machen. Auch in dieser Tasche sind alle Reissverschl\u00fcsse wasserdicht, so dass Ihre Waren trocken zu bleiben. Dar\u00fcber hinaus sind alle Stoffe schnittfest und wasserabweisend.<\/p>\n<p>Ger\u00e4umig, wasserabweisend, schnittfest: Alle unsere Accessoires haben eine starke Best\u00e4ndigkeit gegen Wasser und schlechtes Wetter. Und wenn dich pl\u00f6tzlich ein Schauer erwischt, kein Problem! <a href=\"https:\/\/www.protoxtype.com\/de\/der-ideale-ratgeber-fuer-ihre-weihnachtsgeschenke\/\">Der gesamte Inhalt Ihrer<\/a> Computertasche bleibt gesch\u00fctzt und trocken.<\/p>\n<p><span class=\"VIiyi\" lang=\"de\"><span class=\"JLqJ4b ChMk0b\" data-language-for-alternatives=\"de\" data-language-to-translate-into=\"it\" data-phrase-index=\"0\" data-number-of-phrases=\"5\"><span class=\"Q4iAWc\">Au\u00dfenma\u00dfe: H\u00f6he 35 cm \u2013 Breite 40 cm \u2013 Dicke 8 cm<\/span><\/span><\/span><\/p>\n<p>&#8212;-<\/p>\n<p>63% Nylon 37% Polyester<\/p>\n","protected":false},"excerpt":{"rendered":"<p>Laptoptasche 15 zoll mit Klappverschluss Der Laptoptasche 15 zoll mit\u00a0 Klappverschluss\u00a0 bietet noch mehr Schutz f\u00fcr Ihren 15&#8243; Computer. Es hat nur ein ger\u00e4umiges Fach, in dem sich auf der einen Seite eine gepolsterte Tasche f\u00fcr Ihren Laptop befindet, auf der anderen Seite gibt es kleine F\u00e4cher f\u00fcr Stifte, Telefone und anderes Zubeh\u00f6r, die es [&hellip;]<\/p>\n","protected":false},"featured_media":5149,"template":"","meta":{"_acf_changed":false},"product_brand":[],"product_cat":[206,204],"product_tag":[],"class_list":{"0":"post-7468","1":"product","2":"type-product","3":"status-publish","4":"has-post-thumbnail","6":"product_cat-laptoptaschen-15-zoll","7":"product_cat-zubehoer","8":"pa_colore-dunkelgrau","9":"pa_colore-silber","11":"first","12":"onbackorder","13":"shipping-taxable","14":"purchasable","15":"product-type-variable","16":"has-default-attributes"},"acf":[],"_links":{"self":[{"href":"https:\/\/www.protoxtype.com\/de\/wp-json\/wp\/v2\/product\/7468","targetHints":{"allow":["GET"]}}],"collection":[{"href":"https:\/\/www.protoxtype.com\/de\/wp-json\/wp\/v2\/product"}],"about":[{"href":"https:\/\/www.protoxtype.com\/de\/wp-json\/wp\/v2\/types\/product"}],"version-history":[{"count":0,"href":"https:\/\/www.protoxtype.com\/de\/wp-json\/wp\/v2\/product\/7468\/revisions"}],"wp:featuredmedia":[{"embeddable":true,"href":"https:\/\/www.protoxtype.com\/de\/wp-json\/wp\/v2\/media\/5149"}],"wp:attachment":[{"href":"https:\/\/www.protoxtype.com\/de\/wp-json\/wp\/v2\/media?parent=7468"}],"wp:term":[{"taxonomy":"product_brand","embeddable":true,"href":"https:\/\/www.protoxtype.com\/de\/wp-json\/wp\/v2\/product_brand?post=7468"},{"taxonomy":"product_cat","embeddable":true,"href":"https:\/\/www.protoxtype.com\/de\/wp-json\/wp\/v2\/product_cat?post=7468"},{"taxonomy":"product_tag","embeddable":true,"href":"https:\/\/www.protoxtype.com\/de\/wp-json\/wp\/v2\/product_tag?post=7468"}],"curies":[{"name":"wp","href":"https:\/\/api.w.org\/{rel}","templated":true}]}}