{"id":7467,"date":"2019-11-14T00:12:08","date_gmt":"2019-11-13T23:12:08","guid":{"rendered":"http:\/\/www.protoxtype.com\/prodotto\/zaino-dynamic-travel-version\/"},"modified":"2024-01-25T11:44:25","modified_gmt":"2024-01-25T10:44:25","slug":"rucksack-abenteuer-dynamische-reiseversion-415-lt","status":"publish","type":"product","link":"https:\/\/www.protoxtype.com\/de\/rucksack-abenteuer-dynamische-reiseversion-415-lt\/","title":{"rendered":"Rucksack abenteuer &#8211; Dynamische Reiseversion 41,5 Lt"},"content":{"rendered":"<h2>Rucksack abenteuer &#8211; Dynamische Reiseversion 41,5 Lt<\/h2>\n<p>Dieser Rucksack abenteuer &#8211; Dynamische Reiseversion 41,5 Lt hat zwei lange Vordertaschen, eine ovbere und zwei kelinere, aber sehr praktische Seitentaschen. Es hat zwei F\u00e4cher: das \u00e4usserste ist extrem ger\u00e4umig, w\u00e4hrend das andere die unvermeidliche gepolsterte Tasche f\u00fcr den Laptop und zus\u00e4tzliche F\u00e4cher f\u00fcr Dokumente enth\u00e4lt. Alle Reissverschl\u00fcsse sind wasserdicht und das Gewebe ist schnittfest und wasserabweisend.<\/p>\n<p>Ger\u00e4umig, wasserabweisend, schnittfest: Alle unsere Accessoires haben eine starke Best\u00e4ndigkeit gegen Wasser und schlechtes Wetter. Und wenn dich pl\u00f6tzlich ein Schauer erwischt, kein Problem! <a href=\"https:\/\/www.protoxtype.com\/de\/der-ideale-ratgeber-fuer-ihre-weihnachtsgeschenke\/\">Der gesamte Inhalt Ihres<\/a> Rucksacks bleibt gesch\u00fctzt und trocken.<\/p>\n<p><span class=\"VIiyi\" lang=\"de\"><span class=\"JLqJ4b ChMk0b\" data-language-for-alternatives=\"de\" data-language-to-translate-into=\"it\" data-phrase-index=\"0\" data-number-of-phrases=\"3\"><span class=\"Q4iAWc\">Au\u00dfenma\u00dfe: H\u00f6he 47 cm &#8211; Breite 34 cm &#8211; Dicke 26 cm<\/span><\/span> <\/span><\/p>\n<p><span class=\"VIiyi\" lang=\"de\"><span class=\"JLqJ4b ChMk0b\" data-language-for-alternatives=\"de\" data-language-to-translate-into=\"it\" data-phrase-index=\"2\" data-number-of-phrases=\"3\"><span class=\"Q4iAWc\">Fassungsverm\u00f6gen: 41,5 Liter<\/span><\/span><\/span><\/p>\n<p>&#8212;-<\/p>\n<p>63% Nylon 37% Polyester<\/p>\n","protected":false},"excerpt":{"rendered":"<p>Rucksack abenteuer &#8211; Dynamische Reiseversion 41,5 Lt Dieser Rucksack abenteuer &#8211; Dynamische Reiseversion 41,5 Lt hat zwei lange Vordertaschen, eine ovbere und zwei kelinere, aber sehr praktische Seitentaschen. Es hat zwei F\u00e4cher: das \u00e4usserste ist extrem ger\u00e4umig, w\u00e4hrend das andere die unvermeidliche gepolsterte Tasche f\u00fcr den Laptop und zus\u00e4tzliche F\u00e4cher f\u00fcr Dokumente enth\u00e4lt. Alle Reissverschl\u00fcsse [&hellip;]<\/p>\n","protected":false},"featured_media":5161,"template":"","meta":{"_acf_changed":false},"product_brand":[],"product_cat":[207,204],"product_tag":[],"class_list":{"0":"post-7467","1":"product","2":"type-product","3":"status-publish","4":"has-post-thumbnail","6":"product_cat-rucksaecke","7":"product_cat-zubehoer","8":"pa_colore-dunkelgrau","10":"first","11":"onbackorder","12":"shipping-taxable","13":"purchasable","14":"product-type-simple"},"acf":[],"_links":{"self":[{"href":"https:\/\/www.protoxtype.com\/de\/wp-json\/wp\/v2\/product\/7467","targetHints":{"allow":["GET"]}}],"collection":[{"href":"https:\/\/www.protoxtype.com\/de\/wp-json\/wp\/v2\/product"}],"about":[{"href":"https:\/\/www.protoxtype.com\/de\/wp-json\/wp\/v2\/types\/product"}],"version-history":[{"count":0,"href":"https:\/\/www.protoxtype.com\/de\/wp-json\/wp\/v2\/product\/7467\/revisions"}],"wp:featuredmedia":[{"embeddable":true,"href":"https:\/\/www.protoxtype.com\/de\/wp-json\/wp\/v2\/media\/5161"}],"wp:attachment":[{"href":"https:\/\/www.protoxtype.com\/de\/wp-json\/wp\/v2\/media?parent=7467"}],"wp:term":[{"taxonomy":"product_brand","embeddable":true,"href":"https:\/\/www.protoxtype.com\/de\/wp-json\/wp\/v2\/product_brand?post=7467"},{"taxonomy":"product_cat","embeddable":true,"href":"https:\/\/www.protoxtype.com\/de\/wp-json\/wp\/v2\/product_cat?post=7467"},{"taxonomy":"product_tag","embeddable":true,"href":"https:\/\/www.protoxtype.com\/de\/wp-json\/wp\/v2\/product_tag?post=7467"}],"curies":[{"name":"wp","href":"https:\/\/api.w.org\/{rel}","templated":true}]}}