{"id":59731,"date":"2023-06-09T13:45:22","date_gmt":"2023-06-09T11:45:22","guid":{"rendered":"https:\/\/www.protoxtype.com\/shop\/unkategorisiert\/herren-poloshirt-aus-bambus\/"},"modified":"2024-01-22T08:21:49","modified_gmt":"2024-01-22T07:21:49","slug":"poloshirt-herren-aus-bambus","status":"publish","type":"product","link":"https:\/\/www.protoxtype.com\/de\/poloshirt-herren-aus-bambus\/","title":{"rendered":"Poloshirt Herren aus Bambus"},"content":{"rendered":"<h2>Poloshirt Herren aus Bambus<\/h2>\n<p>Dieses <a href=\"https:\/\/www.protoxtype.com\/de\/damen-t-shirt-naturfasern\/damen-poloshirt-aus-bambus\/\">Poloshirt<\/a> Herren aus Bambus ist extrem weich, seidig auf der Haut und antipilling.<\/p>\n<p>Das Bambusgewebe erm\u00f6glicht dieses Polo allergiegetestet, atmungsaktiv, antibakteriell zu sein und den K\u00f6rper vor UV-Strahlen zu sch\u00fctzen.<\/p>\n<p>Es wird Ihren K\u00f6rper 1 bis 2 Grad k\u00fchler als jede andere Art von Stoff halten und wird Feuchtigkeit und Schwei\u00df aber trotzdem keine Ger\u00fcche absorbieren.<\/p>\n<p>Wie alle unsere Kleidungsst\u00fccke wurde auch dieses Polo auf dreidimensionalen Modellen gebaut, um ergonomische Leistungen und totale Bewegungsfreiheit zu erm\u00f6glichen.<\/p>\n<p>&#8211;<\/p>\n<p>62% Bamboo\u00a0 35% Polyester\u00a0 3% Spandex<\/p>\n","protected":false},"excerpt":{"rendered":"<p>Poloshirt Herren aus Bambus Dieses Poloshirt Herren aus Bambus ist extrem weich, seidig auf der Haut und antipilling. Das Bambusgewebe erm\u00f6glicht dieses Polo allergiegetestet, atmungsaktiv, antibakteriell zu sein und den K\u00f6rper vor UV-Strahlen zu sch\u00fctzen. Es wird Ihren K\u00f6rper 1 bis 2 Grad k\u00fchler als jede andere Art von Stoff halten und wird Feuchtigkeit und [&hellip;]<\/p>\n","protected":false},"featured_media":63614,"template":"","meta":{"_acf_changed":false},"product_brand":[],"product_cat":[562,694,695,225,675],"product_tag":[],"class_list":{"0":"post-59731","1":"product","2":"type-product","3":"status-publish","4":"has-post-thumbnail","6":"product_cat-bambuskleidung-herren","7":"product_cat-bootsbekleidung","8":"product_cat-bootsbekleidung-fur-herren","9":"product_cat-herren-t-shirt-naturfasern","10":"product_cat-outdoor-bekleidung-herren","11":"pa_colore-navy-de","12":"pa_colore-sand-de","13":"pa_colore-waldgrun","14":"pa_taglia-l-de","15":"pa_taglia-m-de","16":"pa_taglia-s-de","17":"pa_taglia-xl-de","18":"pa_taglia-xxl-de","19":"pa_taglia-xxxl-de","21":"first","22":"instock","23":"shipping-taxable","24":"purchasable","25":"product-type-variable","26":"has-default-attributes"},"acf":[],"_links":{"self":[{"href":"https:\/\/www.protoxtype.com\/de\/wp-json\/wp\/v2\/product\/59731","targetHints":{"allow":["GET"]}}],"collection":[{"href":"https:\/\/www.protoxtype.com\/de\/wp-json\/wp\/v2\/product"}],"about":[{"href":"https:\/\/www.protoxtype.com\/de\/wp-json\/wp\/v2\/types\/product"}],"version-history":[{"count":0,"href":"https:\/\/www.protoxtype.com\/de\/wp-json\/wp\/v2\/product\/59731\/revisions"}],"wp:featuredmedia":[{"embeddable":true,"href":"https:\/\/www.protoxtype.com\/de\/wp-json\/wp\/v2\/media\/63614"}],"wp:attachment":[{"href":"https:\/\/www.protoxtype.com\/de\/wp-json\/wp\/v2\/media?parent=59731"}],"wp:term":[{"taxonomy":"product_brand","embeddable":true,"href":"https:\/\/www.protoxtype.com\/de\/wp-json\/wp\/v2\/product_brand?post=59731"},{"taxonomy":"product_cat","embeddable":true,"href":"https:\/\/www.protoxtype.com\/de\/wp-json\/wp\/v2\/product_cat?post=59731"},{"taxonomy":"product_tag","embeddable":true,"href":"https:\/\/www.protoxtype.com\/de\/wp-json\/wp\/v2\/product_tag?post=59731"}],"curies":[{"name":"wp","href":"https:\/\/api.w.org\/{rel}","templated":true}]}}