{"id":59502,"date":"2023-06-09T12:53:03","date_gmt":"2023-06-09T10:53:03","guid":{"rendered":"https:\/\/www.protoxtype.com\/?post_type=product&#038;p=59502"},"modified":"2024-01-22T08:24:25","modified_gmt":"2024-01-22T07:24:25","slug":"poloshirt-damen-aus-bambus","status":"publish","type":"product","link":"https:\/\/www.protoxtype.com\/de\/poloshirt-damen-aus-bambus\/","title":{"rendered":"Poloshirt Damen aus Bambus"},"content":{"rendered":"<h2>Poloshirt Damen aus Bambus<\/h2>\n<p>Dieses <a href=\"https:\/\/www.protoxtype.com\/de\/herren-t-shirt-naturfasern\/poloshirt-herren-aus-bambus\/\">Poloshirt<\/a> Damen aus Bambus ist extrem weich, seidig auf der Haut und antipilling.<\/p>\n<p>Das Bambusgewebe erm\u00f6glicht dieses Polo allergiegetestet, atmungsaktiv, antibakteriell zu sein und den K\u00f6rper vor UV-Strahlen zu sch\u00fctzen.<\/p>\n<p>Es wird Ihren K\u00f6rper 1 bis 2 Grad k\u00fchler als jede andere Art von Stoff halten und wird Feuchtigkeit und Schwei\u00df aber trotzdem keine Ger\u00fcche absorbieren.<\/p>\n<p>Wie alle unsere Kleidungsst\u00fccke wurde auch dieses Polo auf dreidimensionalen Modellen gebaut, um ergonomische Leistungen und totale Bewegungsfreiheit zu erm\u00f6glichen.<\/p>\n<p>&#8212;-<\/p>\n<p>62%Bamboo 35%Polyester 3%Spandex<\/p>\n","protected":false},"excerpt":{"rendered":"<p>Poloshirt Damen aus Bambus Dieses Poloshirt Damen aus Bambus ist extrem weich, seidig auf der Haut und antipilling. Das Bambusgewebe erm\u00f6glicht dieses Polo allergiegetestet, atmungsaktiv, antibakteriell zu sein und den K\u00f6rper vor UV-Strahlen zu sch\u00fctzen. Es wird Ihren K\u00f6rper 1 bis 2 Grad k\u00fchler als jede andere Art von Stoff halten und wird Feuchtigkeit und [&hellip;]<\/p>\n","protected":false},"featured_media":61201,"template":"","meta":{"_acf_changed":false},"product_brand":[],"product_cat":[561,694,696,217,662],"product_tag":[],"class_list":{"0":"post-59502","1":"product","2":"type-product","3":"status-publish","4":"has-post-thumbnail","6":"product_cat-bambuskleidung-damen","7":"product_cat-bootsbekleidung","8":"product_cat-bootsbekleidung-fur-damen","9":"product_cat-damen-t-shirt-naturfasern","10":"product_cat-outdoor-bekleidung-damen","11":"pa_colore-navy-de","12":"pa_colore-sand-de","13":"pa_colore-waldgrun","14":"pa_taglia-l-de","15":"pa_taglia-m-de","16":"pa_taglia-s-de","17":"pa_taglia-xl-de","18":"pa_taglia-xs-de","19":"pa_taglia-xxl-de","20":"pa_taglia-xxxl-de","22":"first","23":"onbackorder","24":"shipping-taxable","25":"purchasable","26":"product-type-variable","27":"has-default-attributes"},"acf":[],"_links":{"self":[{"href":"https:\/\/www.protoxtype.com\/de\/wp-json\/wp\/v2\/product\/59502","targetHints":{"allow":["GET"]}}],"collection":[{"href":"https:\/\/www.protoxtype.com\/de\/wp-json\/wp\/v2\/product"}],"about":[{"href":"https:\/\/www.protoxtype.com\/de\/wp-json\/wp\/v2\/types\/product"}],"version-history":[{"count":0,"href":"https:\/\/www.protoxtype.com\/de\/wp-json\/wp\/v2\/product\/59502\/revisions"}],"wp:featuredmedia":[{"embeddable":true,"href":"https:\/\/www.protoxtype.com\/de\/wp-json\/wp\/v2\/media\/61201"}],"wp:attachment":[{"href":"https:\/\/www.protoxtype.com\/de\/wp-json\/wp\/v2\/media?parent=59502"}],"wp:term":[{"taxonomy":"product_brand","embeddable":true,"href":"https:\/\/www.protoxtype.com\/de\/wp-json\/wp\/v2\/product_brand?post=59502"},{"taxonomy":"product_cat","embeddable":true,"href":"https:\/\/www.protoxtype.com\/de\/wp-json\/wp\/v2\/product_cat?post=59502"},{"taxonomy":"product_tag","embeddable":true,"href":"https:\/\/www.protoxtype.com\/de\/wp-json\/wp\/v2\/product_tag?post=59502"}],"curies":[{"name":"wp","href":"https:\/\/api.w.org\/{rel}","templated":true}]}}