{"id":57290,"date":"2022-12-20T13:32:19","date_gmt":"2022-12-20T12:32:19","guid":{"rendered":"https:\/\/www.protoxtype.com\/shop\/unkategorisiert\/bambussocken\/"},"modified":"2025-12-30T14:40:41","modified_gmt":"2025-12-30T13:40:41","slug":"bambussocken","status":"publish","type":"product","link":"https:\/\/www.protoxtype.com\/de\/bambussocken\/","title":{"rendered":"Bambussocken"},"content":{"rendered":"<h2>Bambussocken<\/h2>\n<p>Diese Bambussocken sind ideal f\u00fcr alle Jahreszeiten! Sie sind atmungsaktiv und antibakteriell und passen sich dem Fu\u00df an wie ein Handschuh. Das Bambusgewebe macht sie au\u00dferdem super weich, und gem\u00fctlich!<\/p>\n<p>Die Socken werden in Packungen <a href=\"https:\/\/www.protoxtype.com\/de\/herrenhemden-naturfasern\/herren-hemd-aus-hanfstoff-und-bio-baumwolle-mit-kurzen-aermeln\/\">mit 3 Paar f\u00fcr kurze Socken und<\/a> 2 Paar f\u00fcr lange Socken geliefert.<\/p>\n<p>Einheitsgr\u00f6\u00dfe<\/p>\n<p>Zusammensetzung: 80\u00a0% Bambus, 17\u00a0% Nylon, 3\u00a0% Spandex<\/p>\n","protected":false},"excerpt":{"rendered":"<p>Bambussocken Diese Bambussocken sind ideal f\u00fcr alle Jahreszeiten! Sie sind atmungsaktiv und antibakteriell und passen sich dem Fu\u00df an wie ein Handschuh. Das Bambusgewebe macht sie au\u00dferdem super weich, und gem\u00fctlich! Die Socken werden in Packungen mit 3 Paar f\u00fcr kurze Socken und 2 Paar f\u00fcr lange Socken geliefert. Einheitsgr\u00f6\u00dfe Zusammensetzung: 80\u00a0% Bambus, 17\u00a0% Nylon, [&hellip;]<\/p>\n","protected":false},"featured_media":57208,"template":"","meta":{"_acf_changed":false},"product_brand":[],"product_cat":[211,666,221,673,662,675,584],"product_tag":[],"class_list":{"0":"post-57290","1":"product","2":"type-product","3":"status-publish","4":"has-post-thumbnail","6":"product_cat-unterwaesche-damen","7":"product_cat-damenunterwasche-naturfasern","8":"product_cat-unterwaesche-mann","9":"product_cat-herrenunterwasche-aus-naturfasern","10":"product_cat-outdoor-bekleidung-damen","11":"product_cat-outdoor-bekleidung-herren","12":"product_cat-socken","13":"pa_colore-dunkelgrau","14":"pa_colore-schwarz","15":"pa_colore-weiss","16":"pa_versione-kurz-packung-mit-3-paaren","17":"pa_versione-lang-packung-mit-2-paaren","19":"first","20":"onbackorder","21":"shipping-taxable","22":"purchasable","23":"product-type-variable","24":"has-default-attributes"},"acf":[],"_links":{"self":[{"href":"https:\/\/www.protoxtype.com\/de\/wp-json\/wp\/v2\/product\/57290","targetHints":{"allow":["GET"]}}],"collection":[{"href":"https:\/\/www.protoxtype.com\/de\/wp-json\/wp\/v2\/product"}],"about":[{"href":"https:\/\/www.protoxtype.com\/de\/wp-json\/wp\/v2\/types\/product"}],"version-history":[{"count":0,"href":"https:\/\/www.protoxtype.com\/de\/wp-json\/wp\/v2\/product\/57290\/revisions"}],"wp:featuredmedia":[{"embeddable":true,"href":"https:\/\/www.protoxtype.com\/de\/wp-json\/wp\/v2\/media\/57208"}],"wp:attachment":[{"href":"https:\/\/www.protoxtype.com\/de\/wp-json\/wp\/v2\/media?parent=57290"}],"wp:term":[{"taxonomy":"product_brand","embeddable":true,"href":"https:\/\/www.protoxtype.com\/de\/wp-json\/wp\/v2\/product_brand?post=57290"},{"taxonomy":"product_cat","embeddable":true,"href":"https:\/\/www.protoxtype.com\/de\/wp-json\/wp\/v2\/product_cat?post=57290"},{"taxonomy":"product_tag","embeddable":true,"href":"https:\/\/www.protoxtype.com\/de\/wp-json\/wp\/v2\/product_tag?post=57290"}],"curies":[{"name":"wp","href":"https:\/\/api.w.org\/{rel}","templated":true}]}}