{"id":56753,"date":"2022-11-24T15:13:21","date_gmt":"2022-11-24T14:13:21","guid":{"rendered":"https:\/\/www.protoxtype.com\/shop\/unkategorisiert\/langer-damenmantel\/"},"modified":"2024-01-22T08:29:54","modified_gmt":"2024-01-22T07:29:54","slug":"langer-damenmantel","status":"publish","type":"product","link":"https:\/\/www.protoxtype.com\/de\/langer-damenmantel\/","title":{"rendered":"Langer Damenmantel"},"content":{"rendered":"<h2>Langer Damenmantel<\/h2>\n<p>Dieser elegante Langer Damenmantel sch\u00fctzt vor K\u00e4lte bis -5\u00b0 C bei Windstille. Die f\u00fcr Polsterung verwendete Daunenfeder ist 90\/10, unter den w\u00e4rmsten auf dem Markt und sie wird den ganzen Winter vor K\u00e4lte sch\u00fctzen. Dieser Mantel is wasserabweisend und atmungsaktiv, was seine Leistungsf\u00e4higkeit zus\u00e4tzlich steigert. Dieses elegante und vielseitige Kleidungsst\u00fcck ist nach dreidimensionalen Mustern gefertigt, f\u00fcr maximalen Komfort und Bewegungsfreiheit.<br \/>\nDas Model tr\u00e4gt Gr\u00f6\u00dfe L<br \/>\nKomposition: 79% Nylon 21% Spandex Lycra Knitted Fabric &#8211; Polsterung Feder 90\/10<\/p>\n","protected":false},"excerpt":{"rendered":"<p>Langer Damenmantel Dieser elegante Langer Damenmantel sch\u00fctzt vor K\u00e4lte bis -5\u00b0 C bei Windstille. Die f\u00fcr Polsterung verwendete Daunenfeder ist 90\/10, unter den w\u00e4rmsten auf dem Markt und sie wird den ganzen Winter vor K\u00e4lte sch\u00fctzen. Dieser Mantel is wasserabweisend und atmungsaktiv, was seine Leistungsf\u00e4higkeit zus\u00e4tzlich steigert. Dieses elegante und vielseitige Kleidungsst\u00fcck ist nach dreidimensionalen [&hellip;]<\/p>\n","protected":false},"featured_media":60002,"template":"","meta":{"_acf_changed":false},"product_brand":[],"product_cat":[591,592,216,210,677,662],"product_tag":[],"class_list":{"0":"post-56753","1":"product","2":"type-product","3":"status-publish","4":"has-post-thumbnail","6":"product_cat-als-beweis","7":"product_cat-ankundigungen","8":"product_cat-jacken-damen","9":"product_cat-damenbekleidung-technische-stoffe","10":"product_cat-damenjacken-aus-technischen-stoffen","11":"product_cat-outdoor-bekleidung-damen","12":"pa_colore-blau","13":"pa_colore-weiss","14":"pa_taglia-l-de","15":"pa_taglia-m-de","16":"pa_taglia-s-de","17":"pa_taglia-xl-de","19":"first","20":"onbackorder","21":"shipping-taxable","22":"purchasable","23":"product-type-variable","24":"has-default-attributes"},"acf":[],"_links":{"self":[{"href":"https:\/\/www.protoxtype.com\/de\/wp-json\/wp\/v2\/product\/56753","targetHints":{"allow":["GET"]}}],"collection":[{"href":"https:\/\/www.protoxtype.com\/de\/wp-json\/wp\/v2\/product"}],"about":[{"href":"https:\/\/www.protoxtype.com\/de\/wp-json\/wp\/v2\/types\/product"}],"version-history":[{"count":0,"href":"https:\/\/www.protoxtype.com\/de\/wp-json\/wp\/v2\/product\/56753\/revisions"}],"wp:featuredmedia":[{"embeddable":true,"href":"https:\/\/www.protoxtype.com\/de\/wp-json\/wp\/v2\/media\/60002"}],"wp:attachment":[{"href":"https:\/\/www.protoxtype.com\/de\/wp-json\/wp\/v2\/media?parent=56753"}],"wp:term":[{"taxonomy":"product_brand","embeddable":true,"href":"https:\/\/www.protoxtype.com\/de\/wp-json\/wp\/v2\/product_brand?post=56753"},{"taxonomy":"product_cat","embeddable":true,"href":"https:\/\/www.protoxtype.com\/de\/wp-json\/wp\/v2\/product_cat?post=56753"},{"taxonomy":"product_tag","embeddable":true,"href":"https:\/\/www.protoxtype.com\/de\/wp-json\/wp\/v2\/product_tag?post=56753"}],"curies":[{"name":"wp","href":"https:\/\/api.w.org\/{rel}","templated":true}]}}