{"id":55829,"date":"2022-09-09T11:14:48","date_gmt":"2022-09-09T09:14:48","guid":{"rendered":"https:\/\/www.protoxtype.com\/shop\/unkategorisiert\/blaue-bio-jeans-mit-7-taschen\/"},"modified":"2024-01-22T08:40:53","modified_gmt":"2024-01-22T07:40:53","slug":"bio-jeanshosen-damen-7-taschen-in-blau","status":"publish","type":"product","link":"https:\/\/www.protoxtype.com\/de\/bio-jeanshosen-damen-7-taschen-in-blau\/","title":{"rendered":"Bio jeanshosen damen 7 Taschen in Blau"},"content":{"rendered":"<h2>Bio jeanshosen damen 7 Taschen in Blau<\/h2>\n<p>Unsere 7-Pocket Bio <a href=\"https:\/\/www.protoxtype.com\/de\/bio-baumwolle-kleidung-damen\/bio-jeans-fur-damen-7-taschen-camouflage-blau\/\">jeanshosen damen<\/a> in Blau sind auf dreidimensionalen Mustern gefertigt, um absolute Bewegungsfreiheit und Komfort zu bieten. Diese Jeans ist hypoallergen, atmungsaktiv, Anti-Pilling und bleibt sehr weich auf der Haut, was Ihnen ein Gef\u00fchl von angenehmer Leichtigkeit verleiht.<br \/>\nDas Model tr\u00e4gt Gr\u00f6\u00dfe L<\/p>\n<p>Zusammensetzung: 95 % Bio-Baumwolle, 5 % Spandex<\/p>\n","protected":false},"excerpt":{"rendered":"<p>Bio jeanshosen damen 7 Taschen in Blau Unsere 7-Pocket Bio jeanshosen damen in Blau sind auf dreidimensionalen Mustern gefertigt, um absolute Bewegungsfreiheit und Komfort zu bieten. Diese Jeans ist hypoallergen, atmungsaktiv, Anti-Pilling und bleibt sehr weich auf der Haut, was Ihnen ein Gef\u00fchl von angenehmer Leichtigkeit verleiht. Das Model tr\u00e4gt Gr\u00f6\u00dfe L Zusammensetzung: 95 % [&hellip;]<\/p>\n","protected":false},"featured_media":55091,"template":"","meta":{"_acf_changed":false},"product_brand":[],"product_cat":[556,694,696,664,669,662],"product_tag":[],"class_list":{"0":"post-55829","1":"product","2":"type-product","3":"status-publish","4":"has-post-thumbnail","6":"product_cat-bio-baumwolle-kleidung-damen","7":"product_cat-bootsbekleidung","8":"product_cat-bootsbekleidung-fur-damen","9":"product_cat-damenbekleidung-aus-naturfasern","10":"product_cat-damenhosen-aus-naturfasern","11":"product_cat-outdoor-bekleidung-damen","12":"pa_colore-blau","13":"pa_taglia-l-de","14":"pa_taglia-m-de","15":"pa_taglia-s-de","16":"pa_taglia-xl-de","17":"pa_taglia-xs-de","19":"first","20":"instock","21":"shipping-taxable","22":"purchasable","23":"product-type-variable","24":"has-default-attributes"},"acf":[],"_links":{"self":[{"href":"https:\/\/www.protoxtype.com\/de\/wp-json\/wp\/v2\/product\/55829","targetHints":{"allow":["GET"]}}],"collection":[{"href":"https:\/\/www.protoxtype.com\/de\/wp-json\/wp\/v2\/product"}],"about":[{"href":"https:\/\/www.protoxtype.com\/de\/wp-json\/wp\/v2\/types\/product"}],"version-history":[{"count":0,"href":"https:\/\/www.protoxtype.com\/de\/wp-json\/wp\/v2\/product\/55829\/revisions"}],"wp:featuredmedia":[{"embeddable":true,"href":"https:\/\/www.protoxtype.com\/de\/wp-json\/wp\/v2\/media\/55091"}],"wp:attachment":[{"href":"https:\/\/www.protoxtype.com\/de\/wp-json\/wp\/v2\/media?parent=55829"}],"wp:term":[{"taxonomy":"product_brand","embeddable":true,"href":"https:\/\/www.protoxtype.com\/de\/wp-json\/wp\/v2\/product_brand?post=55829"},{"taxonomy":"product_cat","embeddable":true,"href":"https:\/\/www.protoxtype.com\/de\/wp-json\/wp\/v2\/product_cat?post=55829"},{"taxonomy":"product_tag","embeddable":true,"href":"https:\/\/www.protoxtype.com\/de\/wp-json\/wp\/v2\/product_tag?post=55829"}],"curies":[{"name":"wp","href":"https:\/\/api.w.org\/{rel}","templated":true}]}}